{"id":1102,"date":"2023-01-12T13:18:57","date_gmt":"2023-01-12T13:18:57","guid":{"rendered":"https:\/\/livinghome.vn\/thiet-bi\/?post_type=product&#038;p=1102"},"modified":"2024-11-29T14:20:47","modified_gmt":"2024-11-29T07:20:47","slug":"may-rua-chen-klarstein-kl-amazonia-dung-tich-8-bo-06-chuong-trinh-rua-sieu-sach","status":"publish","type":"product","link":"https:\/\/livinghome.vn\/thiet-bi\/may-rua-chen-klarstein-kl-amazonia-dung-tich-8-bo-06-chuong-trinh-rua-sieu-sach\/","title":{"rendered":"M\u00e1y r\u1eeda ch\u00e9n Klarstein KL-AMAZONIA dung t\u00edch 8 b\u1ed9 &#8211; 06 ch\u01b0\u01a1ng tr\u00ecnh r\u1eeda si\u00eau s\u1ea1ch"},"content":{"rendered":"<h2>M\u00e1y r\u1eeda ch\u00e9n Klarstein KL-AMAZONIA 8 b\u1ed9 c\u00f3 h\u1ec7 th\u1ed1ng ch\u1ed1ng r\u1ec9 n\u01b0\u1edbc Aquastop<\/h2>\n<figure id=\"attachment_66528\" aria-describedby=\"caption-attachment-66528\" style=\"width: 800px\" class=\"wp-caption alignnone\"><img loading=\"lazy\" decoding=\"async\" class=\"size-large wp-image-66528\" src=\"https:\/\/livinghome.vn\/thiet-bi\/wp-content\/uploads\/nha-bep\/klarstein\/may-rua-chen\/may-rua-chen-klarstein-kl-amazonia-8bo\/may-rua-chen-klarstein-kl-amazonia-8bo-800x800.jpg\" alt=\"M\u00e1y r\u1eeda ch\u00e9n Klarstein KL-AMAZONIA\" width=\"800\" height=\"800\" title=\"\"><figcaption id=\"caption-attachment-66528\" class=\"wp-caption-text\">M\u00e1y r\u1eeda ch\u00e9n Klarstein KL-AMAZONIA<\/figcaption><\/figure>\n<h3 class=\"xw_product-section-extra\">\u0110\u1eb7c T\u00ednh N\u1ed5i B\u1eadt<\/h3>\n<div class=\"xw_product-section-extra\">\n<p>M\u00e1y r\u1eeda b\u00e1t mini thanh l\u1ecbch v\u1edbi c\u00f4ng su\u1ea5t t\u1ed1i \u0111a 1620 W v\u00e0 kh\u00f4ng gian cho 8 b\u1ed9 b\u00e1t \u0111\u0129a.<\/p>\n<div class=\"entry-content\">\n<div dir=\"auto\">M\u1eb7t tr\u01b0\u1edbc sang tr\u1ecdng v\u1edbi v\u1ebb ngo\u00e0i b\u1eb1ng th\u00e9p kh\u00f4ng g\u1ec9 m\u00e0u b\u1ea1c.<\/div>\n<div dir=\"auto\">6 ch\u01b0\u01a1ng tr\u00ecnh c\u00f3 th\u1ec3 \u0111i\u1ec1u ch\u1ec9nh: chuy\u00ean s\u00e2u, b\u00ecnh th\u01b0\u1eddng, sinh th\u00e1i, th\u1ee7y tinh, 90 ph\u00fat, nhanh.<\/div>\n<\/div>\n<\/div>\n<h3 class=\"xw_product-section-extra\">T\u00ednh n\u0103ng &amp; K\u00edch th\u01b0\u1edbc<\/h3>\n<div class=\"xw_product-section-extra\">\n<div class=\"entry-content\">\n<ul>\n<li>Lo\u1ea1i s\u1ea3n ph\u1ea9m: <a href=\"https:\/\/livinghome.vn\/thiet-bi\/may-rua-chen-bat\/\">M\u00e1y r\u1eeda ch\u00e9n<\/a><\/li>\n<li>Tr\u1ecdng l\u01b0\u1ee3ng: 28 kg.<\/li>\n<li>K\u00edch th\u01b0\u1edbc: 55 x 59 x 49.5 cm ( W x H x D)<\/li>\n<li>H\u00e3ng s\u1ea3n xu\u1ea5t: KLARSTEIN.<\/li>\n<li>N\u01a1i s\u1ea3n xu\u1ea5t:Nh\u1eadp kh\u1ea9u \u0110\u1ee9c<\/li>\n<li>MRB \u2013 Lo\u1ea1i m\u00e1y: M\u00e1y r\u1eeda ch\u00e9n \u0111\u1ed9c l\u1eadp, M\u00e1y r\u1eeda ch\u00e9n mini<\/li>\n<li>M\u00e0u s\u1eafc: B\u1ea1c.<\/li>\n<li>Ch\u1ea5t li\u1ec7u v\u1ecf: Th\u00e9p kh\u00f4ng g\u1ec9<\/li>\n<li>C\u00f4ng su\u1ea5t: 1620W.<\/li>\n<li>\u0110i\u1ec7n \u00e1p: 220-240V ~, 50\/60 Hz.<\/li>\n<li>\u0110\u1ed9 \u1ed3n: 49dB<\/li>\n<\/ul>\n<h3>Ch\u01b0\u01a1ng tr\u00ecnh r\u1eeda:<\/h3>\n<ul>\n<li>Chuy\u00ean s\u00e2u (Intensive),<\/li>\n<li>Th\u01b0\u1eddng (Normal).<\/li>\n<li>Ti\u1ebft ki\u1ec7m (Eco).<\/li>\n<li>Th\u1ee7y tinh (Glass).<\/li>\n<li>90 ph\u00fat.<\/li>\n<li>Nhanh (Fast).<\/li>\n<\/ul>\n<h3 id=\"ftoc-heading-1\" class=\"ftwp-heading\">M\u00c1Y R\u1eecA CH\u00c9N B\u00c1T KLARSTEIN 8 B\u1ed8 AMAZONIA \u0110\u1ed8C L\u1eacP, MINI, TH\u00c9P KH\u00d4NG G\u1ec8<\/h3>\n<p>M\u00e1y r\u1eeda ch\u00e9n Klarstein KL-AMAZONIA 8 b\u1ed9 t\u1ed1i gi\u1ea3n v\u1edbi c\u00f4ng su\u1ea5t t\u1ed1i \u0111a 1620W cho b\u1ea1n nhi\u1ec1u kh\u00f4ng gian \u0111\u1ec3 c\u00f3 th\u1ec3 \u0111\u1eb7t n\u00f3. 06 ch\u01b0\u01a1ng tr\u00ecnh r\u1eeda kh\u00e1c nhau, h\u1ec7 th\u1ed1ng ch\u1ed1ng r\u1ec9 n\u01b0\u1edbc Aquastop, v\u1eadn h\u00e0nh d\u1ec5 d\u00e0ng v\u00e0 2 gi\u00e1 \u0111\u1ec3 dao k\u00e9o c\u00f3 th\u1ec3 th\u00e1o r\u1eddi. M\u1eb7t tr\u01b0\u1edbc sang tr\u1ecdng b\u1eb1ng th\u00e9p kh\u00f4ng g\u1ec9 m\u00e0u b\u1ea1c.<\/p>\n<p>M\u00e1y r\u1eeda ch\u00e9n Klarstein KL-AMAZONIA 8 B\u1ed9 x\u1ee9ng \u0111\u00e1ng l\u00e0 s\u1ef1 l\u1ef1a ch\u1ecdn th\u00f4ng minh cho ng\u00f4i nh\u00e0 c\u1ee7a b\u1ea1n.<\/p>\n<\/div>\n<\/div>\n<h3>THI\u1ebeT K\u1ebe NH\u1ece G\u1eccN, T\u1ed0I GI\u1ea2N NH\u01afNG C\u1ef0C K\u1ef2 SANG TR\u1eccNG<\/h3>\n<div class=\"xw_product-section-extra\">\n<div class=\"entry-content\">\n<p>M\u00e1y r\u1eeda ch\u00e9n Klarstein KL-AMAZONIA 8 b\u1ed9 s\u1ebd l\u00e0 tr\u1ee3 l\u00fd d\u1ecdn d\u1eb9p nh\u1ecf v\u1edbi k\u00edch th\u01b0\u1edbc l\u00fd t\u01b0\u1edfng cho nh\u00e0 b\u1ebfp \u0111\u01a1n, c\u0103n h\u1ed9 ngh\u1ec9 d\u01b0\u1ee1ng ho\u1eb7c khu nh\u00e0 ngh\u1ec9 cu\u1ed1i tu\u1ea7n. M\u1eb7t tr\u01b0\u1edbc \u0111\u01b0\u1ee3c thi\u1ebft k\u1ebf sang tr\u1ecdng v\u1edbi v\u1ebb ngo\u00e0i nam t\u00ednh, ch\u1ea5t li\u1ec7u b\u1eb1ng th\u00e9p kh\u00f4ng g\u1ec9 m\u00e0u b\u1ea1c.<\/p>\n<p>M\u1eb7t tr\u01b0\u1edbc c\u1ee7a M\u00e1y r\u1eeda ch\u00e9n Klarstein KL-AMAZONIA \u0110\u1ed9c L\u1eadp s\u00e1ng b\u00f3ng t\u00edch h\u1ee3p c\u00e1c n\u00fat \u0111i\u1ec1u khi\u1ec3n mang \u0111\u1ebfn cho ng\u01b0\u1eddi l\u00e0m b\u1ebfp v\u1ebb sang tr\u1ecdng kh\u00f4ng c\u1ea7n gi\u1ea5u gi\u1ebfm.<\/p>\n<p>V\u1edbi b\u1ec1 ngang r\u1ed9ng 55 cm, m\u00e1y r\u1eeda ch\u00e9n Klarstein KL-AMAZONIA 8 ph\u00f9 h\u1ee3p v\u1edbi h\u1ea7u h\u1ebft m\u1ecdi n\u01a1i, ngay c\u1ea3 trong nh\u00e0 b\u1ebfp \u0111\u01a1n nh\u1ecf ho\u1eb7c nh\u00e0 cu\u1ed1i tu\u1ea7n.<\/p>\n<\/div>\n<\/div>\n<figure id=\"attachment_66525\" aria-describedby=\"caption-attachment-66525\" style=\"width: 800px\" class=\"wp-caption alignnone\"><img loading=\"lazy\" decoding=\"async\" class=\"size-large wp-image-66525\" src=\"https:\/\/livinghome.vn\/thiet-bi\/wp-content\/uploads\/nha-bep\/klarstein\/may-rua-chen\/may-rua-chen-klarstein-kl-amazonia-8bo\/may-rua-chen-klarstein-kl-amazonia-8bo-5-800x800.jpg\" alt=\"M\u00e1y r\u1eeda ch\u00e9n Klarstein KL-AMAZONIA\" width=\"800\" height=\"800\" title=\"\"><figcaption id=\"caption-attachment-66525\" class=\"wp-caption-text\">M\u00e1y r\u1eeda ch\u00e9n Klarstein KL-AMAZONIA<\/figcaption><\/figure>\n<h3>C\u00d4NG SU\u1ea4T R\u1eecA L\u00caN \u0110\u1ebeN 8 B\u1ed8 B\u00c1T \u0110\u0128A<\/h3>\n<p>M\u00e1y r\u1eeda ch\u00e9n Klarstein KL-AMAZONIA v\u1edbi c\u00f4ng su\u1ea5t t\u1ed1i \u0111a 1620W cho c\u00f4ng su\u1ea5t r\u1eeda l\u00ean \u0111\u1ebfn 8 b\u1ed9 b\u00e1t \u0111\u0129a.<\/p>\n<p><span class=\"\">G\u1ed3m 2 gi\u00e1 \u0111\u1ec3 dao k\u00e9o, ph\u1ec5u \u0111\u1ef1ng mu\u1ed1i r\u1eeda ch\u00e9n.\u00a0<\/span>Dao k\u00e9o \u0111\u01b0\u1ee3c x\u1ebfp th\u00e0nh hai khay, c\u0169ng c\u00f3 th\u1ec3 l\u1ea5y ra kh\u1ecfi m\u00e1y r\u1eeda ch\u00e9n, n\u1ebfu c\u1ea7n, \u0111\u1ec3 c\u00f3 th\u00eam ch\u1ed7 cho nhi\u1ec1u ch\u00e9n \u0111\u0129a h\u01a1n.<\/p>\n<div class=\"xw_product-section-extra\">\n<p>M\u00e1y r\u1eeda ch\u00e9n Klarstein KL-AMAZONIA v\u1edbi c\u00f4ng su\u1ea5t t\u1ed1i \u0111a 1620W cho c\u00f4ng su\u1ea5t r\u1eeda l\u00ean \u0111\u1ebfn 8 b\u1ed9 b\u00e1t \u0111\u0129a.<\/p>\n<p><span class=\"\">G\u1ed3m 2 gi\u00e1 \u0111\u1ec3 dao k\u00e9o, ph\u1ec5u \u0111\u1ef1ng mu\u1ed1i r\u1eeda ch\u00e9n.\u00a0<\/span>Dao k\u00e9o \u0111\u01b0\u1ee3c x\u1ebfp th\u00e0nh hai khay, c\u0169ng c\u00f3 th\u1ec3 l\u1ea5y ra kh\u1ecfi m\u00e1y r\u1eeda ch\u00e9n, n\u1ebfu c\u1ea7n, \u0111\u1ec3 c\u00f3 th\u00eam ch\u1ed7 cho nhi\u1ec1u ch\u00e9n \u0111\u0129a h\u01a1n.<\/p>\n<\/div>\n<figure id=\"attachment_66529\" aria-describedby=\"caption-attachment-66529\" style=\"width: 800px\" class=\"wp-caption alignnone\"><img loading=\"lazy\" decoding=\"async\" class=\"size-large wp-image-66529\" src=\"https:\/\/livinghome.vn\/thiet-bi\/wp-content\/uploads\/nha-bep\/klarstein\/may-rua-chen\/may-rua-chen-klarstein-kl-amazonia-8bo\/may-rua-chen-klarstein-kl-amazonia-8bo-4-800x800.jpg\" alt=\"M\u00e1y r\u1eeda ch\u00e9n Klarstein KL-AMAZONIA\" width=\"800\" height=\"800\" title=\"\"><figcaption id=\"caption-attachment-66529\" class=\"wp-caption-text\">M\u00e1y r\u1eeda ch\u00e9n Klarstein KL-AMAZONIA<\/figcaption><\/figure>\n<h3>KH\u00d4NG C\u00d2N LO L\u1eaeNG R\u00d2 R\u1ec8 N\u01af\u1edaC V\u1edaI H\u1ec6 TH\u1ed0NG AQUASTOP<\/h3>\n<p>M\u00e1y r\u1eeda ch\u00e9n b\u00e1t Klarstein KL-AMAZONIA \u0111\u01b0\u1ee3c trang b\u1ecb h\u1ec7 th\u1ed1ng Aquastop c\u00f3 ch\u1ee9c n\u0103ng kh\u00f3a ngu\u1ed3n cung c\u1ea5p n\u01b0\u1edbc khi g\u1eb7p c\u00e1c s\u1ef1 c\u1ed1 v\u1ec1 ngu\u1ed3n c\u1ea5p n\u01b0\u1edbc, tr\u00e0n n\u01b0\u1edbc, r\u1ec9 n\u01b0\u1edbc ng\u0103n ng\u1eeba thi\u1ec7t h\u1ea1i do n\u01b0\u1edbc trong tr\u01b0\u1eddng h\u1ee3p x\u1ea3y ra tai n\u1ea1n.<\/p>\n<p>C\u00e1c \u1ed1ng m\u1ec1m \u0111\u01b0\u1ee3c l\u1eafp \u0111\u1eb7t s\u1eb5n, h\u1ec7 th\u1ed1ng aquastop t\u00edch h\u1ee3p c\u0169ng nh\u01b0 gi\u00e1 \u0111\u1ee1 \u0111\u01b0\u1ee3c cung c\u1ea5p cho c\u00e1p v\u00e0 \u1ed1ng m\u1ec1m l\u00e0m cho k\u1ebft n\u1ed1i tr\u1edf n\u00ean \u0111\u01a1n gi\u1ea3n.<\/p>\n<figure id=\"attachment_66524\" aria-describedby=\"caption-attachment-66524\" style=\"width: 800px\" class=\"wp-caption alignnone\"><img loading=\"lazy\" decoding=\"async\" class=\"size-large wp-image-66524\" src=\"https:\/\/livinghome.vn\/thiet-bi\/wp-content\/uploads\/nha-bep\/klarstein\/may-rua-chen\/may-rua-chen-klarstein-kl-amazonia-8bo\/may-rua-chen-klarstein-kl-amazonia-8bo-2-800x800.jpg\" alt=\"M\u00e1y r\u1eeda ch\u00e9n Klarstein KL-AMAZONIA\" width=\"800\" height=\"800\" title=\"\"><figcaption id=\"caption-attachment-66524\" class=\"wp-caption-text\">M\u00e1y r\u1eeda ch\u00e9n Klarstein KL-AMAZONIA<\/figcaption><\/figure>\n<h3>06 CH\u01af\u01a0NG TR\u00ccNH R\u1eecA THU\u1eacN TI\u1ec6N<\/h3>\n<p>V\u1edbi m\u00e1y r\u1eeda ch\u00e9n b\u00e1t Klarstein KL-AMAZONIA gia \u0111\u00ecnh b\u1ea1n s\u1ebd c\u00f3 t\u1ed1i \u0111a 8 b\u1ed9 b\u00e1t \u0111\u0129a m\u1edbi tinh cho l\u1ea7n \u0103n k\u1ebf ti\u1ebfp. Qu\u00e1 tr\u00ecnh n\u00e0y c\u0169ng c\u00f3 th\u1ec3 di\u1ec5n ra nhanh h\u01a1n nh\u1edd 6 ch\u01b0\u01a1ng tr\u00ecnh c\u00f3 th\u1ec3 \u0111i\u1ec1u ch\u1ec9nh: Chuy\u00ean s\u00e2u (Intensive), Th\u01b0\u1eddng (Normal), Ti\u1ebft ki\u1ec7m (Eco), Th\u1ee7y tinh (Glass), 90 ph\u00fat &amp; Nhanh (Fast)<\/p>\n<p>C\u00f3 th\u1ec3 d\u1ec5 d\u00e0ng l\u1ef1a ch\u1ecdn c\u00e1c ch\u01b0\u01a1ng tr\u00ecnh th\u00f4ng qua b\u1ea3ng \u0111i\u1ec1u khi\u1ec3n 3 n\u00fat, l<span class=\"\">\u1eafp r\u00f5 r\u00e0ng v\u1edbi k\u00fd hi\u1ec7u d\u1ec5 hi\u1ec3u, 2\u00a0<\/span><span class=\"\">n\u00fat ch\u1ee9c n\u0103ng v\u00e0 n\u00fat kh\u1edfi \u0111\u1ed9ng<\/span>, b\u1ea1n c\u00f3 th\u1ec3 r\u1eeda nhanh c\u00e1c \u0111\u1ed3 d\u00f9ng b\u1ea9n nh\u1eb9 nh\u01b0 ly ho\u1eb7c t\u00e1ch c\u00e0 ph\u00ea tr\u1edf l\u1ea1i b\u00e0n trong 35 ph\u00fat.<\/p>\n<p>Ngo\u00e0i ra, c\u00f2n c\u00f3 m\u1ed9t ch\u1ebf \u0111\u1ed9 chuy\u00ean s\u00e2u (Intensive) \u0111\u1ec3 x\u1eed l\u00fd b\u00e1t \u0111\u0129a b\u1ecb b\u1ea9n nhi\u1ec1u, m\u1ed9t ch\u01b0\u01a1ng tr\u00ecnh r\u1eeda \u0111\u1ed1i v\u1edbi \u0111\u1ed3 th\u1ee7y t\u00ednh gi\u00fap ch\u00fang s\u00e1ng b\u00f3ng, ch\u1ebf \u0111\u1ed9 90 ph\u00fat v\u00e0 Eco \u0111\u1ec3 r\u1eeda \u0111\u1eb7c bi\u1ec7t ti\u1ebft ki\u1ec7m v\u00e0 th\u00e2n thi\u1ec7n v\u1edbi m\u00f4i tr\u01b0\u1eddng.<\/p>\n<h3>TI\u1ebeT KI\u1ec6M N\u0102NG L\u01af\u1ee2NG V\u00c0 N\u01af\u1edaC<\/h3>\n<p>M\u00e1y r\u1eeda b\u00e1t Klarstein KL-AMAZONIA c\u00f3 k\u1ebft c\u1ea5u ti\u1ebft ki\u1ec7m n\u0103ng l\u01b0\u1ee3ng, ti\u1ebft ki\u1ec7m n\u01b0\u1edbc v\u1edbi ti\u1ebfng \u1ed3n v\u1eadn h\u00e0nh th\u1ea5p ~49dB.<\/p>\n<figure id=\"attachment_66530\" aria-describedby=\"caption-attachment-66530\" style=\"width: 800px\" class=\"wp-caption alignnone\"><img loading=\"lazy\" decoding=\"async\" class=\"size-large wp-image-66530\" src=\"https:\/\/livinghome.vn\/thiet-bi\/wp-content\/uploads\/nha-bep\/klarstein\/may-rua-chen\/may-rua-chen-klarstein-kl-amazonia-8bo\/may-rua-chen-klarstein-kl-amazonia-8bo-3-800x800.jpg\" alt=\"M\u00e1y r\u1eeda ch\u00e9n Klarstein KL-AMAZONIA\" width=\"800\" height=\"800\" title=\"\"><figcaption id=\"caption-attachment-66530\" class=\"wp-caption-text\">M\u00e1y r\u1eeda ch\u00e9n Klarstein KL-AMAZONIA<\/figcaption><\/figure>\n","protected":false},"excerpt":{"rendered":"<p>M\u00e1y r\u1eeda ch\u00e9n Klarstein KL-AMAZONIA 8 b\u1ed9 c\u00f3 h\u1ec7 th\u1ed1ng ch\u1ed1ng r\u1ec9 n\u01b0\u1edbc Aquastop \u0110\u1eb7c T\u00ednh N\u1ed5i B\u1eadt M\u00e1y r\u1eeda b\u00e1t mini thanh l\u1ecbch v\u1edbi c\u00f4ng su\u1ea5t t\u1ed1i \u0111a 1620 W v\u00e0 kh\u00f4ng gian cho 8 b\u1ed9 b\u00e1t \u0111\u0129a. M\u1eb7t tr\u01b0\u1edbc sang tr\u1ecdng v\u1edbi v\u1ebb ngo\u00e0i b\u1eb1ng th\u00e9p kh\u00f4ng g\u1ec9 m\u00e0u b\u1ea1c. 6 ch\u01b0\u01a1ng tr\u00ecnh [&#8230;]\n","protected":false},"featured_media":1170,"comment_status":"open","ping_status":"closed","template":"","meta":[],"product_brand":[],"product_cat":[608,92,821,827,867,818,826,817,217],"product_tag":[218,93,235,205,236],"class_list":{"0":"post-1102","1":"product","2":"type-product","3":"status-publish","4":"has-post-thumbnail","6":"product_cat-may-rua-chen-bat-klarstein","7":"product_cat-may-rua-chen-bat","8":"product_cat-may-rua-chen-bat-8-bo","9":"product_cat-may-rua-chen-bat-ban-am","10":"product_cat-may-rua-chen-bat-chau-au","11":"product_cat-may-rua-chen-bat-de-ban","12":"product_cat-may-rua-chen-bat-doc-lap","13":"product_cat-may-rua-chen-bat-mini","14":"product_cat-thuong-hieu-klarstein","15":"product_tag-klarstein","16":"product_tag-may-rua-chen","17":"product_tag-may-rua-chen-8-bo","18":"product_tag-may-rua-chen-doc-lap","19":"product_tag-may-rua-chen-klarstein","21":"first","22":"instock","23":"sale","24":"shipping-taxable","25":"purchasable","26":"product-type-simple"},"_links":{"self":[{"href":"https:\/\/livinghome.vn\/thiet-bi\/wp-json\/wp\/v2\/product\/1102","targetHints":{"allow":["GET"]}}],"collection":[{"href":"https:\/\/livinghome.vn\/thiet-bi\/wp-json\/wp\/v2\/product"}],"about":[{"href":"https:\/\/livinghome.vn\/thiet-bi\/wp-json\/wp\/v2\/types\/product"}],"replies":[{"embeddable":true,"href":"https:\/\/livinghome.vn\/thiet-bi\/wp-json\/wp\/v2\/comments?post=1102"}],"wp:featuredmedia":[{"embeddable":true,"href":"https:\/\/livinghome.vn\/thiet-bi\/wp-json\/wp\/v2\/media\/1170"}],"wp:attachment":[{"href":"https:\/\/livinghome.vn\/thiet-bi\/wp-json\/wp\/v2\/media?parent=1102"}],"wp:term":[{"taxonomy":"product_brand","embeddable":true,"href":"https:\/\/livinghome.vn\/thiet-bi\/wp-json\/wp\/v2\/product_brand?post=1102"},{"taxonomy":"product_cat","embeddable":true,"href":"https:\/\/livinghome.vn\/thiet-bi\/wp-json\/wp\/v2\/product_cat?post=1102"},{"taxonomy":"product_tag","embeddable":true,"href":"https:\/\/livinghome.vn\/thiet-bi\/wp-json\/wp\/v2\/product_tag?post=1102"}],"curies":[{"name":"wp","href":"https:\/\/api.w.org\/{rel}","templated":true}]}}