{"id":1098,"date":"2023-01-12T13:18:57","date_gmt":"2023-01-12T13:18:57","guid":{"rendered":"https:\/\/livinghome.vn\/thiet-bi\/?post_type=product&#038;p=1098"},"modified":"2024-11-29T14:20:47","modified_gmt":"2024-11-29T07:20:47","slug":"lo-hap-klarstein-kl-masterfresh-steam-oven-thiet-ke-mat-kinh-den-manh-me","status":"publish","type":"product","link":"https:\/\/livinghome.vn\/thiet-bi\/lo-hap-klarstein-kl-masterfresh-steam-oven-thiet-ke-mat-kinh-den-manh-me\/","title":{"rendered":"L\u00f2 h\u1ea5p Klarstein KL-MASTERFRESH STEAM OVEN thi\u1ebft k\u1ebf m\u1eb7t k\u00ednh \u0111en m\u1ea1nh m\u1ebd"},"content":{"rendered":"<h2>L\u00f2 h\u1ea5p Klarstein KL-MASTERFRESH STEAM OVEN k\u1ebft h\u1ee3p n\u01b0\u1edbng &#8211; c\u00f4ng su\u1ea5t 2000W<\/h2>\n<figure id=\"attachment_66479\" aria-describedby=\"caption-attachment-66479\" style=\"width: 800px\" class=\"wp-caption alignnone\"><img loading=\"lazy\" decoding=\"async\" class=\"size-large wp-image-66479\" src=\"https:\/\/livinghome.vn\/thiet-bi\/wp-content\/uploads\/nha-bep\/klarstein\/lo-hap\/lo-hap-klarstein-kl-steam-oven\/lo-hap-klarstein-kl-steam-oven-800x800.jpg\" alt=\"L\u00f2 h\u1ea5p Klarstein KL-MASTERFRESH STEAM OVEN\" width=\"800\" height=\"800\" title=\"\"><figcaption id=\"caption-attachment-66479\" class=\"wp-caption-text\">L\u00f2 h\u1ea5p Klarstein KL-MASTERFRESH STEAM OVEN<\/figcaption><\/figure>\n<h3>T\u00ednh n\u0103ng &amp; K\u00edch th\u01b0\u1edbc<\/h3>\n<div class=\"entry-content\">\n<ul>\n<li><a href=\"https:\/\/livinghome.vn\/thiet-bi\/lo-hap\/\">L\u00f2 h\u1ea5p k\u1ebft h\u1ee3p n\u01b0\u1edbng\u00a0<\/a><\/li>\n<li>C\u00f4ng su\u1ea5t: 1900-2200 watt.<\/li>\n<li>Th\u1ec3 t\u00edch khoang n\u1ed3i: 24 l\u00edt.<\/li>\n<li>Dung t\u00edch t\u1ed1i \u0111a c\u1ee7a b\u00ecnh ch\u1ee9a n\u01b0\u1edbc: 1,4 l\u00edt<\/li>\n<li>Hi\u1ec7u qu\u1ea3 n\u0103ng l\u01b0\u1ee3ng lo\u1ea1i A.<\/li>\n<li>Ngu\u1ed3n cung c\u1ea5p: 230-240 V ~ |\u00a050\/60 Hz.<\/li>\n<li>K\u00edch th\u01b0\u1edbc kh\u00f4ng c\u00f3 tay c\u1ea7m: x\u1ea5p x\u1ec9 52,5 x 44 x 40 cm (WxHxD).<\/li>\n<li>K\u00edch th\u01b0\u1edbc c\u00f3 tay c\u1ea7m: x\u1ea5p x\u1ec9 52,5 x 44 x 44,5 cm (WxHxD).<\/li>\n<li>K\u00edch th\u01b0\u1edbc b\u00ean trong: kho\u1ea3ng 38,5 x 25,5 x 24 cm (WxHxD).<\/li>\n<li>Tr\u1ecdng l\u01b0\u1ee3ng: x\u1ea5p x\u1ec9 19,5 kg.<\/li>\n<li>D\u00e2y ngu\u1ed3n: x\u1ea5p x\u1ec9 100 cm.<\/li>\n<\/ul>\n<h3>Thi\u1ebft k\u1ebf m\u1ea1nh m\u1ebd v\u1edbi c\u00f4ng su\u1ea5t c\u1ef1c l\u1edbn<\/h3>\n<p>L\u00f2 h\u1ea5p Klarstein MasterFresh c\u00f3 thi\u1ebft k\u1ebf m\u1ea1nh m\u1ebd c\u1ee7a m\u1ed9t thi\u1ebft b\u1ecb \u0111a ch\u1ee9c n\u0103ng c\u00f3 k\u1ebft h\u1ee3p v\u1edbi h\u01a1i n\u01b0\u1edbc \u0111\u1ec3 s\u1eed dung n\u1ea5u, n\u01b0\u1edbng, rang v\u00e0 l\u00e0m n\u00f3ng s\u1ea3n ph\u1ea9m.<\/p>\n<p>Nh\u1edd\u00a0C\u00f4ng ngh\u1ec7 UltraSteam\u00a0, c\u00e1c m\u00f3n th\u1ecbt v\u00e0 rau c\u00f3 th\u1ec3 \u0111\u01b0\u1ee3c h\u1ea5p ch\u00edn t\u1edbi m\u1ee9c ho\u00e0n h\u1ea3o, gi\u1eef \u0111\u01b0\u1ee3c nhi\u1ec1u lo\u1ea1i vitamin v\u00e0 kho\u00e1ng ch\u1ea5t t\u1ef1 nhi\u00ean c\u1ee7a ch\u00fang.\u00a0V\u1edbi c\u00f4ng ngh\u1ec7 n\u00e0y, l\u00f2 h\u1ea5p c\u00f3 ng\u0103n ch\u1ee9a n\u01b0\u1edbc l\u1edbn 1,4 l\u00edt v\u00e0 ho\u1ea1t \u0111\u1ed9ng v\u1edbi c\u00f4ng su\u1ea5t 1100 watt. T\u1ea5t nhi\u00ean, thi\u1ebft b\u1ecb c\u0169ng c\u00f3 th\u1ec3 \u0111\u01b0\u1ee3c s\u1eed d\u1ee5ng b\u00ecnh th\u01b0\u1eddng nh\u01b0 m\u1ed9t l\u00f2 n\u01b0\u1edbng v\u1edbi 1900 watt.<\/p>\n<figure id=\"attachment_66480\" aria-describedby=\"caption-attachment-66480\" style=\"width: 800px\" class=\"wp-caption alignnone\"><img loading=\"lazy\" decoding=\"async\" class=\"size-large wp-image-66480\" src=\"https:\/\/livinghome.vn\/thiet-bi\/wp-content\/uploads\/nha-bep\/klarstein\/lo-hap\/lo-hap-klarstein-kl-steam-oven\/lo-hap-klarstein-kl-steam-oven-1-800x800.jpg\" alt=\"L\u00f2 h\u1ea5p Klarstein KL-MASTERFRESH STEAM OVEN\" width=\"800\" height=\"800\" title=\"\"><figcaption id=\"caption-attachment-66480\" class=\"wp-caption-text\">L\u00f2 h\u1ea5p Klarstein KL-MASTERFRESH STEAM OVEN<\/figcaption><\/figure>\n<p>V\u1edbi nhi\u1ec7t \u0111\u1ed9 trong n\u1ed3i t\u1ed1i \u0111a l\u00e0 230\u00b0C, nhi\u1ec7t tr\u00ean ho\u1eb7c d\u01b0\u1edbi v\u00e0 kh\u1ea3 n\u0103ng \u0111i\u1ec1u ch\u1ec9nh nhi\u1ec7t \u0111\u1ed9 theo m\u1ee9c \u0111\u1ed9, l\u00f2 h\u1ea5p s\u1ebd ch\u1ebf bi\u1ebfn th\u1ef1c ph\u1ea9m theo mong mu\u1ed1n. C\u00f4ng\u00a0<em>ngh\u1ec7 s\u01b0\u1edfi \u1ea5m 360 \u0111\u1ed9<\/em>\u00a0\u0111\u1ea3m b\u1ea3o ph\u00e2n b\u1ed5 nhi\u1ec7t \u0111\u1ed3ng \u0111\u1ec1u trong khoang v\u1edbi dung t\u00edch 24 l\u00edt.<\/p>\n<figure id=\"attachment_66478\" aria-describedby=\"caption-attachment-66478\" style=\"width: 800px\" class=\"wp-caption alignnone\"><img loading=\"lazy\" decoding=\"async\" class=\"size-large wp-image-66478\" src=\"https:\/\/livinghome.vn\/thiet-bi\/wp-content\/uploads\/nha-bep\/klarstein\/lo-hap\/lo-hap-klarstein-kl-steam-oven\/lo-hap-klarstein-kl-steam-oven-4-800x800.jpg\" alt=\"L\u00f2 h\u1ea5p Klarstein KL-MASTERFRESH STEAM OVEN\" width=\"800\" height=\"800\" title=\"\"><figcaption id=\"caption-attachment-66478\" class=\"wp-caption-text\">L\u00f2 h\u1ea5p Klarstein KL-MASTERFRESH STEAM OVEN<\/figcaption><\/figure>\n<h3>S\u1ef1 ti\u1ec7n l\u1ee3i v\u00e0 \u0111a d\u1ea1ng ch\u1ee9c n\u0103ng<\/h3>\n<p>C\u00e1c ch\u1ebf \u0111\u1ed9 s\u1eb5n s\u00e0ng s\u1eed d\u1ee5ng \u0111\u1ec3 h\u1ea5p, n\u01b0\u1edbng v\u00e0 l\u00e0m ch\u00edn s\u1ea3n ph\u1ea9m gi\u00fap vi\u1ec7c n\u1ea5u n\u01b0\u1edbng v\u1edbi l\u00f2 h\u1ea5p tr\u1edf\u00a0n\u00ean d\u1ec5 d\u00e0ng.\u00a0Ch\u00edn ch\u01b0\u01a1ng tr\u00ecnh kh\u00e1c nhau, ph\u00f9 h\u1ee3p v\u1edbi c\u00e1c lo\u1ea1i th\u1ef1c ph\u1ea9m kh\u00e1c nhau, c\u0169ng gi\u00fap \u0111\u01a1n gi\u1ea3n h\u00f3a vi\u1ec7c chu\u1ea9n b\u1ecb.\u00a0T\u1ea5t c\u1ea3 c\u00e1c c\u00e0i \u0111\u1eb7t c\u00f3 th\u1ec3 \u0111\u01b0\u1ee3c th\u1ef1c hi\u1ec7n thu\u1eadn ti\u1ec7n tr\u00ean\u00a0b\u1ea3ng \u0111i\u1ec1u khi\u1ec3n\u00a0SenseControl r\u00f5 r\u00e0ng.<\/p>\n<p>L\u00f2 h\u1ea5p Klarstein KL-MASTERFRESH bao g\u1ed3m m\u1ed9t khay n\u01b0\u1edbng v\u00e0 khay l\u01b0\u1edbi \u0111\u1ef1ng th\u1ee9c ph\u1ea9m khi s\u1eed d\u1ee5ng.<\/p>\n<figure id=\"attachment_66476\" aria-describedby=\"caption-attachment-66476\" style=\"width: 800px\" class=\"wp-caption alignnone\"><img loading=\"lazy\" decoding=\"async\" class=\"size-large wp-image-66476\" src=\"https:\/\/livinghome.vn\/thiet-bi\/wp-content\/uploads\/nha-bep\/klarstein\/lo-hap\/lo-hap-klarstein-kl-steam-oven\/lo-hap-klarstein-kl-steam-oven-2-800x800.jpg\" alt=\"L\u00f2 h\u1ea5p Klarstein KL-MASTERFRESH STEAM OVEN\" width=\"800\" height=\"800\" title=\"\"><figcaption id=\"caption-attachment-66476\" class=\"wp-caption-text\">L\u00f2 h\u1ea5p Klarstein KL-MASTERFRESH STEAM OVEN<\/figcaption><\/figure>\n<\/div>\n","protected":false},"excerpt":{"rendered":"<p>L\u00f2 h\u1ea5p Klarstein KL-MASTERFRESH STEAM OVEN k\u1ebft h\u1ee3p n\u01b0\u1edbng &#8211; c\u00f4ng su\u1ea5t 2000W T\u00ednh n\u0103ng &amp; K\u00edch th\u01b0\u1edbc L\u00f2 h\u1ea5p k\u1ebft h\u1ee3p n\u01b0\u1edbng\u00a0 C\u00f4ng su\u1ea5t: 1900-2200 watt. Th\u1ec3 t\u00edch khoang n\u1ed3i: 24 l\u00edt. Dung t\u00edch t\u1ed1i \u0111a c\u1ee7a b\u00ecnh ch\u1ee9a n\u01b0\u1edbc: 1,4 l\u00edt Hi\u1ec7u qu\u1ea3 n\u0103ng l\u01b0\u1ee3ng lo\u1ea1i A. Ngu\u1ed3n cung c\u1ea5p: 230-240 V ~ [&#8230;]\n","protected":false},"featured_media":1144,"comment_status":"open","ping_status":"closed","template":"","meta":[],"product_brand":[],"product_cat":[225,217],"product_tag":[218,226,227,228],"class_list":{"0":"post-1098","1":"product","2":"type-product","3":"status-publish","4":"has-post-thumbnail","6":"product_cat-lo-hap","7":"product_cat-thuong-hieu-klarstein","8":"product_tag-klarstein","9":"product_tag-lo-hap","10":"product_tag-lo-hap-klarstein","11":"product_tag-lo-hap-nuong","13":"first","14":"instock","15":"sale","16":"shipping-taxable","17":"purchasable","18":"product-type-simple"},"_links":{"self":[{"href":"https:\/\/livinghome.vn\/thiet-bi\/wp-json\/wp\/v2\/product\/1098","targetHints":{"allow":["GET"]}}],"collection":[{"href":"https:\/\/livinghome.vn\/thiet-bi\/wp-json\/wp\/v2\/product"}],"about":[{"href":"https:\/\/livinghome.vn\/thiet-bi\/wp-json\/wp\/v2\/types\/product"}],"replies":[{"embeddable":true,"href":"https:\/\/livinghome.vn\/thiet-bi\/wp-json\/wp\/v2\/comments?post=1098"}],"wp:featuredmedia":[{"embeddable":true,"href":"https:\/\/livinghome.vn\/thiet-bi\/wp-json\/wp\/v2\/media\/1144"}],"wp:attachment":[{"href":"https:\/\/livinghome.vn\/thiet-bi\/wp-json\/wp\/v2\/media?parent=1098"}],"wp:term":[{"taxonomy":"product_brand","embeddable":true,"href":"https:\/\/livinghome.vn\/thiet-bi\/wp-json\/wp\/v2\/product_brand?post=1098"},{"taxonomy":"product_cat","embeddable":true,"href":"https:\/\/livinghome.vn\/thiet-bi\/wp-json\/wp\/v2\/product_cat?post=1098"},{"taxonomy":"product_tag","embeddable":true,"href":"https:\/\/livinghome.vn\/thiet-bi\/wp-json\/wp\/v2\/product_tag?post=1098"}],"curies":[{"name":"wp","href":"https:\/\/api.w.org\/{rel}","templated":true}]}}