{"id":1096,"date":"2023-01-12T13:18:56","date_gmt":"2023-01-12T13:18:56","guid":{"rendered":"https:\/\/livinghome.vn\/thiet-bi\/?post_type=product&#038;p=1096"},"modified":"2024-11-29T14:20:47","modified_gmt":"2024-11-29T07:20:47","slug":"bep-tu-klarstein-kl-cook-and-roll-thiet-ke-nho-gon-01-vung-nau","status":"publish","type":"product","link":"https:\/\/livinghome.vn\/thiet-bi\/bep-tu-klarstein-kl-cook-and-roll-thiet-ke-nho-gon-01-vung-nau\/","title":{"rendered":"B\u1ebfp t\u1eeb Klarstein KL-COOK AND ROLL thi\u1ebft k\u1ebf nh\u1ecf g\u1ecdn &#8211; 01 v\u00f9ng n\u1ea5u"},"content":{"rendered":"<h2>B\u1ebfp t\u1eeb Klarstein KL-COOK AND ROLL 01 v\u00f9ng n\u1ea5u \u0111\u1ed9c l\u1eadp m\u1ea1nh m\u1ebd v\u1edbi t\u1ed5ng c\u00f4ng su\u1ea5t 2000W<\/h2>\n<figure id=\"attachment_66437\" aria-describedby=\"caption-attachment-66437\" style=\"width: 800px\" class=\"wp-caption alignnone\"><img loading=\"lazy\" decoding=\"async\" class=\"size-large wp-image-66437\" src=\"https:\/\/livinghome.vn\/thiet-bi\/wp-content\/uploads\/nha-bep\/klarstein\/bep-tu\/bep-tu-klarstein-kl-cook-and-roll-800x800.jpg\" alt=\"B\u1ebfp t\u1eeb Klarstein KL-COOK AND ROLL\" width=\"800\" height=\"800\" title=\"\"><figcaption id=\"caption-attachment-66437\" class=\"wp-caption-text\">B\u1ebfp t\u1eeb Klarstein KL-COOK AND ROLL<\/figcaption><\/figure>\n<h3>T\u00ednh n\u0103ng &amp; K\u00edch th\u01b0\u1edbc<\/h3>\n<div class=\"entry-content\">\n<ul>\n<li>Lo\u1ea1i b\u1ebfp: <a href=\"https:\/\/livinghome.vn\/thiet-bi\/bep-tu\/\">b\u1ebfp t\u1eeb 01 v\u00f9ng n\u1ea5u<\/a><\/li>\n<li>\u0110\u01b0\u1eddng k\u00ednh m\u1eb7t n\u1ed3i t\u1eeb 12 \u0111\u1ebfn 26 cm<\/li>\n<li>C\u00f4ng su\u1ea5t: 2000W<\/li>\n<li>Ngu\u1ed3n \u0111i\u1ec7n: 220-240 V ~ | 50 Hz<\/li>\n<li>K\u00edch th\u01b0\u1edbc: x\u1ea5p x\u1ec9 28 x 6,5 x 35 cm (WxHxD)<\/li>\n<li>Chi\u1ec1u d\u00e0i c\u00f3 c\u00f3 tay c\u1ea7m: kho\u1ea3ng 19,5 cm<\/li>\n<li>\u0110\u1ed9 s\u00e2u: l\u00ean \u0111\u1ebfn 15 cm<\/li>\n<li>Tr\u1ecdng l\u01b0\u1ee3ng: x\u1ea5p x\u1ec9 2,3 kg<\/li>\n<\/ul>\n<h3>B\u1ebfp t\u1eeb Klarstein Cook and Roll bao g\u1ed3m nhi\u1ec7t k\u1ebf \u0111o nhi\u1ec7t \u0111\u1ed9 khi s\u1eed d\u1ee5ng v\u1edbi \u0111\u1ed9 s\u00e2u 15 cm v\u00e0 ch\u1ebf \u0111\u1ed9 Sousvide \u0111i k\u00e8m ch\u1ee9c n\u0103ng HeatControl \u0111\u1ec3 theo d\u00f5i nhi\u1ec7t \u0111\u1ed9 n\u1ea5u t\u1eeb 40 \u0111\u1ebfn 160\u00b0C.<\/h3>\n<ul>\n<li>B\u1ebfp t\u1eeb v\u1edbi thi\u1ebft k\u1ebf nh\u1ecf g\u1ecdn, ti\u1ebft ki\u1ec7m di\u1ec7n t\u00edch cho m\u1ecdi gian b\u1ebfp<\/li>\n<li>Nhi\u1ec7t m\u1ea1nh m\u1ebd: V\u00f9ng n\u1ea5u v\u1edbi c\u00f4ng su\u1ea5t 2000W v\u00e0 10 c\u00e0i \u0111\u1eb7t nhi\u1ec7t \u0111\u1ed9<\/li>\n<li>\u0110i\u1ec1u khi\u1ec3n tr\u1ef1c ti\u1ebfp: b\u1ea3ng \u0111i\u1ec1u khi\u1ec3n c\u1ea3m \u1ee9ng v\u1edbi m\u00e0n h\u00ecnh LED<\/li>\n<li>Ti\u1ebft ki\u1ec7m n\u0103ng l\u01b0\u1ee3ng: t\u1ef1 \u0111\u1ed9ng t\u1eaft khi nh\u1ea5c n\u1ed3i ra kh\u1ecfi v\u00f9ng n\u1ea5u<\/li>\n<\/ul>\n<p>B\u1ebfp t\u1eeb Klarstein KL-COOK AND ROLL cho ph\u00e9p s\u1eed d\u1ee5ng t\u1ed1i \u01b0u b\u1ec1 m\u0103t v\u00f9ng n\u1ea5u v\u00e0 \u0111em l\u1ea1i k\u1ebft qu\u1ea3 n\u1ea5u n\u01b0\u1edbng ho\u00e0n h\u1ea3o. V\u1edbi thi\u1ebft k\u1ebf sang tr\u1ecdng mang \u0111\u1ebfn v\u1ebb s\u00e1ng b\u00f3ng m\u1edbi cho m\u1ecdi gian b\u1ebfp. B\u1ebfp t\u1eeb Klarstein KL-COOK AND ROLL cho ph\u00e9p b\u1ebfp t\u1eeb ho\u1ea1t \u0111\u1ed9ng v\u1edbi t\u1ed5ng c\u00f4ng su\u1ea5t 2000W v\u00e0 cung c\u1ea5p t\u1ed5ng \u0111\u01b0\u1eddng k\u00ednh 26 cm tr\u00ean di\u1ec7n t\u00edch m\u1eb7t b\u1ebfp c\u1ee7a v\u00f9ng n\u1ea5u. \u0110i\u1ec1u n\u00e0y l\u00e0m b\u1ebfp t\u1eeb\u00a0 tr\u1edf th\u00e0nh s\u1ef1 b\u1ed5 sung ho\u00e0n h\u1ea3o cho nh\u1eefng bu\u1ed5i ti\u1ec7c cu\u1ed1i tu\u1ea7n. B\u1ebfp \u0111\u01b0\u1ee3c v\u1eadn h\u00e0nh d\u1ec5 d\u00e0ng th\u00f4ng qua b\u1ea3ng \u0111i\u1ec1u khi\u1ec3n c\u1ea3m \u1ee9ng t\u00edch h\u1ee3p v\u00e0 m\u00e0n h\u00ecnh LED.<\/p>\n<figure id=\"attachment_66439\" aria-describedby=\"caption-attachment-66439\" style=\"width: 800px\" class=\"wp-caption alignnone\"><img loading=\"lazy\" decoding=\"async\" class=\"size-large wp-image-66439\" src=\"https:\/\/livinghome.vn\/thiet-bi\/wp-content\/uploads\/nha-bep\/klarstein\/bep-tu\/bep-tu-klarstein-kl-cook-and-roll-4-800x800.jpg\" alt=\"B\u1ebfp t\u1eeb Klarstein KL-COOK AND ROLL\" width=\"800\" height=\"800\" title=\"\"><figcaption id=\"caption-attachment-66439\" class=\"wp-caption-text\">B\u1ebfp t\u1eeb Klarstein KL-COOK AND ROLL<\/figcaption><\/figure>\n<h3>V\u1edbi 6 ch\u01b0\u01a1ng tr\u00ecnh n\u1ea5u c\u00f9ng c\u00f4ng su\u1ea5t ph\u00e1t nhi\u1ec7t mong mu\u1ed1n \u1edf 10 c\u1ea5p \u0111\u1ed9, h\u1eb9n gi\u1edd t\u1eaft l\u00ean \u0111\u1ebfn 3 gi\u1edd ho\u1eb7c ch\u1ee9c n\u0103ng SousVide.<\/h3>\n<ul>\n<li>C\u00e1c ch\u01b0\u01a1ng tr\u00ecnh n\u1ea5u: gi\u1eef \u1ea5m, h\u00e2m s\u1eefa, nhi\u1ec7t \u0111\u1ed9 th\u1ea5p, nhi\u1ec7t \u0111\u1ed9 cao, rang &amp; n\u00e2ng cao.<\/li>\n<li>10 m\u1ee9c nhi\u1ec7t \u0111\u1ed9: 60\/80\/100\/120\/140\/160\/180\/200\/220\/240\u00b0C.<\/li>\n<li>Ch\u1ee9c n\u0103ng SousVide \u0111\u1ec3 theo d\u00f5i nhi\u1ec7t \u0111\u1ed9<\/li>\n<li>H\u1eb9n gi\u1edd l\u00ean \u0111\u1ebfn 3 gi\u1edd.<\/li>\n<\/ul>\n<p>Ch\u1ee9c n\u0103ng SousVide v\u1edbi HeatControl \u0111\u1ea3m b\u1ea3o k\u1ebft qu\u1ea3 n\u1ea5u n\u01b0\u1edbng ho\u00e0n h\u1ea3o: Ch\u1ec9 c\u1ea7n k\u1ebft n\u1ed1i nhi\u1ec7t k\u1ebf n\u1ea5u \u0103n \u0111i k\u00e8m v\u1edbi b\u1ebfp, k\u00edch ho\u1ea1t ch\u1ee9c n\u0103ng SousVide v\u00e0 sau \u0111\u00f3 \u0111\u1eb7t nhi\u1ec7t \u0111\u1ed9 mong mu\u1ed1n t\u1eeb 40 \u0111\u1ebfn 160\u00b0C. N\u1ebfu \u0111\u1ea1t ho\u1eb7c v\u01b0\u1ee3t qu\u00e1 nhi\u1ec7t \u0111\u1ed9 mong mu\u1ed1n, b\u1ebfp \u0111i\u1ec7n s\u1ebd b\u00e1o ngay \u0111\u1ec3 b\u1ea1n gi\u1ea3m nhi\u1ec7t \u0111\u1ed9 s\u1eed d\u1ee5ng.<\/p>\n<figure id=\"attachment_66435\" aria-describedby=\"caption-attachment-66435\" style=\"width: 1020px\" class=\"wp-caption alignnone\"><img loading=\"lazy\" decoding=\"async\" class=\"size-large wp-image-66435\" src=\"https:\/\/livinghome.vn\/thiet-bi\/wp-content\/uploads\/nha-bep\/klarstein\/bep-tu\/bep-tu-klarstein-kl-cook-and-roll-2-1067x800.jpg\" alt=\"B\u1ebfp t\u1eeb Klarstein KL-COOK AND ROLL\" width=\"1020\" height=\"765\" title=\"\"><figcaption id=\"caption-attachment-66435\" class=\"wp-caption-text\">B\u1ebfp t\u1eeb Klarstein KL-COOK AND ROLL<\/figcaption><\/figure>\n<h3>HO\u1ea0T \u0110\u1ed8NG AN TO\u00c0N V\u1edaI GIA \u0110\u00ccNH C\u00d3 TR\u1eba EM, B\u1ea2O V\u1ec6 QU\u00c1 NHI\u1ec6T V\u00c0 QU\u00c1 \u00c1P.<\/h3>\n<p>\u0110\u1ec3 \u0111\u1ea3m b\u1ea3o m\u1ecdi th\u1ee9 ho\u1ea1t \u0111\u1ed9ng tr\u01a1n tru khi n\u1ea5u n\u01b0\u1edbng, B\u1ebfp t\u1eeb Klarstein KL-COOK AND ROLL c\u00f3 nhi\u1ec1u lo\u1ea1i c\u1ea7u ch\u00ec: B\u1ea3o v\u1ec7 qu\u00e1 nhi\u1ec7t v\u00e0 qu\u00e1 \u00e1p v\u1edbi c\u00f4ng t\u1eafc t\u1ef1 \u0111\u1ed9ng \u0111\u01b0\u1ee3c k\u00edch ho\u1ea1t n\u1ebfu b\u1ebfp qu\u00e1 n\u00f3ng ho\u1eb7c \u0111i\u1ec7n \u00e1p qu\u00e1 th\u1ea5p. qu\u00e1 th\u1ea5p ho\u1eb7c qu\u00e1 cao. V\u00e0 t\u1ea5t nhi\u00ean c\u00f3 c\u1ea3 t\u00ednh n\u0103ng an to\u00e0n cho tr\u1ebb nh\u1ecf. Ngo\u00e0i s\u1ef1 an to\u00e0n b\u1ed5 sung, ch\u1ee9c n\u0103ng t\u1ef1 \u0111\u1ed9ng t\u1eaft c\u1ee7a b\u1ebfp n\u1ea5u l\u00e0 thi\u1ebft th\u1ef1c v\u00e0 ti\u1ebft ki\u1ec7m n\u0103ng l\u01b0\u1ee3ng n\u1ebfu v\u00f4 t\u00ecnh qu\u00fd kh\u00e1ch qu\u00ean t\u1eaft n\u1ed3i.<\/p>\n<figure id=\"attachment_66436\" aria-describedby=\"caption-attachment-66436\" style=\"width: 800px\" class=\"wp-caption alignnone\"><img loading=\"lazy\" decoding=\"async\" class=\"size-large wp-image-66436\" src=\"https:\/\/livinghome.vn\/thiet-bi\/wp-content\/uploads\/nha-bep\/klarstein\/bep-tu\/bep-tu-klarstein-kl-cook-and-roll-3-800x800.jpg\" alt=\"B\u1ebfp t\u1eeb Klarstein KL-COOK AND ROLL\" width=\"800\" height=\"800\" title=\"\"><figcaption id=\"caption-attachment-66436\" class=\"wp-caption-text\">B\u1ebfp t\u1eeb Klarstein KL-COOK AND ROLL<\/figcaption><\/figure>\n<h3>THI\u1ebeT K\u1ebe TRANG NH\u00c3: B\u1ec0 M\u1eb6T G\u1ed0M TH\u1ee6Y TINH \u0110EN V\u00c0 TH\u00c9P KH\u00d4NG G\u1ec8.<\/h3>\n<p>B\u1ebfp t\u1eeb Klarstein KL-Cook and Roll g\u00e2y \u1ea5n t\u01b0\u1ee3ng v\u1ec1 m\u1eb7t th\u1ecb gi\u00e1c v\u1edbi b\u1ec1 m\u1eb7t d\u1ec5 v\u1ec7 sinh v\u00e0 trang nh\u00e3 \u0111\u01b0\u1ee3c l\u00e0m b\u1eb1ng g\u1ed1m th\u1ee7y tinh \u0111en: M\u1eb7t b\u1ebfp t\u1eeb c\u00f3 th\u1ec3 d\u1ec5 d\u00e0ng t\u00edch h\u1ee3p v\u00e0o b\u1ea5t k\u1ef3 thi\u1ebft b\u1ecb gia d\u1ee5ng n\u00e0o d\u00f9 c\u1ed5 \u0111i\u1ec3n hay hi\u1ec7n \u0111\u1ea1i.<\/p>\n<figure id=\"attachment_66438\" aria-describedby=\"caption-attachment-66438\" style=\"width: 1020px\" class=\"wp-caption alignnone\"><img loading=\"lazy\" decoding=\"async\" class=\"size-large wp-image-66438\" src=\"https:\/\/livinghome.vn\/thiet-bi\/wp-content\/uploads\/nha-bep\/klarstein\/bep-tu\/bep-tu-klarstein-kl-cook-and-roll-1-1067x800.jpg\" alt=\"B\u1ebfp t\u1eeb Klarstein KL-COOK AND ROLL\" width=\"1020\" height=\"765\" title=\"\"><figcaption id=\"caption-attachment-66438\" class=\"wp-caption-text\">B\u1ebfp t\u1eeb Klarstein KL-COOK AND ROLL<\/figcaption><\/figure>\n<\/div>\n","protected":false},"excerpt":{"rendered":"<p>B\u1ebfp t\u1eeb Klarstein KL-COOK AND ROLL 01 v\u00f9ng n\u1ea5u \u0111\u1ed9c l\u1eadp m\u1ea1nh m\u1ebd v\u1edbi t\u1ed5ng c\u00f4ng su\u1ea5t 2000W T\u00ednh n\u0103ng &amp; K\u00edch th\u01b0\u1edbc Lo\u1ea1i b\u1ebfp: b\u1ebfp t\u1eeb 01 v\u00f9ng n\u1ea5u \u0110\u01b0\u1eddng k\u00ednh m\u1eb7t n\u1ed3i t\u1eeb 12 \u0111\u1ebfn 26 cm C\u00f4ng su\u1ea5t: 2000W Ngu\u1ed3n \u0111i\u1ec7n: 220-240 V ~ | 50 Hz K\u00edch th\u01b0\u1edbc: x\u1ea5p x\u1ec9 28 [&#8230;]\n","protected":false},"featured_media":1135,"comment_status":"open","ping_status":"closed","template":"","meta":[],"product_brand":[],"product_cat":[745,814,75,733,719,217],"product_tag":[76,222,168,221,218],"class_list":{"0":"post-1096","1":"product","2":"type-product","3":"status-publish","4":"has-post-thumbnail","6":"product_cat-bep-dien-tu","7":"product_cat-bep-dien-tu-nha-tro","8":"product_cat-bep-tu","9":"product_cat-bep-tu-don","10":"product_cat-bep-tu-klarstein","11":"product_cat-thuong-hieu-klarstein","12":"product_tag-bep-tu","13":"product_tag-bep-tu-01-vung-nau","14":"product_tag-bep-tu-am","15":"product_tag-bep-tu-klarstein","16":"product_tag-klarstein","18":"first","19":"instock","20":"sale","21":"shipping-taxable","22":"purchasable","23":"product-type-simple"},"_links":{"self":[{"href":"https:\/\/livinghome.vn\/thiet-bi\/wp-json\/wp\/v2\/product\/1096","targetHints":{"allow":["GET"]}}],"collection":[{"href":"https:\/\/livinghome.vn\/thiet-bi\/wp-json\/wp\/v2\/product"}],"about":[{"href":"https:\/\/livinghome.vn\/thiet-bi\/wp-json\/wp\/v2\/types\/product"}],"replies":[{"embeddable":true,"href":"https:\/\/livinghome.vn\/thiet-bi\/wp-json\/wp\/v2\/comments?post=1096"}],"wp:featuredmedia":[{"embeddable":true,"href":"https:\/\/livinghome.vn\/thiet-bi\/wp-json\/wp\/v2\/media\/1135"}],"wp:attachment":[{"href":"https:\/\/livinghome.vn\/thiet-bi\/wp-json\/wp\/v2\/media?parent=1096"}],"wp:term":[{"taxonomy":"product_brand","embeddable":true,"href":"https:\/\/livinghome.vn\/thiet-bi\/wp-json\/wp\/v2\/product_brand?post=1096"},{"taxonomy":"product_cat","embeddable":true,"href":"https:\/\/livinghome.vn\/thiet-bi\/wp-json\/wp\/v2\/product_cat?post=1096"},{"taxonomy":"product_tag","embeddable":true,"href":"https:\/\/livinghome.vn\/thiet-bi\/wp-json\/wp\/v2\/product_tag?post=1096"}],"curies":[{"name":"wp","href":"https:\/\/api.w.org\/{rel}","templated":true}]}}