{"id":1094,"date":"2023-01-12T13:18:56","date_gmt":"2023-01-12T13:18:56","guid":{"rendered":"https:\/\/livinghome.vn\/thiet-bi\/?post_type=product&#038;p=1094"},"modified":"2024-11-29T14:20:47","modified_gmt":"2024-11-29T07:20:47","slug":"tu-lanh-klarstein-kl-audrey-mini-retro-mau-do-dung-tich-48l","status":"publish","type":"product","link":"https:\/\/livinghome.vn\/thiet-bi\/tu-lanh-klarstein-kl-audrey-mini-retro-mau-do-dung-tich-48l\/","title":{"rendered":"T\u1ee7 l\u1ea1nh Klarstein KL-AUDREY Mini Retro m\u00e0u \u0111\u1ecf &#8211; dung t\u00edch 48L"},"content":{"rendered":"<h2>T\u1ee7 l\u1ea1nh Klarstein KL-AUDREY thi\u1ebft k\u1ebf ki\u1ec3u d\u00e1ng mini 02 ng\u0103n nh\u1ecf g\u1ecdn m\u00e0u \u0111\u1ecf sang tr\u1ecdng n\u1ed5i b\u1eadt<\/h2>\n<figure id=\"attachment_66637\" aria-describedby=\"caption-attachment-66637\" style=\"width: 800px\" class=\"wp-caption alignnone\"><img loading=\"lazy\" decoding=\"async\" class=\"size-large wp-image-66637\" src=\"https:\/\/livinghome.vn\/thiet-bi\/wp-content\/uploads\/nha-bep\/klarstein\/tu-lanh\/tu-lanh-klarstein-kf-audrey\/tu-lanh-klarstein-kf-audrey-5-800x800.jpg\" alt=\"T\u1ee7 l\u1ea1nh Klarstein KL-AUDREY\" width=\"800\" height=\"800\" title=\"\"><figcaption id=\"caption-attachment-66637\" class=\"wp-caption-text\">T\u1ee7 l\u1ea1nh Klarstein KL-AUDREY<\/figcaption><\/figure>\n<h3>\u0110\u1eb7c T\u00ednh N\u1ed5i B\u1eadt<\/h3>\n<div class=\"entry-content\">\n<ul>\n<li>Ki\u1ec3u d\u00e1ng: t\u1ee7 l\u1ea1nh mini<\/li>\n<li id=\"input_line_8\"><span id=\"input_part_0\" class=\"\" data-mention=\"\u0110i\u1ec1u khi\u1ec3n: quay s\u1ed1\">\u0110i\u1ec1u khi\u1ec3n: quay s\u1ed1<\/span><\/li>\n<li id=\"input_line_9\"><span id=\"input_part_0\" class=\"\" data-mention=\"L\u1edbp hi\u1ec7u qu\u1ea3 n\u0103ng l\u01b0\u1ee3ng: F\">L\u1edbp hi\u1ec7u qu\u1ea3 n\u0103ng l\u01b0\u1ee3ng: F<\/span><\/li>\n<li id=\"input_line_10\"><span id=\"input_part_0\" class=\"\" data-mention=\"Ti\u1ebfng \u1ed3n ho\u1ea1t \u0111\u1ed9ng: t\u1ed1i \u0111a 39 dB.\">Ti\u1ebfng \u1ed3n ho\u1ea1t \u0111\u1ed9ng: t\u1ed1i \u0111a 39 dB.<\/span><\/li>\n<li id=\"input_line_11\"><span id=\"input_part_0\" class=\"\" data-mention=\"K\u00edch th\u01b0\u1edbc (kh\u00f4ng c\u00f3 \/ c\u00f3 tay n\u1eafm c\u1eeda): x\u1ea5p x\u1ec9 44 x 50 x 49,8 \/ 55 cm (WxHxD)\">K\u00edch th\u01b0\u1edbc (kh\u00f4ng c\u00f3 \/ c\u00f3 tay n\u1eafm c\u1eeda): x\u1ea5p x\u1ec9 44 x 50 x 49,8 \/ 55 cm (WxHxD)<\/span><\/li>\n<li id=\"input_line_12\"><span id=\"input_part_0\" class=\"\" data-mention=\"Tr\u1ecdng l\u01b0\u1ee3ng : 19kg\">Tr\u1ecdng l\u01b0\u1ee3ng : 19kg<\/span><\/li>\n<li id=\"input_line_13\"><span id=\"input_part_0\" class=\"\" data-mention=\"Dung t\u00edch (l\u00edt): 48\">Dung t\u00edch (l\u00edt): 48<\/span><\/li>\n<li id=\"input_line_14\"><span id=\"input_part_0\" class=\"\" data-mention=\"Nhi\u1ec7t \u0111\u1ed9: 0 \u0111\u1ebfn 10 \u00b0 C\">Nhi\u1ec7t \u0111\u1ed9: 0 \u0111\u1ebfn 10 \u00b0 C<\/span><\/li>\n<li id=\"input_line_15\"><span id=\"input_part_0\" class=\"\" data-mention=\"nhi\u1ec7t \u0111\u1ed9 m\u00f4i tr\u01b0\u1eddng l\u00fd t\u01b0\u1edfng: 16 \u0111\u1ebfn 38 \u00b0 C\">nhi\u1ec7t \u0111\u1ed9 m\u00f4i tr\u01b0\u1eddng l\u00fd t\u01b0\u1edfng: 16 \u0111\u1ebfn 38 \u00b0 C<\/span><\/li>\n<li id=\"input_line_16\"><span id=\"input_part_0\" class=\"\" data-mention=\"Ng\u0103n ch\u1ee9a chai v\u00e0 lon trong c\u1eeda\">Ng\u0103n ch\u1ee9a chai v\u00e0 lon trong c\u1eeda<\/span><\/li>\n<li id=\"input_line_17\"><span id=\"input_part_0\" class=\"\" data-mention=\"Ch\u1eb7n c\u1eeda: \u0111\u00fang, kh\u00f4ng thay \u0111\u1ed5i \u0111\u01b0\u1ee3c\">Ch\u1eb7n c\u1eeda: \u0111\u00fang, kh\u00f4ng thay \u0111\u1ed5i \u0111\u01b0\u1ee3c<\/span><\/li>\n<li id=\"input_line_18\"><span id=\"input_part_0\" class=\"\" data-mention=\"Ch\u00e2n c\u00f3 th\u1ec3 \u0111i\u1ec1u ch\u1ec9nh \u0111\u1ed9 cao\">Ch\u00e2n c\u00f3 th\u1ec3 \u0111i\u1ec1u ch\u1ec9nh \u0111\u1ed9 cao<\/span><\/li>\n<li id=\"input_line_19\"><span id=\"input_part_0\" class=\"\" data-mention=\"M\u00f4i ch\u1ea5t l\u1ea1nh: R600a\">M\u00f4i ch\u1ea5t l\u1ea1nh: R600a<\/span><\/li>\n<li id=\"input_line_20\"><span id=\"input_part_0\" class=\"\" data-mention=\"Thi\u1ebft k\u1ebf retro c\u1ee7a 50\">Thi\u1ebft k\u1ebf retro c\u1ee7a 50<\/span><\/li>\n<li id=\"input_line_21\"><span id=\"input_part_0\" class=\"\" data-mention=\"M\u00e0u s\u1eafc: \u0111\u1ecf.\">M\u00e0u s\u1eafc: \u0111\u1ecf.<\/span><\/li>\n<\/ul>\n<div><\/div>\n<h3 id=\"input_line_4\"><span id=\"input_part_0\" class=\"\" data-mention=\"\ud83c\udde9\ud83c\uddeaT\u1ee7 l\u1ea1nh Klarstein Audrey Mini to\u00e1t l\u00ean v\u1ebb c\u1ed5 \u0111i\u1ec3n \u0111\u1ea7y m\u00e0u s\u1eafc! Ngay c\u1ea3 v\u1edbi y\u00eau c\u1ea7u kh\u00f4ng gian nh\u1ecf nh\u1ea5t, b\u1ea1n c\u00f3 th\u1ec3 l\u00e0m b\u1eebng s\u00e1ng cu\u1ed9c s\u1ed1ng c\u1ee7a m\u00ecnh v\u1edbi nh\u1eefng m\u00f3n \u0103n nh\u1eb9 ho\u1eb7c \u0111\u1ed3 u\u1ed1ng m\u00e1t l\u1ea1nh. \">T\u1ee7 l\u1ea1nh Klarstein KL-Audrey Mini to\u00e1t l\u00ean v\u1ebb c\u1ed5 \u0111i\u1ec3n \u0111\u1ea7y m\u00e0u s\u1eafc<\/span><\/h3>\n<div><span id=\"input_part_0\" class=\"\" data-mention=\"\ud83c\udde9\ud83c\uddeaT\u1ee7 l\u1ea1nh Klarstein Audrey Mini to\u00e1t l\u00ean v\u1ebb c\u1ed5 \u0111i\u1ec3n \u0111\u1ea7y m\u00e0u s\u1eafc! Ngay c\u1ea3 v\u1edbi y\u00eau c\u1ea7u kh\u00f4ng gian nh\u1ecf nh\u1ea5t, b\u1ea1n c\u00f3 th\u1ec3 l\u00e0m b\u1eebng s\u00e1ng cu\u1ed9c s\u1ed1ng c\u1ee7a m\u00ecnh v\u1edbi nh\u1eefng m\u00f3n \u0103n nh\u1eb9 ho\u1eb7c \u0111\u1ed3 u\u1ed1ng m\u00e1t l\u1ea1nh. \"> Ngay c\u1ea3 v\u1edbi y\u00eau c\u1ea7u kh\u00f4ng gian nh\u1ecf nh\u1ea5t, b\u1ea1n c\u00f3 th\u1ec3 l\u00e0m b\u1eebng s\u00e1ng cu\u1ed9c s\u1ed1ng c\u1ee7a m\u00ecnh v\u1edbi nh\u1eefng m\u00f3n \u0103n nh\u1eb9 ho\u1eb7c \u0111\u1ed3 u\u1ed1ng m\u00e1t l\u1ea1nh.<\/span><\/div>\n<\/div>\n<div>\n<figure id=\"attachment_66638\" aria-describedby=\"caption-attachment-66638\" style=\"width: 800px\" class=\"wp-caption alignnone\"><img loading=\"lazy\" decoding=\"async\" class=\"size-large wp-image-66638\" src=\"https:\/\/livinghome.vn\/thiet-bi\/wp-content\/uploads\/nha-bep\/klarstein\/tu-lanh\/tu-lanh-klarstein-kf-audrey\/tu-lanh-klarstein-kf-audrey-1-800x800.jpg\" alt=\"T\u1ee7 l\u1ea1nh Klarstein KL-AUDREY\" width=\"800\" height=\"800\" title=\"\"><figcaption id=\"caption-attachment-66638\" class=\"wp-caption-text\">T\u1ee7 l\u1ea1nh Klarstein KL-AUDREY<\/figcaption><\/figure>\n<\/div>\n<div><\/div>\n<div class=\"entry-content\">\n<h3>Thi\u1ebft k\u1ebf nh\u1ecf g\u1ecdn v\u1edbi dung t\u00edch v\u1eeba ph\u1ea3i<\/h3>\n<div>Chi\u1ebfc t\u1ee7 l\u1ea1nh Klarstein KL-Audrey ki\u1ec3u c\u1ed5 \u0111i\u1ec3n kh\u00e1c th\u01b0\u1eddng v\u1edbi \u00e1nh h\u00e0o quang l\u1ea1c quan mang \u0111\u1ebfn cho m\u1ecdi gian b\u1ebfp gia \u0111\u00ecnh nh\u1ecf v\u00e0 \u0111\u01a1n l\u1ebb, m\u1ed7i ph\u00f2ng kh\u00e1ch ho\u1eb7c ng\u00f4i nh\u00e0 cu\u1ed1i tu\u1ea7n m\u1ed9t s\u1ef1 quy\u1ebfn r\u0169 \u1ea5m \u00e1p. Khoang ch\u1ee9a 48 l\u00edt cung c\u1ea5p nhi\u1ec1u kh\u00f4ng gian v\u00e0 2 t\u1ea7ng v\u00e0 2 ng\u0103n c\u1eeda \u0111\u1ec3 chai, ly, lon \u0111\u1ea3m b\u1ea3o tr\u1eadt t\u1ef1.<\/div>\n<div>Ph\u1ed5 qu\u00e1t: cho ng\u01b0\u1eddi \u0111\u1ed9c th\u00e2n, v\u0103n ph\u00f2ng, ph\u00f2ng kh\u00e1ch v\u00e0 nhi\u1ec1u h\u01a1n n\u1eefa.<\/div>\n<div>\n<figure id=\"attachment_66640\" aria-describedby=\"caption-attachment-66640\" style=\"width: 800px\" class=\"wp-caption alignnone\"><img loading=\"lazy\" decoding=\"async\" class=\"size-large wp-image-66640\" src=\"https:\/\/livinghome.vn\/thiet-bi\/wp-content\/uploads\/nha-bep\/klarstein\/tu-lanh\/tu-lanh-klarstein-kf-audrey\/tu-lanh-klarstein-kf-audrey-4-800x800.jpg\" alt=\"T\u1ee7 l\u1ea1nh Klarstein KL-AUDREY\" width=\"800\" height=\"800\" title=\"\"><figcaption id=\"caption-attachment-66640\" class=\"wp-caption-text\">T\u1ee7 l\u1ea1nh Klarstein KL-AUDREY<\/figcaption><\/figure>\n<\/div>\n<div><\/div>\n<h3>T\u01b0\u01a1i tr\u1ebb &amp; hi\u1ec7n \u0111\u1ea1i<\/h3>\n<div>T\u1ee7 l\u1ea1nh Klarstein KL-Audrey Mini gi\u1ed1ng nh\u01b0 m\u1ed9t chuy\u1ebfn du h\u00e0nh quay ng\u01b0\u1ee3c th\u1eddi gian tr\u1edf v\u1ec1 nh\u1eefng n\u0103m 1950 \u0111\u1ea7y s\u1ea3ng kho\u00e1i.<\/div>\n<div>N\u00fam \u0111i\u1ec1u ch\u1ec9nh t\u1eeb 0-10 \u0111\u1ed9 C<\/div>\n<div>Phong c\u00e1ch: tay c\u1ea7m l\u1edbn, m\u1ea1 crom.<\/div>\n<div>\n<p><img loading=\"lazy\" decoding=\"async\" class=\"size-large wp-image-66639\" src=\"https:\/\/livinghome.vn\/thiet-bi\/wp-content\/uploads\/nha-bep\/klarstein\/tu-lanh\/tu-lanh-klarstein-kf-audrey\/tu-lanh-klarstein-kf-audrey-2-800x800.jpg\" alt=\"T\u1ee7 l\u1ea1nh Klarstein KL-AUDREY\" width=\"800\" height=\"800\" title=\"\"><\/p>\n<\/div>\n<\/div>\n","protected":false},"excerpt":{"rendered":"<p>T\u1ee7 l\u1ea1nh Klarstein KL-AUDREY thi\u1ebft k\u1ebf ki\u1ec3u d\u00e1ng mini 02 ng\u0103n nh\u1ecf g\u1ecdn m\u00e0u \u0111\u1ecf sang tr\u1ecdng n\u1ed5i b\u1eadt \u0110\u1eb7c T\u00ednh N\u1ed5i B\u1eadt Ki\u1ec3u d\u00e1ng: t\u1ee7 l\u1ea1nh mini \u0110i\u1ec1u khi\u1ec3n: quay s\u1ed1 L\u1edbp hi\u1ec7u qu\u1ea3 n\u0103ng l\u01b0\u1ee3ng: F Ti\u1ebfng \u1ed3n ho\u1ea1t \u0111\u1ed9ng: t\u1ed1i \u0111a 39 dB. K\u00edch th\u01b0\u1edbc (kh\u00f4ng c\u00f3 \/ c\u00f3 tay n\u1eafm c\u1eeda): [&#8230;]\n","protected":false},"featured_media":1124,"comment_status":"open","ping_status":"closed","template":"","meta":[],"product_brand":[],"product_cat":[217,201],"product_tag":[218,203,219,220],"class_list":{"0":"post-1094","1":"product","2":"type-product","3":"status-publish","4":"has-post-thumbnail","6":"product_cat-thuong-hieu-klarstein","7":"product_cat-tu-lanh","8":"product_tag-klarstein","9":"product_tag-tu-lanh","10":"product_tag-tu-lanh-klarstein","11":"product_tag-tu-lanh-mini","13":"first","14":"instock","15":"sale","16":"shipping-taxable","17":"purchasable","18":"product-type-simple"},"_links":{"self":[{"href":"https:\/\/livinghome.vn\/thiet-bi\/wp-json\/wp\/v2\/product\/1094","targetHints":{"allow":["GET"]}}],"collection":[{"href":"https:\/\/livinghome.vn\/thiet-bi\/wp-json\/wp\/v2\/product"}],"about":[{"href":"https:\/\/livinghome.vn\/thiet-bi\/wp-json\/wp\/v2\/types\/product"}],"replies":[{"embeddable":true,"href":"https:\/\/livinghome.vn\/thiet-bi\/wp-json\/wp\/v2\/comments?post=1094"}],"wp:featuredmedia":[{"embeddable":true,"href":"https:\/\/livinghome.vn\/thiet-bi\/wp-json\/wp\/v2\/media\/1124"}],"wp:attachment":[{"href":"https:\/\/livinghome.vn\/thiet-bi\/wp-json\/wp\/v2\/media?parent=1094"}],"wp:term":[{"taxonomy":"product_brand","embeddable":true,"href":"https:\/\/livinghome.vn\/thiet-bi\/wp-json\/wp\/v2\/product_brand?post=1094"},{"taxonomy":"product_cat","embeddable":true,"href":"https:\/\/livinghome.vn\/thiet-bi\/wp-json\/wp\/v2\/product_cat?post=1094"},{"taxonomy":"product_tag","embeddable":true,"href":"https:\/\/livinghome.vn\/thiet-bi\/wp-json\/wp\/v2\/product_tag?post=1094"}],"curies":[{"name":"wp","href":"https:\/\/api.w.org\/{rel}","templated":true}]}}