{"id":10920,"date":"2023-04-11T08:37:31","date_gmt":"2023-04-11T08:37:31","guid":{"rendered":"https:\/\/livinghome.vn\/thiet-bi\/?post_type=product&#038;p=10920"},"modified":"2025-07-24T00:27:15","modified_gmt":"2025-07-23T17:27:15","slug":"combo-bep-dien-tu-tomate-tom-77ih-va-may-hut-mui-tomate-tom-3159","status":"publish","type":"product","link":"https:\/\/livinghome.vn\/thiet-bi\/combo-bep-dien-tu-tomate-tom-77ih-va-may-hut-mui-tomate-tom-3159\/","title":{"rendered":"Combo B\u1ebfp \u0110i\u1ec7n T\u1eeb Tomate TOM 77IH V\u00e0 M\u00e1y H\u00fat M\u00f9i Tomate Tom 3159"},"content":{"rendered":"<h2>Combo B\u1ebfp \u0110i\u1ec7n T\u1eeb Tomate TOM 77IH V\u00e0 M\u00e1y H\u00fat M\u00f9i Tomate Tom 3159 &#8211; Thi\u1ebft k\u1ebf hi\u1ec7n \u0111\u1ea1i b\u1ec1n b\u1ec9 theo th\u1eddi gian<\/h2>\n<p>V\u1edbi b\u1ebfp \u0111i\u1ec7n t\u1eeb, b\u1ea1n s\u1ebd kh\u00f4ng c\u1ea7n ph\u1ea3i lo l\u1eafng v\u1ec1 nguy c\u01a1 ch\u00e1y n\u1ed5 hay kh\u00f3i b\u1ee5i. B\u1ebfp \u0111i\u1ec7n t\u1eeb s\u1eed d\u1ee5ng c\u00f4ng ngh\u1ec7 ti\u00ean ti\u1ebfn, l\u00e0m n\u00f3ng n\u1ed3i b\u1eb1ng c\u00e1ch t\u1ea1o ra m\u1ed9t tr\u01b0\u1eddng t\u1eeb \u0111i\u1ec7n t\u1eeb d\u01b0\u1edbi n\u1ed3i. \u0110i\u1ec1u n\u00e0y kh\u00f4ng ch\u1ec9 gi\u00fap b\u1ea1n ti\u1ebft ki\u1ec7m n\u0103ng l\u01b0\u1ee3ng m\u00e0 c\u00f2n \u0111\u1ea3m b\u1ea3o an to\u00e0n cho gia \u0111\u00ecnh. V\u1edbi m\u00e1y h\u00fat m\u00f9i, b\u1ea1n c\u00f3 th\u1ec3 lo\u1ea1i b\u1ecf m\u00f9i kh\u00f3 ch\u1ecbu t\u1eeb vi\u1ec7c n\u1ea5u n\u01b0\u1edbng. N\u00f3 gi\u00fap l\u1ecdc v\u00e0 lo\u1ea1i b\u1ecf kh\u00f3i, m\u00f9i th\u1ee9c \u0103n v\u00e0 h\u01a1i n\u01b0\u1edbc kh\u1ecfi kh\u00f4ng kh\u00ed, l\u00e0m cho kh\u00f4ng gian b\u1ebfp c\u1ee7a b\u1ea1n s\u1ea1ch s\u1ebd v\u00e0 tho\u00e1ng m\u00e1t.<\/p>\n<p>V\u1edbi combo b\u1ebfp \u0111i\u1ec7n t\u1eeb Tomate TOM 77IH v\u00e0 m\u00e1y h\u00fat m\u00f9i M\u00e1y H\u00fat M\u00f9i Tomate Tom 3159, b\u1ea1n s\u1ebd c\u00f3 m\u1ed9t kh\u00f4ng gian b\u1ebfp hi\u1ec7n \u0111\u1ea1i, ti\u1ec7n nghi v\u00e0 an to\u00e0n. Ch\u00fang t\u00f4i cung c\u1ea5p c\u00e1c s\u1ea3n ph\u1ea9m ch\u1ea5t l\u01b0\u1ee3ng cao, gi\u00e1 c\u1ea3 h\u1ee3p l\u00fd v\u00e0 \u0111\u1ea7y \u0111\u1ee7 c\u00e1c t\u00ednh n\u0103ng ti\u1ec7n \u00edch. H\u00e3y \u0111\u1ebfn v\u1edbi ch\u00fang t\u00f4i v\u00e0 trang b\u1ecb cho gia \u0111\u00ecnh m\u00ecnh m\u1ed9t b\u1ebfp tuy\u1ec7t v\u1eddi nh\u1ea5t!<\/p>\n<h2><span id=\"Bep_dien_tu_Tomate_Tom_77IH_mat_kinh_Schott_Ceran\">B\u1ebfp \u0111i\u1ec7n t\u1eeb Tomate Tom 77IH m\u1eb7t k\u00ednh Schott Ceran<\/span><\/h2>\n<h3><span id=\"Chi_tiet_san_pham\"><strong>Chi ti\u1ebft s\u1ea3n ph\u1ea9m<\/strong><\/span><\/h3>\n<ul>\n<li>Ph\u00e2n lo\u1ea1i :\u00a0<a href=\"https:\/\/livinghome.vn\/thiet-bi\/bep-dien-hong-ngoai\/\">B\u1ebfp \u0111i\u1ec7n t\u1eeb<\/a>\u00a02 v\u00f9ng n\u1ea5u<\/li>\n<li>B\u1ebfp \u0111i\u1ec7n t\u1eeb Tomate Tom 77IH l\u00e0 d\u00f2ng b\u1ebfp h\u1ed7n h\u1ee3p \u0111i\u1ec7n t\u1eeb g\u1ed3m 1 v\u00f9ng t\u1eeb (induction) v\u00e0 1 v\u00f9ng n\u1ea5u \u0111i\u1ec7n (hi-light) \u0111\u01b0\u1eddng k\u00ednh 220mm<\/li>\n<li>K\u00edch th\u01b0\u1edbc b\u1ebfp: 720x430x50mm<\/li>\n<li>M\u1eb7t k\u00ednh SCHOTT \u2013 S\u1ea3n xu\u1ea5t t\u1ea1i CHLB \u0110\u1ee9c<\/li>\n<li>H\u1ec7 th\u1ed1ng \u0111i\u1ec1u khi\u1ec3n c\u1ea3m \u1ee9ng d\u1ea1ng tr\u01b0\u1ee3t<\/li>\n<li>M\u00e0n h\u00ecnh hi\u1ec3n th\u1ecb LED<\/li>\n<li>Ch\u1ee9c n\u0103ng nh\u1eadn di\u1ec7n n\u1ed3i<\/li>\n<li>Ch\u1ee9c n\u0103ng h\u1eb9n gi\u1edd<\/li>\n<li>9 m\u1ee9c c\u00f4ng su\u1ea5t<\/li>\n<li>Ch\u1ee9c n\u0103ng n\u1ea5u nhanh \u2013 Booster<\/li>\n<li>Ch\u1ee9c n\u0103ng t\u1ea1m d\u1eebng trong qu\u00e1 tr\u00ecnh n\u1ea5u<\/li>\n<li>B\u1ebfp t\u1eeb TOM 77IH h\u1ee3p t\u00e1c s\u1ea3n xu\u1ea5t T\u00e2y Ban Nha &amp; NIPPON ELECTRIC ( Nh\u1eadt B\u1ea3n )<\/li>\n<\/ul>\n<figure id=\"attachment_43757\" class=\"wp-caption alignnone\" aria-describedby=\"caption-attachment-43757\"><img loading=\"lazy\" decoding=\"async\" class=\"size-large wp-image-43757 lazy-load-active\" src=\"https:\/\/livinghome.vn\/thiet-bi\/wp-content\/uploads\/nha-bep\/tomate\/bep-dien-tu\/bep-dien-tu-hon-hop-tomate-tom-77ih\/bep-dien-tu-hon-hop-tomate-tom-77ih-3-800x800.jpg\" alt=\"B\u1ebfp \u0111i\u1ec7n t\u1eeb Tomate Tom 77IH m\u1eb7t k\u00ednh Schott Ceran\" width=\"800\" height=\"800\" data-src=\"https:\/\/livinghome.vn\/thiet-bi\/wp-content\/uploads\/nha-bep\/tomate\/bep-dien-tu\/bep-dien-tu-hon-hop-tomate-tom-77ih\/bep-dien-tu-hon-hop-tomate-tom-77ih-3-800x800.jpg\" data- title=\"\"><figcaption id=\"caption-attachment-43757\" class=\"wp-caption-text\">B\u1ebfp \u0111i\u1ec7n t\u1eeb Tomate Tom 77IH m\u1eb7t k\u00ednh Schott Ceran<\/figcaption><\/figure>\n<h3><span id=\"Tinh_nang_an_toan\"><strong>T\u00ednh n\u0103ng an to\u00e0n<\/strong><\/span><\/h3>\n<ul>\n<li>Kh\u00f3a an to\u00e0n tr\u1ebb em<\/li>\n<li>C\u1ea3nh b\u00e1o an to\u00e0n \u01a1t v\u00f9ng \u0111i\u1ec1u khi\u1ec3n (v\u1eadt la, ch\u1ea5t l\u1ecfng\u2026)<\/li>\n<li>C\u1ea3nh b\u00e1o\u00a0 d\u01b0 nhi\u1ec7t<\/li>\n<li>H\u1ec7 th\u1ed1ng b\u1ea3o v\u1ec7 an to\u00e0n qu\u00e1 nhi\u1ec7t, qu\u00e1 \u00e1p<\/li>\n<li>B\u1ea3ng \u0111i\u1ec1u khi\u1ec3n:\u00a0c\u1ea3m \u1ee9ng \u00a0(touch): t\u0103ng gi\u1ea3m c\u00f4ng su\u1ea5t b\u1eb1ng c\u00e1ch ch\u1ea1m nh\u1eb9 ng\u00f3n tay. \u0110\u01a1n gi\u1ea3n d\u1ec5 s\u1eed d\u1ee5ng nh\u01b0ng \u0111\u1ea7y c\u1ea3m gi\u00e1c.<\/li>\n<\/ul>\n<figure id=\"attachment_43763\" class=\"wp-caption alignnone\" aria-describedby=\"caption-attachment-43763\"><img loading=\"lazy\" decoding=\"async\" class=\"size-large wp-image-43763 lazy-load-active\" src=\"https:\/\/livinghome.vn\/thiet-bi\/wp-content\/uploads\/nha-bep\/tomate\/bep-dien-tu\/bep-dien-tu-hon-hop-tomate-tom-77ih\/bep-dien-tu-hon-hop-tomate-tom-77ih-6-800x800.jpg\" alt=\"B\u1ebfp \u0111i\u1ec7n t\u1eeb Tomate Tom 77IH m\u1eb7t k\u00ednh Schott Ceran\" width=\"800\" height=\"800\" data-src=\"https:\/\/livinghome.vn\/thiet-bi\/wp-content\/uploads\/nha-bep\/tomate\/bep-dien-tu\/bep-dien-tu-hon-hop-tomate-tom-77ih\/bep-dien-tu-hon-hop-tomate-tom-77ih-6-800x800.jpg\" data- title=\"\"><figcaption id=\"caption-attachment-43763\" class=\"wp-caption-text\">B\u1ebfp \u0111i\u1ec7n t\u1eeb Tomate Tom 77IH m\u1eb7t k\u00ednh Schott Ceran<\/figcaption><\/figure>\n<h3><span id=\"Thong_so_ky_thuat\"><strong>Th\u00f4ng s\u1ed1 k\u1ef9 thu\u1eadt<\/strong><\/span><\/h3>\n<ul>\n<li>C\u00f4ng su\u1ea5t : 0.8\/1.9kW + 3kW<\/li>\n<li>K\u00edch th\u01b0\u1edbc b\u1ebfp: D430 x W720 x H60 mm<\/li>\n<li>K\u00edch th\u01b0\u1edbc c\u1eaft \u0111\u00e1: W680 x D380mm<\/li>\n<\/ul>\n<h2>M\u00e1y h\u00fat m\u00f9i Tomate Tom 3159-90cm ki\u00ea\u0309u da\u0301ng hi\u00ea\u0323n \u0111a\u0323i c\u00f3 nh\u1eefng g\u00ec<\/h2>\n<ul>\n<li><a href=\"https:\/\/livinghome.vn\/thiet-bi\/may-hut-mui\/\">M\u00e1y h\u00fat m\u00f9i<\/a>\u00a0TOM 3159-90cm l\u00e0 d\u00f2ng ma\u0301y hu\u0301t mu\u0300i ki\u0301nh cong v\u01a1\u0301i thi\u00ea\u0301t k\u00ea\u0301 sang tro\u0323ng, th\u00e2n m\u00e1y inox, ki\u00ea\u0309u da\u0301ng hi\u00ea\u0323n \u0111a\u0323i.<\/li>\n<li>M\u00e1y s\u1eed d\u1ee5ng l\u01b0\u1edbi l\u1ecdc nh\u00f4m 5 l\u1edbp, b\u1ec1n v\u00e0 l\u1ecdc kh\u00ed hi\u1ec7u qu\u1ea3. C\u00f4ng su\u1ea5t 850m3\/h.<\/li>\n<\/ul>\n<h3><strong>Th\u00f4ng tin s\u1ea3n ph\u1ea9m<\/strong><\/h3>\n<ul>\n<li>M\u1ee9c c\u00f4ng su\u1ea5t: 3<\/li>\n<li>C\u00f4ng su\u1ea5t: 850m3\/h<\/li>\n<li>\u1ed0ng tho\u00e1t: 150mm<\/li>\n<li>\u0110\u00e8n: 2x2W LED<\/li>\n<li>L\u01b0\u1edbi l\u1ecdc nh\u00f4m: An to\u00e0n v\u1edbi m\u00e1y r\u1eeda ch\u00e9n<\/li>\n<li>H\u1ec7 th\u1ed1ng b\u1ea3o v\u1ec7: N-RV system<\/li>\n<li>Ch\u1ee9c n\u0103ng l\u1ef1a ch\u1ecdn h\u00fat \u0111\u1ea9y: Tr\u1ef1c ti\u1ebfp qua \u1ed1ng tho\u00e1t ho\u1eb7c tu\u1ea7n ho\u00e0n b\u1eb1ng than ho\u1ea1t t\u00ednh<\/li>\n<li>S\u1ea3n xu\u1ea5t theo thi\u1ebft k\u1ebf v\u00e0 \u1ee7y quy\u1ec1n TOMATE Electrodom\u00e9sticos T\u00e2y Ban Nha.<\/li>\n<li>T\u1ea7n s\u1ed1 : 50\/60 Hz<\/li>\n<\/ul>\n<figure id=\"attachment_44529\" class=\"wp-caption alignnone\" aria-describedby=\"caption-attachment-44529\"><img loading=\"lazy\" decoding=\"async\" class=\"size-large wp-image-44529 lazy-load-active\" src=\"https:\/\/livinghome.vn\/thiet-bi\/wp-content\/uploads\/nha-bep\/tomate\/may-hut-mui\/may-hut-mui-ong-khoi\/may-khu-mui-treo-tuonh-tomate-tom-3159-90cm-1-800x800.jpg\" alt=\"M\u00e1y h\u00fat m\u00f9i Tomate Tom 3159-90cm ki\u00ea\u0309u da\u0301ng hi\u00ea\u0323n \u0111a\u0323i\" width=\"800\" height=\"800\" data-src=\"https:\/\/livinghome.vn\/thiet-bi\/wp-content\/uploads\/nha-bep\/tomate\/may-hut-mui\/may-hut-mui-ong-khoi\/may-khu-mui-treo-tuonh-tomate-tom-3159-90cm-1-800x800.jpg\" data- title=\"\"><figcaption id=\"caption-attachment-44529\" class=\"wp-caption-text\">KI\u1ec3u d\u00e1ng : M\u00e1y h\u00fat m\u00f9i Tomate Tom 3159-90cm ki\u00ea\u0309u da\u0301ng hi\u00ea\u0323n \u0111a\u0323i<\/figcaption><\/figure>\n<h3>\u0110\u1eb7c \u0111i\u1ec3m<\/h3>\n<ul>\n<li>Ki\u1ec3u d\u00e1ng : Treo t\u01b0\u1eddng, k\u00ednh cong<\/li>\n<li>Th\u00e2n m\u00e1y : Inox+K\u00ednh c\u01b0\u1eddng l\u1ef1c<\/li>\n<li>K\u00edch th\u01b0\u1edbc : 900 mm<\/li>\n<li>\u0110i\u1ec1u khi\u1ec3n : N\u00fat b\u1ea5m<\/li>\n<\/ul>\n<h3><strong>QU\u00c0 T\u1eb6NG \u0110\u1eb6C BI\u1ec6T B\u1ed8 3 N\u1ed2I INOX FIVESTAR\u00a0FSB3IN004<\/strong><\/h3>\n<figure id=\"attachment_10893\" aria-describedby=\"caption-attachment-10893\" style=\"width: 900px\" class=\"wp-caption alignnone\"><img loading=\"lazy\" decoding=\"async\" class=\"size-full wp-image-10893\" src=\"https:\/\/livinghome.vn\/thiet-bi\/wp-content\/uploads\/nha-bep\/combo-bep-dien-tu-may-hut-mui\/combo-3-2023\/Bep-dien-tu-may-hut-mui-3-2023-noi.jpg\" alt=\"B\u1ed9 3 n\u1ed3i inox Fivestar\u00a0FSB3IN004\u00a0\" width=\"900\" height=\"900\" title=\"\" srcset=\"https:\/\/livinghome.vn\/thiet-bi\/wp-content\/uploads\/nha-bep\/combo-bep-dien-tu-may-hut-mui\/combo-3-2023\/Bep-dien-tu-may-hut-mui-3-2023-noi.jpg 900w, https:\/\/livinghome.vn\/thiet-bi\/wp-content\/uploads\/nha-bep\/combo-bep-dien-tu-may-hut-mui\/combo-3-2023\/Bep-dien-tu-may-hut-mui-3-2023-noi-300x300.jpg 300w, https:\/\/livinghome.vn\/thiet-bi\/wp-content\/uploads\/nha-bep\/combo-bep-dien-tu-may-hut-mui\/combo-3-2023\/Bep-dien-tu-may-hut-mui-3-2023-noi-100x100.jpg 100w, https:\/\/livinghome.vn\/thiet-bi\/wp-content\/uploads\/nha-bep\/combo-bep-dien-tu-may-hut-mui\/combo-3-2023\/Bep-dien-tu-may-hut-mui-3-2023-noi-600x600.jpg 600w, https:\/\/livinghome.vn\/thiet-bi\/wp-content\/uploads\/nha-bep\/combo-bep-dien-tu-may-hut-mui\/combo-3-2023\/Bep-dien-tu-may-hut-mui-3-2023-noi-400x400.jpg 400w, https:\/\/livinghome.vn\/thiet-bi\/wp-content\/uploads\/nha-bep\/combo-bep-dien-tu-may-hut-mui\/combo-3-2023\/Bep-dien-tu-may-hut-mui-3-2023-noi-800x800.jpg 800w, https:\/\/livinghome.vn\/thiet-bi\/wp-content\/uploads\/nha-bep\/combo-bep-dien-tu-may-hut-mui\/combo-3-2023\/Bep-dien-tu-may-hut-mui-3-2023-noi-280x280.jpg 280w, https:\/\/livinghome.vn\/thiet-bi\/wp-content\/uploads\/nha-bep\/combo-bep-dien-tu-may-hut-mui\/combo-3-2023\/Bep-dien-tu-may-hut-mui-3-2023-noi-768x768.jpg 768w\" sizes=\"auto, (max-width: 900px) 100vw, 900px\" \/><figcaption id=\"caption-attachment-10893\" class=\"wp-caption-text\">B\u1ed9 3 n\u1ed3i inox Fivestar FSB3IN004<\/figcaption><\/figure>\n<p>B\u1ed9 3 n\u1ed3i inox Fivestar g\u1ed3m 3 n\u1ed3i c\u00f3 k\u00edch th\u01b0\u1edbc l\u1ea7n l\u01b0\u1ee3t l\u00e0 16 cm, 20 cm, 24 cm<br \/>\nN\u1ed3i ph\u00f9 h\u1ee3p \u0111\u1ec3 n\u1ea5u n\u01b0\u1edbng cho t\u1eeb 2 \u0111\u1ebfn 6 ng\u01b0\u1eddi d\u00f9ng. V\u1edbi n\u1ed3i 16 cm b\u1ea1n c\u00f3 th\u1ec3 lu\u1ed9c 4 c\u00e1i tr\u1ee9ng g\u00e0. V\u1edbi n\u1ed3i 20 cm b\u1ea1n c\u00f3 th\u1ec3 lu\u1ed9c g\u00e0 0,5 kg. V\u1edbi n\u1ed3i 24 cm b\u1ea1n c\u00f3 th\u1ec3 n\u1ea5u l\u1ea9u cho 3 ng\u01b0\u1eddi \u0103n.<\/p>\n<p><strong>B\u1ed9 n\u1ed3i Fivestar g\u1ed3m c\u00f3 3 n\u1ed3i v\u1edbi c\u00e1c k\u00edch th\u01b0\u1edbc kh\u00e1c nhau<\/strong><\/p>\n<p>B\u1ed9 n\u1ed3i Fivestar \u0111\u01b0\u1ee3c s\u1ea3n xu\u1ea5t t\u1ea1i Vi\u1ec7t Nam, m\u00e0u inox b\u1ea1c n\u1ed5i b\u1eadt, \u0111\u1eb9p m\u1eaft \u0110\u00e1p \u1ee9ng nhu c\u1ea7u s\u1eed d\u1ee5ng trong c\u00e1c gia \u0111\u00ecnh hi\u1ec7n \u0111\u1ea1i, nh\u00e0 h\u00e0ng, qu\u00e1n \u0103n,\u2026N\u1ed3i b\u1eb1ng inox 430 b\u1ec1n, s\u00e1ng b\u00f3ng, \u00edt b\u1ecb oxi h\u00f3a, an to\u00e0n cho s\u1ee9c kh\u1ecfe ng\u01b0\u1eddi d\u00f9ng, d\u1ec5 v\u1ec7 sinh.<\/p>\n<p><strong>N\u1ed3i Fivestar inox b\u00f3ng s\u00e1ng, b\u1ec1n b\u1ec9<\/strong><\/p>\n<p>N\u1ed3i c\u00f3 tay c\u1ea7m ch\u1eafc ch\u1eafn. Nh\u01b0ng kh\u00f4ng c\u00e1ch nhi\u1ec7t, b\u1ea1n c\u00f3 th\u1ec3 s\u1eed d\u1ee5ng mi\u1ebfng nh\u1ea5c n\u1ed3i \u0111\u1ec3 d\u1ec5 c\u1ea7m v\u00e0 ti\u1ec7n di chuy\u1ec3n n\u1ed3i.<\/p>\n<p><strong>N\u1ed3i Fivestar c\u00f3 tay c\u1ea7m ch\u1eafc ch\u1eafn<\/strong><\/p>\n<p>N\u1eafp n\u1ed3i b\u1eb1ng k\u00ednh ch\u1ecbu l\u1ef1c. N\u1eafp n\u1ed3i Fivestar \u0111\u01b0\u1ee3c l\u00e0m b\u1eb1ng k\u00ednh ch\u1ecbu l\u1ef1c gi\u00fap ch\u1ecbu l\u1ef1c v\u00e0 gi\u1eef nhi\u1ec7t t\u1ed1t, d\u1ec5 d\u00e0ng quan s\u00e1t th\u1ee9c \u0103n trong su\u1ed1t qu\u00e1 tr\u00ecnh n\u1ea5u.<\/p>\n<p><strong>N\u1eafp n\u1ed3i Fivestar b\u1eb1ng k\u00ednh ch\u1ecbu l\u1ef1c d\u1ec5 d\u00e0ng quan s\u00e1t<\/strong><\/p>\n<p>N\u1ed3i c\u00f3 c\u1ea5u t\u1ea1o 3 \u0111\u00e1y b\u1ec1n ch\u1eafc<br \/>\n\u0110\u00e1y n\u1ed3i thi\u1ebft k\u1ebf r\u1ed9ng, ph\u1eb3ng, d\u1eadp 3 l\u1edbp (inox 430 \u2013 nh\u00f4m \u2013 inox 430). \u0110\u1eb7c t\u00ednh c\u1ee7a inox l\u00e0 \u00edt ph\u1ea3n \u1ee9ng v\u1edbi th\u1ee9c \u0103n, an to\u00e0n s\u1ee9c kh\u1ecfe, \u0111\u1eb7c t\u00ednh c\u1ee7a nh\u00f4m l\u00e0 h\u1ea5p thu nhi\u1ec7t t\u1ed1t, t\u1ecfa nhi\u1ec7t \u0111\u1ec1u, n\u1ea5u th\u1ee9c \u0103n ch\u00edn nhanh, ti\u1ebft ki\u1ec7m n\u0103ng l\u01b0\u1ee3ng t\u1ed1i \u01b0u.<\/p>\n<p><strong>N\u1ed3i Fivestar c\u00f3 c\u1ea5u t\u1ea1o \u0111\u00e1y 3 l\u1edbp b\u1ec1n ch\u1eafc<\/strong><\/p>\n<p>B\u1ed9 n\u1ed3i c\u00f3 th\u1ec3 s\u1eed d\u1ee5ng \u0111\u01b0\u1ee3c tr\u00ean b\u1ebfp gas, b\u1ebfp h\u1ed3ng ngo\u1ea1i v\u00e0 b\u1ebfp t\u1eeb<br \/>\nB\u1ed9 n\u1ed3i inox 3 \u0111\u00e1y n\u1eafp k\u00ednh Fivestar FS06ING c\u00f3 th\u1ec3 d\u00f9ng \u0111\u01b0\u1ee3c cho b\u1ebfp t\u1eeb, h\u1ed3ng ngo\u1ea1i, b\u1ebfp gas<\/p>\n<p>B\u1ed9 3 n\u1ed3i inox 3 \u0111\u00e1y n\u1eafp k\u00ednh Fivestar FSB3IN004 l\u00e0 b\u1ed9 s\u1ea3n ph\u1ea9m kh\u00f4ng th\u1ec3 thi\u1ebfu trong nh\u1eefng gian b\u1ebfp, gi\u00fap c\u00f4ng vi\u1ec7c n\u1ea5u n\u01b0\u1edbng tr\u1edf n\u00ean ti\u1ec7n l\u1ee3i h\u01a1n, d\u1ec5 d\u00e0ng h\u01a1n<\/p>\n","protected":false},"excerpt":{"rendered":"<p>B\u1ebfp \u0111i\u1ec7n t\u1eeb Tomate Tom 77IH &#8211; D\u00f2ng b\u1ebfp 1 \u0111i\u1ec7n 1 t\u1eeb<br \/>\n&#8211; Xu\u1ea5t x\u1ee9: T\u00e2y Ban Nha<br \/>\n&#8211; M\u1eb7t k\u00ednh: Schott Ceran (\u0110\u1ee9c)<br \/>\n&#8211; B\u1ea3ng \u0111i\u1ec1u khi\u1ec3n: C\u1ea3m \u1ee9ng d\u1ea1ng tr\u01b0\u1ee3t Slide<br \/>\n&#8211; C\u00f4ng su\u1ea5t: 3700W<br \/>\n&#8211; K\u00edch th\u01b0\u1edbc m\u00e1y: 720 mm x430 mm<br \/>\n&#8211; K\u00edch th\u01b0\u1edbc l\u1eafp \u00e2m: 680 mm x 380 mm<br \/>\n&#8212;&#8212;&#8212;&#8212;&#8212;&#8212;&#8212;&#8212;&#8212;&#8212;&#8212;&#8212;&#8212;&#8212;&#8212;&#8212;&#8212;&#8212;<br \/>\nM\u00e1y h\u00fat m\u00f9i Tomate Tom 3159 &#8211; D\u00f2ng m\u00e1y h\u00fat m\u00f9i k\u00ednh cong g\u1eafn t\u01b0\u1eddng<br \/>\n&#8211; Xu\u1ea5t x\u1ee9: Th\u1ed5 Nh\u0129 K\u1ef3<br \/>\n&#8211; C\u00f4ng su\u1ea5t: 850m3\/h<br \/>\n&#8211; \u0110i\u1ec1u khi\u1ec3n: N\u00fat b\u1ea5m<br \/>\n&#8211; \u0110\u1ed9 \u1ed3n t\u1ed1i \u0111a: &lt;60 dba<br \/>\n&#8211; K\u00edch th\u01b0\u1edbc m\u00e1y: 700mm ho\u1eb7c 900 mm<\/p>\n<p>B\u1ed9 3 n\u1ed3i inox 3 \u0111\u00e1y ch\u1ea5t li\u1ec7u inox 430 b\u1ec1n t\u1ed1t, s\u00e1ng b\u00f3ng, an to\u00e0n s\u1ee9c kh\u1ecfe ng\u01b0\u1eddi d\u00f9ng.<br \/>\nB\u1ed9 3 n\u1ed3i c\u00f3 k\u00edch th\u01b0\u1edbc 16 cm, 20 cm, 24 cm, ph\u00f9 h\u1ee3p n\u1ea5u \u0103n cho 2 \u0111\u1ebfn 6 ng\u01b0\u1eddi d\u00f9ng, lu\u1ed9c g\u00e0 nguy\u00ean con kho\u1ea3ng 2 kg.<br \/>\nTay c\u1ea7m to b\u1ea3n ch\u1eafc ch\u1eafn d\u1ec5 c\u1ea7m, ti\u1ec7n di chuy\u1ec3n.<br \/>\nN\u1eafp k\u00ednh c\u01b0\u1eddng l\u1ef1c ch\u1ecbu nhi\u1ec7t, l\u1ef1c t\u1ed1t, d\u1ec5 d\u00e0ng quan s\u00e1t th\u1ee9c \u0103n trong qu\u00e1 tr\u00ecnh n\u1ea5u.<br \/>\nN\u1ed3i d\u00f9ng \u0111\u01b0\u1ee3c tr\u00ean b\u1ebfp gas, b\u1ebfp h\u1ed3ng ngo\u1ea1i v\u00e0 b\u1ebfp t\u1eeb.<br \/>\nTh\u01b0\u01a1ng hi\u1ec7u Fivestar \u2013 Vi\u1ec7t Nam, s\u1ea3n xu\u1ea5t t\u1ea1i Vi\u1ec7t Nam.<\/p>\n","protected":false},"featured_media":10921,"comment_status":"open","ping_status":"closed","template":"","meta":[],"product_brand":[],"product_cat":[874],"product_tag":[982,81,113,983,1713,86,90],"class_list":{"0":"post-10920","1":"product","2":"type-product","3":"status-publish","4":"has-post-thumbnail","6":"product_cat-combo-bep-dien-tu-va-may-hut-mui-hap-dan","7":"product_tag-bep-1-dien-1-tu","8":"product_tag-bep-dien-tu","9":"product_tag-bep-dien-tu-2-vung-nau","10":"product_tag-bep-dien-tu-mat-kinh-schott-ceran","11":"product_tag-combo-bep-dien-tu-va-may-hut-mui","12":"product_tag-may-hut-mui","13":"product_tag-may-hut-mui-gan-tuong","15":"first","16":"instock","17":"sale","18":"shipping-taxable","19":"purchasable","20":"product-type-simple"},"_links":{"self":[{"href":"https:\/\/livinghome.vn\/thiet-bi\/wp-json\/wp\/v2\/product\/10920","targetHints":{"allow":["GET"]}}],"collection":[{"href":"https:\/\/livinghome.vn\/thiet-bi\/wp-json\/wp\/v2\/product"}],"about":[{"href":"https:\/\/livinghome.vn\/thiet-bi\/wp-json\/wp\/v2\/types\/product"}],"replies":[{"embeddable":true,"href":"https:\/\/livinghome.vn\/thiet-bi\/wp-json\/wp\/v2\/comments?post=10920"}],"wp:featuredmedia":[{"embeddable":true,"href":"https:\/\/livinghome.vn\/thiet-bi\/wp-json\/wp\/v2\/media\/10921"}],"wp:attachment":[{"href":"https:\/\/livinghome.vn\/thiet-bi\/wp-json\/wp\/v2\/media?parent=10920"}],"wp:term":[{"taxonomy":"product_brand","embeddable":true,"href":"https:\/\/livinghome.vn\/thiet-bi\/wp-json\/wp\/v2\/product_brand?post=10920"},{"taxonomy":"product_cat","embeddable":true,"href":"https:\/\/livinghome.vn\/thiet-bi\/wp-json\/wp\/v2\/product_cat?post=10920"},{"taxonomy":"product_tag","embeddable":true,"href":"https:\/\/livinghome.vn\/thiet-bi\/wp-json\/wp\/v2\/product_tag?post=10920"}],"curies":[{"name":"wp","href":"https:\/\/api.w.org\/{rel}","templated":true}]}}