{"id":10894,"date":"2023-04-11T03:47:07","date_gmt":"2023-04-11T03:47:07","guid":{"rendered":"https:\/\/livinghome.vn\/thiet-bi\/?post_type=product&#038;p=10894"},"modified":"2024-11-29T14:19:12","modified_gmt":"2024-11-29T07:19:12","slug":"combo-bep-tu-dmestik-ml921-dkt-va-may-hut-mui-dmestik-es3090-dmk","status":"publish","type":"product","link":"https:\/\/livinghome.vn\/thiet-bi\/combo-bep-tu-dmestik-ml921-dkt-va-may-hut-mui-dmestik-es3090-dmk\/","title":{"rendered":"Combo B\u1ebfp \u0110i\u1ec7n T\u1eeb Dmestik ML921 DKT V\u00e0 M\u00e1y H\u00fat M\u00f9i Dmestik ES3090 DMK"},"content":{"rendered":"<h2>Combo B\u1ebfp \u0110i\u1ec7n T\u1eeb Dmestik ML921 DKT V\u00e0 M\u00e1y H\u00fat M\u00f9i Dmestik ES3090 DMK &#8211; c\u1eb7p \u0111\u00f4i ho\u00e0n h\u1ea3o cho kh\u00f4ng gian b\u1ebfp c\u1ee7a b\u1ea1n<\/h2>\n<p>V\u1edbi b\u1ebfp \u0111i\u1ec7n t\u1eeb, b\u1ea1n s\u1ebd kh\u00f4ng c\u1ea7n ph\u1ea3i lo l\u1eafng v\u1ec1 nguy c\u01a1 ch\u00e1y n\u1ed5 hay kh\u00f3i b\u1ee5i. B\u1ebfp t\u1eeb s\u1eed d\u1ee5ng c\u00f4ng ngh\u1ec7 ti\u00ean ti\u1ebfn, l\u00e0m n\u00f3ng n\u1ed3i b\u1eb1ng c\u00e1ch t\u1ea1o ra m\u1ed9t tr\u01b0\u1eddng t\u1eeb \u0111i\u1ec7n t\u1eeb d\u01b0\u1edbi n\u1ed3i. \u0110i\u1ec1u n\u00e0y kh\u00f4ng ch\u1ec9 gi\u00fap b\u1ea1n ti\u1ebft ki\u1ec7m n\u0103ng l\u01b0\u1ee3ng m\u00e0 c\u00f2n \u0111\u1ea3m b\u1ea3o an to\u00e0n cho gia \u0111\u00ecnh. V\u1edbi m\u00e1y h\u00fat m\u00f9i, b\u1ea1n c\u00f3 th\u1ec3 lo\u1ea1i b\u1ecf m\u00f9i kh\u00f3 ch\u1ecbu t\u1eeb vi\u1ec7c n\u1ea5u n\u01b0\u1edbng. N\u00f3 gi\u00fap l\u1ecdc v\u00e0 lo\u1ea1i b\u1ecf kh\u00f3i, m\u00f9i th\u1ee9c \u0103n v\u00e0 h\u01a1i n\u01b0\u1edbc kh\u1ecfi kh\u00f4ng kh\u00ed, l\u00e0m cho kh\u00f4ng gian b\u1ebfp c\u1ee7a b\u1ea1n s\u1ea1ch s\u1ebd v\u00e0 tho\u00e1ng m\u00e1t.<\/p>\n<p>V\u1edbi combo b\u1ebfp \u0111i\u1ec7n t\u1eeb Dmestik ML921 DKT v\u00e0 m\u00e1y h\u00fat m\u00f9i Dmestik ES3090 DMK, b\u1ea1n s\u1ebd c\u00f3 m\u1ed9t kh\u00f4ng gian b\u1ebfp hi\u1ec7n \u0111\u1ea1i, ti\u1ec7n nghi v\u00e0 an to\u00e0n. Ch\u00fang t\u00f4i cung c\u1ea5p c\u00e1c s\u1ea3n ph\u1ea9m ch\u1ea5t l\u01b0\u1ee3ng cao, gi\u00e1 c\u1ea3 h\u1ee3p l\u00fd v\u00e0 \u0111\u1ea7y \u0111\u1ee7 c\u00e1c t\u00ednh n\u0103ng ti\u1ec7n \u00edch. H\u00e3y \u0111\u1ebfn v\u1edbi ch\u00fang t\u00f4i v\u00e0 trang b\u1ecb cho gia \u0111\u00ecnh m\u00ecnh m\u1ed9t b\u1ebfp tuy\u1ec7t v\u1eddi nh\u1ea5t!<\/p>\n<blockquote><p>B\u1ebfp \u0111i\u1ec7n t\u1eeb Dmestik ML921 DKT cao c\u1ea5p 9 m\u1ee9c \u0111i\u1ec1u ch\u1ec9nh nhi\u1ec7t m\u1eb7t k\u00ednh Kanger ch\u1ecbu l\u1ef1c, ch\u1ecbu nhi\u1ec7t<\/p><\/blockquote>\n<h3>Gi\u1eddi thi\u1ec7u s\u1ea3n ph\u1ea9m<\/h3>\n<ul>\n<li>Ph\u00e2n lo\u1ea1i :\u00a0<a href=\"https:\/\/livinghome.vn\/thiet-bi\/bep-dien-tu-ket-hop\/\">B\u1ebfp \u0111i\u1ec7n t\u1eeb<\/a>\u00a02 v\u00f9ng n\u1ea5u<\/li>\n<li>M\u1eb7t k\u00ednh Kanger ch\u1ecbu l\u1ef1c, ch\u1ecbu nhi\u1ec7t, ch\u1ed1ng tr\u1ea7y x\u01b0\u1edbc cao\u00a0v\u00e1t 4 m\u1eb7t<\/li>\n<li>B\u1ea3ng \u0111i\u1ec1u khi\u1ec3n c\u1ea3m \u1ee9ng d\u1ea1ng tr\u01b0\u1ee3t slider<\/li>\n<li>T\u1ef1 \u0111\u1ed9ng nh\u1eadn di\u1ec7n n\u1ed3i v\u00e0 k\u00edch th\u01b0\u1edbc n\u1ed3i<\/li>\n<li>9 m\u1ee9c \u0111i\u1ec1u ch\u1ec9nh nhi\u1ec7t + booster<\/li>\n<li>C\u00f4ng ngh\u1ec7 inverter ti\u1ebft ki\u1ec7m \u0111i\u1ec7n<\/li>\n<li>Kh\u00f3a an to\u00e0n cho tr\u1ebb em<\/li>\n<li>Ch\u1ee9c n\u0103ng h\u1eb9n gi\u1edd n\u1ea5u tr\u00ean t\u1eebng b\u1ebfp<\/li>\n<li>C\u1ea3nh b\u00e1o nhi\u1ec7t d\u01b0 tr\u00ean m\u1eb7t b\u1ebfp sau n\u1ea5u<\/li>\n<li>T\u1ef1 \u0111\u1ed9ng t\u1eaft b\u1ebfp khi qu\u00e1 nhi\u1ec7t, qu\u00e1 \u00e1p<\/li>\n<li>Kh\u00f4ng chia s\u1ebb c\u00f4ng su\u1ea5t<\/li>\n<\/ul>\n<p>B\u1ebfp \u0111i\u1ec7n t\u1eeb Dmestik ML921 DKTm\u1ed9t v\u00f9ng n\u1ea5u t\u1eeb m\u1ed9t v\u00f9ng n\u1ea5u h\u1ed3ng ngo\u1ea1i \u0111\u01b0\u1ee3c nh\u1eadp kh\u1ea9u nguy\u00ean chi\u1ebfc t\u1eeb Th\u00e1i Lan tr\u00ean s\u1ef1 ki\u1ec3m \u0111\u1ecbnh nghi\u00eam ng\u1eb7t v\u1ec1 ch\u1ea5t l\u01b0\u1ee3ng c\u1ee7a t\u1eadp \u0111o\u00e0n CNA, chi\u1ebfc B\u1ebfp \u0111i\u1ec7n t\u1eeb Dmestik ML921 DKT c\u00f3 gi\u00e1 th\u00e0nh th\u1ea5p h\u01a1n nhi\u1ec1u so v\u00f3i c\u00e1c d\u00f2ng nh\u1eadp kh\u1ea9u nguy\u00ean chi\u1ebfc tuy nhi\u00ean v\u1ec1 t\u00ednh n\u0103ng v\u00e0 ch\u1ea5t l\u01b0\u1ee3ng th\u00ec kh\u00f4ng h\u1ec1 thua k\u00e9m.<\/p>\n<figure id=\"attachment_53375\" class=\"wp-caption aligncenter\" aria-describedby=\"caption-attachment-53375\"><figcaption id=\"caption-attachment-53375\" class=\"wp-caption-text\">\n<figure id=\"attachment_10586\" aria-describedby=\"caption-attachment-10586\" style=\"width: 900px\" class=\"wp-caption alignnone\"><img loading=\"lazy\" decoding=\"async\" class=\"size-full wp-image-10586\" src=\"https:\/\/livinghome.vn\/thiet-bi\/wp-content\/uploads\/blog\/bep-dien-tu\/top-6-bep-dien-tu-gia-re-dep-tot-dang-mua\/top-6-bep-dien-tu-gia-re-dep-tot-dang-mua-4.jpg\" alt=\"Top 6+ b\u1ebfp \u0111i\u1ec7n t\u1eeb gi\u00e1 r\u1ebb \u0111\u1eb9p t\u1ed1t \u0111\u00e1ng mua\" width=\"900\" height=\"900\" title=\"\" srcset=\"https:\/\/livinghome.vn\/thiet-bi\/wp-content\/uploads\/blog\/bep-dien-tu\/top-6-bep-dien-tu-gia-re-dep-tot-dang-mua\/top-6-bep-dien-tu-gia-re-dep-tot-dang-mua-4.jpg 900w, https:\/\/livinghome.vn\/thiet-bi\/wp-content\/uploads\/blog\/bep-dien-tu\/top-6-bep-dien-tu-gia-re-dep-tot-dang-mua\/top-6-bep-dien-tu-gia-re-dep-tot-dang-mua-4-300x300.jpg 300w, https:\/\/livinghome.vn\/thiet-bi\/wp-content\/uploads\/blog\/bep-dien-tu\/top-6-bep-dien-tu-gia-re-dep-tot-dang-mua\/top-6-bep-dien-tu-gia-re-dep-tot-dang-mua-4-100x100.jpg 100w, https:\/\/livinghome.vn\/thiet-bi\/wp-content\/uploads\/blog\/bep-dien-tu\/top-6-bep-dien-tu-gia-re-dep-tot-dang-mua\/top-6-bep-dien-tu-gia-re-dep-tot-dang-mua-4-600x600.jpg 600w, https:\/\/livinghome.vn\/thiet-bi\/wp-content\/uploads\/blog\/bep-dien-tu\/top-6-bep-dien-tu-gia-re-dep-tot-dang-mua\/top-6-bep-dien-tu-gia-re-dep-tot-dang-mua-4-400x400.jpg 400w, https:\/\/livinghome.vn\/thiet-bi\/wp-content\/uploads\/blog\/bep-dien-tu\/top-6-bep-dien-tu-gia-re-dep-tot-dang-mua\/top-6-bep-dien-tu-gia-re-dep-tot-dang-mua-4-800x800.jpg 800w, https:\/\/livinghome.vn\/thiet-bi\/wp-content\/uploads\/blog\/bep-dien-tu\/top-6-bep-dien-tu-gia-re-dep-tot-dang-mua\/top-6-bep-dien-tu-gia-re-dep-tot-dang-mua-4-280x280.jpg 280w, https:\/\/livinghome.vn\/thiet-bi\/wp-content\/uploads\/blog\/bep-dien-tu\/top-6-bep-dien-tu-gia-re-dep-tot-dang-mua\/top-6-bep-dien-tu-gia-re-dep-tot-dang-mua-4-768x768.jpg 768w\" sizes=\"auto, (max-width: 900px) 100vw, 900px\" \/><figcaption id=\"caption-attachment-10586\" class=\"wp-caption-text\">B\u1ebfp \u0111i\u1ec7n t\u1eeb Dmestik ML921 DKT 2 v\u00f9ng n\u1ea5u cao c\u1ea5p<\/figcaption><\/figure>\n<p>B\u1ebfp \u0111i\u1ec7n t\u1eeb Dmestik ML921 DKT cao c\u1ea5p 9 m\u1ee9c \u0111i\u1ec1u ch\u1ec9nh nhi\u1ec7t<\/p>\n<\/figcaption><\/figure>\n<h3>Th\u00f4ng s\u1ed1 k\u1ef9 thu\u1eadt<\/h3>\n<ul>\n<li>K\u00edch th\u01b0\u1edbc b\u1ec1 m\u1eb7t: 730mm x 430mm<\/li>\n<li>K\u00edch th\u01b0\u1edbc kho\u00e9t \u0111\u00e1: 690mm x 390mm<\/li>\n<li>T\u1ed5ng c\u00f4ng su\u1ea5t t\u1ed1i \u0111a: 4.6kw<\/li>\n<li>B\u1ebfp tr\u00e1i: b\u1ebfp t\u1eeb 2.0kw, booster 2.4kw.\u00a0\u00a0\u00d8220<\/li>\n<li>B\u1ebfp ph\u1ea3i: b\u1ebfp \u0111i\u1ec7n highlight 2.2kw.\u00a0\u00a0\u00d8220<\/li>\n<li>V\u00f9ng n\u1ea5u: 1 t\u1eeb 1 \u0111i\u1ec7n<\/li>\n<li>Xu\u1ea5t x\u1ee9: Malaysia<\/li>\n<li>B\u1ea3o h\u00e0nh: ch\u00ednh h\u00e3ng 3 n\u0103m<\/li>\n<\/ul>\n<h2><strong>M\u00e1y h\u00fat m\u00f9i Dmestik ES3090 DMK m\u00e0u \u0111en sang tr\u1ecdng<\/strong><\/h2>\n<p><img loading=\"lazy\" decoding=\"async\" class=\"alignnone size-full wp-image-10896\" src=\"https:\/\/livinghome.vn\/thiet-bi\/wp-content\/uploads\/2023\/04\/may-hut-mui-dmestik-es-3090-dmk.png\" alt=\"\" width=\"900\" height=\"900\" title=\"\" srcset=\"https:\/\/livinghome.vn\/thiet-bi\/wp-content\/uploads\/2023\/04\/may-hut-mui-dmestik-es-3090-dmk.png 900w, https:\/\/livinghome.vn\/thiet-bi\/wp-content\/uploads\/2023\/04\/may-hut-mui-dmestik-es-3090-dmk-300x300.png 300w, https:\/\/livinghome.vn\/thiet-bi\/wp-content\/uploads\/2023\/04\/may-hut-mui-dmestik-es-3090-dmk-100x100.png 100w, https:\/\/livinghome.vn\/thiet-bi\/wp-content\/uploads\/2023\/04\/may-hut-mui-dmestik-es-3090-dmk-600x600.png 600w, https:\/\/livinghome.vn\/thiet-bi\/wp-content\/uploads\/2023\/04\/may-hut-mui-dmestik-es-3090-dmk-400x400.png 400w, https:\/\/livinghome.vn\/thiet-bi\/wp-content\/uploads\/2023\/04\/may-hut-mui-dmestik-es-3090-dmk-800x800.png 800w, https:\/\/livinghome.vn\/thiet-bi\/wp-content\/uploads\/2023\/04\/may-hut-mui-dmestik-es-3090-dmk-280x280.png 280w, https:\/\/livinghome.vn\/thiet-bi\/wp-content\/uploads\/2023\/04\/may-hut-mui-dmestik-es-3090-dmk-768x768.png 768w\" sizes=\"auto, (max-width: 900px) 100vw, 900px\" \/><\/p>\n<p>S\u1ea3n ph\u1ea9m \u0111\u01b0\u1ee3c thi\u1ebft k\u1ebf d\u1ea1ng treo \u00e2m t\u1ee7, ph\u00f9 h\u1ee3p v\u1edbi kh\u00f4ng gian nh\u00e0 b\u1ebfp thi\u1ebft k\u1ebf d\u1ea1ng t\u1ee7 li\u1ec1n l\u1ea1c. M\u00e1y \u0111\u1ea1t ti\u00eau chu\u1ea9n c\u1ee7a Ch\u00e2u \u00c2u v\u1edbi nhi\u1ec1u ch\u1ee9c n\u0103ng th\u00f4ng minh v\u00e0 hi\u1ec7n \u0111\u1ea1i nh\u01b0ng v\u00f4 c\u00f9ng ti\u1ebft ki\u1ec7m \u0111i\u1ec7n.<\/p>\n<h3>Gi\u1eddi thi\u1ec7u s\u1ea3n ph\u1ea9m<\/h3>\n<ul>\n<li><a href=\"https:\/\/livinghome.vn\/thiet-bi\/may-hut-mui\/\">M\u00e1y h\u00fat m\u00f9i<\/a>\u00a0Dmestik ES3090 DMK<\/li>\n<li>M\u00e0u s\u1eafc: M\u00e0u \u0111en<\/li>\n<li>H\u00fat m\u00f9i d\u1ea1ng \u00e2m t\u1ee7<\/li>\n<li>\u0110\u00e8n chi\u1ebfu s\u00e1ng Halogen<\/li>\n<li>L\u01b0\u1edbi l\u1ecdc b\u1eb1ng h\u1ee3p kim 5 l\u1edbp d\u1ec5 th\u00e1o l\u1eafp v\u1ec7 sinh<\/li>\n<li>Ch\u1ea5t li\u1ec7u th\u00e2n m\u00e1y: th\u00e9p kh\u00f4ng g\u1ec9<\/li>\n<li>Th\u00e2n m\u00e1y s\u01a1n t\u0129nh \u0111i\u1ec7n<\/li>\n<li>B\u1ea3ng \u0111i\u1ec1u khi\u1ec3n d\u1ea1ng c\u01a1 thu\u1eadn ti\u1ec7n<\/li>\n<li>2 m\u1ee9c \u0111i\u1ec1u khi\u1ec3n th\u00f4ng minh<\/li>\n<li>D\u1ec5 d\u00e0ng l\u1eafp \u0111\u1eb7t<\/li>\n<li>H\u1ea1n ch\u1ebf ti\u1ebfng \u1ed3n m\u1ee9c t\u1ed1i \u0111a<\/li>\n<\/ul>\n<p>M\u00e1y h\u00fat m\u00f9i Dmestik ES3090 DMK th\u01b0\u1eddng bao g\u1ed3m c\u00e1c b\u1ed9 ph\u1eadn c\u01a1 b\u1ea3n nh\u01b0 l\u1edbp ngo\u00e0i b\u1ea3o v\u1ec7, h\u1ec7 th\u1ed1ng d\u1eabn h\u01a1i, d\u00e0n l\u1ecdc than ho\u1ea1t t\u00ednh ho\u1eb7c c\u00e1c l\u1edbp kim lo\u1ea1i, t\u1ea5m kim lo\u1ea1i hay l\u01b0\u1edbi l\u1ecdc ban \u0111\u1ea7u, qu\u1ea1t h\u00fat, \u0111\u00e8n chi\u1ebfu s\u00e1ng, \u0111\u00e8n b\u00e1o hi\u1ec7u m\u1ee9c \u0111\u1ed9 b\u00e1m b\u1ea9n v\u00e0 n\u00fat \u0111i\u1ec1u ch\u1ec9nh c\u00e1c t\u1ed1c \u0111\u1ed9 h\u00fat t\u1eeb 1 \u0111\u1ebfn 3. C\u00e1c b\u1ed9 ph\u1eadn l\u1ecdc c\u00f3 th\u1ec3 th\u00e1o r\u1eddi \u0111\u1ec3 v\u1ec7 sinh.<\/p>\n<p>Sau khi d\u00f9ng kho\u1ea3ng t\u1eeb m\u1ed9t \u0111\u1ebfn hai tu\u1ea7n n\u00ean th\u00e1o l\u01b0\u1edbi l\u1ecdc ra v\u1ec7 sinh b\u1eb1ng c\u00e1ch ng\u00e2m v\u00e0o n\u01b0\u1edbc \u1ea5m c\u00f3 pha x\u00e0 b\u00f4ng, c\u00f3 th\u1ec3 d\u00f9ng lo\u1ea1i b\u00e0n ch\u1ea3i m\u1ec1m \u0111\u1ec3 c\u1ecd s\u1ea1ch l\u1edbn b\u1ea9n b\u00e1m, sau \u0111\u00f3 lau th\u1eadt kh\u00f4.<\/p>\n<h3>Th\u00f4ng tin k\u1ef9 thu\u1eadt<\/h3>\n<ul>\n<li>\u0110\u00e8n led chi\u1ebfu s\u00e1ng: 2\u00d750 W<\/li>\n<li>K\u00edch th\u01b0\u1edbc: 900 x 290 x 185mm<\/li>\n<li>\u1ed0ng x\u1ea3:\u00a0\u00d8 120mm<\/li>\n<li>C\u00f4ng su\u1ea5t \u0111\u1ed9ng c\u01a1: 100W<\/li>\n<li>\u00c1p su\u1ea5t ( t\u1ed1i \u0111a): 194Pa<\/li>\n<li>C\u00f4ng su\u1ea5t h\u00fat: 950m3\/h<\/li>\n<li>\u0110\u1ed9 \u1ed3n ( t\u1ed1i \u0111a): =&lt;48 dba<\/li>\n<li>Xu\u1ea5t x\u1ee9: CNA Group T\u00e2y Ban Nha<\/li>\n<li>B\u1ea3o h\u00e0nh ch\u00ednh h\u00e3ng: 3 n\u0103m<\/li>\n<\/ul>\n<h3><strong>QU\u00c0 T\u1eb6NG \u0110\u1eb6C BI\u1ec6T B\u1ed8 3 N\u1ed2I INOX FIVESTAR\u00a0FSB3IN004<\/strong><\/h3>\n<figure id=\"attachment_10893\" aria-describedby=\"caption-attachment-10893\" style=\"width: 900px\" class=\"wp-caption alignnone\"><img loading=\"lazy\" decoding=\"async\" class=\"size-full wp-image-10893\" src=\"https:\/\/livinghome.vn\/thiet-bi\/wp-content\/uploads\/nha-bep\/combo-bep-dien-tu-may-hut-mui\/combo-3-2023\/Bep-dien-tu-may-hut-mui-3-2023-noi.jpg\" alt=\"B\u1ed9 3 n\u1ed3i inox Fivestar\u00a0FSB3IN004\u00a0\" width=\"900\" height=\"900\" title=\"\" srcset=\"https:\/\/livinghome.vn\/thiet-bi\/wp-content\/uploads\/nha-bep\/combo-bep-dien-tu-may-hut-mui\/combo-3-2023\/Bep-dien-tu-may-hut-mui-3-2023-noi.jpg 900w, https:\/\/livinghome.vn\/thiet-bi\/wp-content\/uploads\/nha-bep\/combo-bep-dien-tu-may-hut-mui\/combo-3-2023\/Bep-dien-tu-may-hut-mui-3-2023-noi-300x300.jpg 300w, https:\/\/livinghome.vn\/thiet-bi\/wp-content\/uploads\/nha-bep\/combo-bep-dien-tu-may-hut-mui\/combo-3-2023\/Bep-dien-tu-may-hut-mui-3-2023-noi-100x100.jpg 100w, https:\/\/livinghome.vn\/thiet-bi\/wp-content\/uploads\/nha-bep\/combo-bep-dien-tu-may-hut-mui\/combo-3-2023\/Bep-dien-tu-may-hut-mui-3-2023-noi-600x600.jpg 600w, https:\/\/livinghome.vn\/thiet-bi\/wp-content\/uploads\/nha-bep\/combo-bep-dien-tu-may-hut-mui\/combo-3-2023\/Bep-dien-tu-may-hut-mui-3-2023-noi-400x400.jpg 400w, https:\/\/livinghome.vn\/thiet-bi\/wp-content\/uploads\/nha-bep\/combo-bep-dien-tu-may-hut-mui\/combo-3-2023\/Bep-dien-tu-may-hut-mui-3-2023-noi-800x800.jpg 800w, https:\/\/livinghome.vn\/thiet-bi\/wp-content\/uploads\/nha-bep\/combo-bep-dien-tu-may-hut-mui\/combo-3-2023\/Bep-dien-tu-may-hut-mui-3-2023-noi-280x280.jpg 280w, https:\/\/livinghome.vn\/thiet-bi\/wp-content\/uploads\/nha-bep\/combo-bep-dien-tu-may-hut-mui\/combo-3-2023\/Bep-dien-tu-may-hut-mui-3-2023-noi-768x768.jpg 768w\" sizes=\"auto, (max-width: 900px) 100vw, 900px\" \/><figcaption id=\"caption-attachment-10893\" class=\"wp-caption-text\">B\u1ed9 3 n\u1ed3i inox Fivestar FSB3IN004<\/figcaption><\/figure>\n<p>B\u1ed9 3 n\u1ed3i inox Fivestar g\u1ed3m 3 n\u1ed3i c\u00f3 k\u00edch th\u01b0\u1edbc l\u1ea7n l\u01b0\u1ee3t l\u00e0 16 cm, 20 cm, 24 cm<br \/>\nN\u1ed3i ph\u00f9 h\u1ee3p \u0111\u1ec3 n\u1ea5u n\u01b0\u1edbng cho t\u1eeb 2 \u0111\u1ebfn 6 ng\u01b0\u1eddi d\u00f9ng. V\u1edbi n\u1ed3i 16 cm b\u1ea1n c\u00f3 th\u1ec3 lu\u1ed9c 4 c\u00e1i tr\u1ee9ng g\u00e0. V\u1edbi n\u1ed3i 20 cm b\u1ea1n c\u00f3 th\u1ec3 lu\u1ed9c g\u00e0 0,5 kg. V\u1edbi n\u1ed3i 24 cm b\u1ea1n c\u00f3 th\u1ec3 n\u1ea5u l\u1ea9u cho 3 ng\u01b0\u1eddi \u0103n.<\/p>\n<p><strong>B\u1ed9 n\u1ed3i Fivestar g\u1ed3m c\u00f3 3 n\u1ed3i v\u1edbi c\u00e1c k\u00edch th\u01b0\u1edbc kh\u00e1c nhau<\/strong><\/p>\n<p>B\u1ed9 n\u1ed3i Fivestar \u0111\u01b0\u1ee3c s\u1ea3n xu\u1ea5t t\u1ea1i Vi\u1ec7t Nam, m\u00e0u inox b\u1ea1c n\u1ed5i b\u1eadt, \u0111\u1eb9p m\u1eaft \u0110\u00e1p \u1ee9ng nhu c\u1ea7u s\u1eed d\u1ee5ng trong c\u00e1c gia \u0111\u00ecnh hi\u1ec7n \u0111\u1ea1i, nh\u00e0 h\u00e0ng, qu\u00e1n \u0103n,\u2026N\u1ed3i b\u1eb1ng inox 430 b\u1ec1n, s\u00e1ng b\u00f3ng, \u00edt b\u1ecb oxi h\u00f3a, an to\u00e0n cho s\u1ee9c kh\u1ecfe ng\u01b0\u1eddi d\u00f9ng, d\u1ec5 v\u1ec7 sinh.<\/p>\n<p><strong>N\u1ed3i Fivestar inox b\u00f3ng s\u00e1ng, b\u1ec1n b\u1ec9<\/strong><\/p>\n<p>N\u1ed3i c\u00f3 tay c\u1ea7m ch\u1eafc ch\u1eafn. Nh\u01b0ng kh\u00f4ng c\u00e1ch nhi\u1ec7t, b\u1ea1n c\u00f3 th\u1ec3 s\u1eed d\u1ee5ng mi\u1ebfng nh\u1ea5c n\u1ed3i \u0111\u1ec3 d\u1ec5 c\u1ea7m v\u00e0 ti\u1ec7n di chuy\u1ec3n n\u1ed3i.<\/p>\n<p><strong>N\u1ed3i Fivestar c\u00f3 tay c\u1ea7m ch\u1eafc ch\u1eafn<\/strong><\/p>\n<p>N\u1eafp n\u1ed3i b\u1eb1ng k\u00ednh ch\u1ecbu l\u1ef1c. N\u1eafp n\u1ed3i Fivestar \u0111\u01b0\u1ee3c l\u00e0m b\u1eb1ng k\u00ednh ch\u1ecbu l\u1ef1c gi\u00fap ch\u1ecbu l\u1ef1c v\u00e0 gi\u1eef nhi\u1ec7t t\u1ed1t, d\u1ec5 d\u00e0ng quan s\u00e1t th\u1ee9c \u0103n trong su\u1ed1t qu\u00e1 tr\u00ecnh n\u1ea5u.<\/p>\n<p><strong>N\u1eafp n\u1ed3i Fivestar b\u1eb1ng k\u00ednh ch\u1ecbu l\u1ef1c d\u1ec5 d\u00e0ng quan s\u00e1t<\/strong><\/p>\n<p>N\u1ed3i c\u00f3 c\u1ea5u t\u1ea1o 3 \u0111\u00e1y b\u1ec1n ch\u1eafc<br \/>\n\u0110\u00e1y n\u1ed3i thi\u1ebft k\u1ebf r\u1ed9ng, ph\u1eb3ng, d\u1eadp 3 l\u1edbp (inox 430 \u2013 nh\u00f4m \u2013 inox 430). \u0110\u1eb7c t\u00ednh c\u1ee7a inox l\u00e0 \u00edt ph\u1ea3n \u1ee9ng v\u1edbi th\u1ee9c \u0103n, an to\u00e0n s\u1ee9c kh\u1ecfe, \u0111\u1eb7c t\u00ednh c\u1ee7a nh\u00f4m l\u00e0 h\u1ea5p thu nhi\u1ec7t t\u1ed1t, t\u1ecfa nhi\u1ec7t \u0111\u1ec1u, n\u1ea5u th\u1ee9c \u0103n ch\u00edn nhanh, ti\u1ebft ki\u1ec7m n\u0103ng l\u01b0\u1ee3ng t\u1ed1i \u01b0u.<\/p>\n<p><strong>N\u1ed3i Fivestar c\u00f3 c\u1ea5u t\u1ea1o \u0111\u00e1y 3 l\u1edbp b\u1ec1n ch\u1eafc<\/strong><\/p>\n<p>B\u1ed9 n\u1ed3i c\u00f3 th\u1ec3 s\u1eed d\u1ee5ng \u0111\u01b0\u1ee3c tr\u00ean b\u1ebfp gas, b\u1ebfp h\u1ed3ng ngo\u1ea1i v\u00e0 b\u1ebfp t\u1eeb<br \/>\nB\u1ed9 n\u1ed3i inox 3 \u0111\u00e1y n\u1eafp k\u00ednh Fivestar FS06ING c\u00f3 th\u1ec3 d\u00f9ng \u0111\u01b0\u1ee3c cho b\u1ebfp t\u1eeb, h\u1ed3ng ngo\u1ea1i, b\u1ebfp gas<\/p>\n<p>B\u1ed9 3 n\u1ed3i inox 3 \u0111\u00e1y n\u1eafp k\u00ednh Fivestar FSB3IN004 l\u00e0 b\u1ed9 s\u1ea3n ph\u1ea9m kh\u00f4ng th\u1ec3 thi\u1ebfu trong nh\u1eefng gian b\u1ebfp, gi\u00fap c\u00f4ng vi\u1ec7c n\u1ea5u n\u01b0\u1edbng tr\u1edf n\u00ean ti\u1ec7n l\u1ee3i h\u01a1n, d\u1ec5 d\u00e0ng h\u01a1n<\/p>\n","protected":false},"excerpt":{"rendered":"<p>B\u1ebfp t\u1eeb Dmestik ML921 DKT &#8211; D\u00f2ng b\u1ebfp 1 \u0111i\u1ec7n 1 t\u1eeb<br \/>\n&#8211; Xu\u1ea5t x\u1ee9: Malaysia<br \/>\n&#8211; M\u1eb7t k\u00ednh: Kanger<br \/>\n&#8211; B\u1ea3ng \u0111i\u1ec1u khi\u1ec3n: C\u1ea3m \u1ee9ng d\u1ea1ng tr\u01b0\u1ee3t slider<br \/>\n&#8211; C\u00f4ng su\u1ea5t: 4600W<br \/>\n&#8211; K\u00edch th\u01b0\u1edbc m\u00e1y: 730mm x 430mm<br \/>\n&#8211; K\u00edch th\u01b0\u1edbc l\u1eafp \u00e2m: 690mm x 390mm<br \/>\n&#8212;&#8212;&#8212;&#8212;&#8212;&#8212;&#8212;&#8212;&#8212;&#8212;&#8212;&#8212;&#8212;&#8212;&#8212;&#8212;&#8212;&#8212;<br \/>\nM\u00e1y h\u00fat m\u00f9i Dmestik ES3090 DMK &#8211; D\u1ea1ng m\u00e1y h\u00fat m\u00f9i \u00e2m t\u1ee7 k\u00e9o<br \/>\n&#8211; Xu\u1ea5t x\u1ee9: China<br \/>\n&#8211; C\u00f4ng su\u1ea5t: 950m3\/h<br \/>\n&#8211; \u0110i\u1ec1u khi\u1ec3n: C\u1ea3m \u1ee9ng 3 m\u1ee9c th\u00f4ng minh<br \/>\n&#8211; \u0110\u1ed9 \u1ed3n t\u1ed1i \u0111a: =&lt;48 dba<br \/>\n&#8211; K\u00edch th\u01b0\u1edbc m\u00e1y: 900 mm<\/p>\n<p>B\u1ed9 3 n\u1ed3i inox 3 \u0111\u00e1y ch\u1ea5t li\u1ec7u inox 430 b\u1ec1n t\u1ed1t, s\u00e1ng b\u00f3ng, an to\u00e0n s\u1ee9c kh\u1ecfe ng\u01b0\u1eddi d\u00f9ng.<br \/>\nB\u1ed9 3 n\u1ed3i c\u00f3 k\u00edch th\u01b0\u1edbc 16 cm, 20 cm, 24 cm, ph\u00f9 h\u1ee3p n\u1ea5u \u0103n cho 2 \u0111\u1ebfn 6 ng\u01b0\u1eddi d\u00f9ng, lu\u1ed9c g\u00e0 nguy\u00ean con kho\u1ea3ng 2 kg.<br \/>\nTay c\u1ea7m to b\u1ea3n ch\u1eafc ch\u1eafn d\u1ec5 c\u1ea7m, ti\u1ec7n di chuy\u1ec3n.<br \/>\nN\u1eafp k\u00ednh c\u01b0\u1eddng l\u1ef1c ch\u1ecbu nhi\u1ec7t, l\u1ef1c t\u1ed1t, d\u1ec5 d\u00e0ng quan s\u00e1t th\u1ee9c \u0103n trong qu\u00e1 tr\u00ecnh n\u1ea5u.<br \/>\nN\u1ed3i d\u00f9ng \u0111\u01b0\u1ee3c tr\u00ean b\u1ebfp gas, b\u1ebfp h\u1ed3ng ngo\u1ea1i v\u00e0 b\u1ebfp t\u1eeb.<br \/>\nTh\u01b0\u01a1ng hi\u1ec7u Fivestar \u2013 Vi\u1ec7t Nam, s\u1ea3n xu\u1ea5t t\u1ea1i Vi\u1ec7t Nam.<\/p>\n","protected":false},"featured_media":10895,"comment_status":"open","ping_status":"closed","template":"","meta":[],"product_brand":[],"product_cat":[874],"product_tag":[982,81,113,1713,74,86,347],"class_list":{"0":"post-10894","1":"product","2":"type-product","3":"status-publish","4":"has-post-thumbnail","6":"product_cat-combo-bep-dien-tu-va-may-hut-mui-hap-dan","7":"product_tag-bep-1-dien-1-tu","8":"product_tag-bep-dien-tu","9":"product_tag-bep-dien-tu-2-vung-nau","10":"product_tag-combo-bep-dien-tu-va-may-hut-mui","11":"product_tag-dmestik","12":"product_tag-may-hut-mui","13":"product_tag-may-hut-mui-am-tu-keo","15":"first","16":"instock","17":"sale","18":"shipping-taxable","19":"purchasable","20":"product-type-simple"},"_links":{"self":[{"href":"https:\/\/livinghome.vn\/thiet-bi\/wp-json\/wp\/v2\/product\/10894","targetHints":{"allow":["GET"]}}],"collection":[{"href":"https:\/\/livinghome.vn\/thiet-bi\/wp-json\/wp\/v2\/product"}],"about":[{"href":"https:\/\/livinghome.vn\/thiet-bi\/wp-json\/wp\/v2\/types\/product"}],"replies":[{"embeddable":true,"href":"https:\/\/livinghome.vn\/thiet-bi\/wp-json\/wp\/v2\/comments?post=10894"}],"wp:featuredmedia":[{"embeddable":true,"href":"https:\/\/livinghome.vn\/thiet-bi\/wp-json\/wp\/v2\/media\/10895"}],"wp:attachment":[{"href":"https:\/\/livinghome.vn\/thiet-bi\/wp-json\/wp\/v2\/media?parent=10894"}],"wp:term":[{"taxonomy":"product_brand","embeddable":true,"href":"https:\/\/livinghome.vn\/thiet-bi\/wp-json\/wp\/v2\/product_brand?post=10894"},{"taxonomy":"product_cat","embeddable":true,"href":"https:\/\/livinghome.vn\/thiet-bi\/wp-json\/wp\/v2\/product_cat?post=10894"},{"taxonomy":"product_tag","embeddable":true,"href":"https:\/\/livinghome.vn\/thiet-bi\/wp-json\/wp\/v2\/product_tag?post=10894"}],"curies":[{"name":"wp","href":"https:\/\/api.w.org\/{rel}","templated":true}]}}