{"id":1045,"date":"2023-01-12T11:31:30","date_gmt":"2023-01-12T11:31:30","guid":{"rendered":"https:\/\/livinghome.vn\/thiet-bi\/?post_type=product&#038;p=1045"},"modified":"2024-11-29T14:20:48","modified_gmt":"2024-11-29T07:20:48","slug":"lo-vi-song-kaff-kf-mc34l","status":"publish","type":"product","link":"https:\/\/livinghome.vn\/thiet-bi\/lo-vi-song-kaff-kf-mc34l\/","title":{"rendered":"L\u00f2 vi s\u00f3ng Kaff KF-MC34L thi\u1ebft k\u1ebf \u00e2m t\u1ee7 m\u00e0u \u0111en b\u1eaft m\u1eaft sang tr\u1ecdng"},"content":{"rendered":"<h2>L\u00f2 vi s\u00f3ng Kaff KF-MC34L thi\u1ebft k\u1ebf nh\u1ecf g\u1ecdn 34 dung t\u00edch v\u1edbi m\u1ee9c c\u00f4ng su\u1ea5t c\u1ef1c l\u1edbn<\/h2>\n<figure id=\"attachment_60506\" aria-describedby=\"caption-attachment-60506\" style=\"width: 800px\" class=\"wp-caption alignnone\"><img loading=\"lazy\" decoding=\"async\" class=\"size-large wp-image-60506\" src=\"https:\/\/livinghome.vn\/thiet-bi\/wp-content\/uploads\/nha-bep\/kaff\/lo-vi-song\/lo-vi-song-kaff-kf-mc34l\/lo-vi-song-kaff-kf-mc34l-800x800.jpg\" alt=\"L\u00f2 vi s\u00f3ng Kaff KF-MC34L\" width=\"800\" height=\"800\" title=\"\"><figcaption id=\"caption-attachment-60506\" class=\"wp-caption-text\">L\u00f2 vi s\u00f3ng Kaff KF-MC34L<\/figcaption><\/figure>\n<p>&nbsp;<\/p>\n<p><strong>Th\u00f4ng tin s\u1ea3n ph\u1ea9m:<\/strong><\/p>\n<ul>\n<li><a href=\"https:\/\/livinghome.vn\/?s=l%C3%B2+vi+s%C3%B3ng&amp;post_type=product\">L\u00f2 vi s\u00f3ng<\/a> \u00e2m t\u1ee7 KF-MC34L nh\u1eadp kh\u1ea9u c\u00f3 t\u00edch h\u1ee3p th\u00eam ch\u1ee9c n\u0103ng n\u01b0\u1edbng, \u0111\u00e1p \u1ee9ng \u0111\u01b0\u1ee3c nhu c\u1ea7u vi s\u00f3ng h\u00e2m n\u00f3ng th\u1ee9c \u0103n v\u00e0 nhu<\/li>\n<li>c\u1ea7u n\u01b0\u1edbng \u0111\u01a1n gi\u1ea3n c\u1ee7a ng\u01b0\u1eddi ti\u00eau d\u00f9ng<\/li>\n<li>\u0110e\u0300n b\u00ean trong lo\u0300<\/li>\n<li>5 c\u00e2\u0301p \u0111\u00f4\u0323 n\u0103ng l\u01b0\u01a1\u0323ng vi so\u0301ng<\/li>\n<li>3 ch\u01b0\u01a1ng tri\u0300nh k\u00ea\u0301t h\u01a1\u0323p t\u01b0\u0323 \u0111\u00f4\u0323ng<\/li>\n<li>2 ch\u01b0\u01a1ng tri\u0300nh ra\u0303 \u0111\u00f4ng<\/li>\n<li>\u0110i\u1ec1u khi\u1ec3n b\u0103\u0300ng c\u1ea3m \u1ee9ng va\u0300 ma\u0300n hi\u0300nh LED<\/li>\n<li>\u0110\u00f4\u0300ng h\u00f4\u0300 \u0111i\u00ea\u0323n t\u01b0\u0309 co\u0301 ch\u01b0\u0301c n\u0103ng he\u0323n gi\u1edd<\/li>\n<li>Kh\u00f3a tr\u1ebb em th\u00f4ng minh<\/li>\n<li>Ph\u1ee5 ki\u1ec7n \u0111i k\u00e8m: 1 \u0111i\u0303a thu\u0309y tinh, 1 v\u1ec9 n\u01b0\u1edbng<\/li>\n<li>Dung t\u00edch: 34 l\u00edt<\/li>\n<li>T\u1ed5ng c\u00f4ng su\u1ea5t: 1.45 KW<\/li>\n<li>K\u00edch th\u01b0\u1edbc s\u1ea3n ph\u1ea9m: 388C x 595R x 470S mm<\/li>\n<li>K\u00edch th\u01b0\u1edbc h\u1ed9c t\u1ee7: 380C x 560R x 550S mm<\/li>\n<\/ul>\n","protected":false},"excerpt":{"rendered":"<p>Dung t\u00edch: 34 l\u00edt<\/p>\n<p>T\u1ed5ng c\u00f4ng su\u1ea5t: 1.45 KW<\/p>\n<p>Ph\u1ee5 ki\u1ec7n \u0111i k\u00e8m: 1 \u0111i\u0303a thu\u0309y tinh, 1 v\u1ec9 n\u01b0\u1edbng<\/p>\n<p>K\u00edch th\u01b0\u1edbc s\u1ea3n ph\u1ea9m: 388C x 595R x 470S mm<\/p>\n<p>K\u00edch th\u01b0\u1edbc h\u1ed9c t\u1ee7: 380C x 560R x 550S mm<\/p>\n","protected":false},"featured_media":1090,"comment_status":"open","ping_status":"closed","template":"","meta":[],"product_brand":[],"product_cat":[159,164],"product_tag":[167,158,181,160],"class_list":{"0":"post-1045","1":"product","2":"type-product","3":"status-publish","4":"has-post-thumbnail","6":"product_cat-lo-vi-song","7":"product_cat-thuong-hieu-kaff","8":"product_tag-kaff","9":"product_tag-lo-vi-song","10":"product_tag-lo-vi-song-am-kaff","11":"product_tag-lo-vi-song-am-tu","13":"first","14":"instock","15":"sale","16":"shipping-taxable","17":"purchasable","18":"product-type-simple"},"_links":{"self":[{"href":"https:\/\/livinghome.vn\/thiet-bi\/wp-json\/wp\/v2\/product\/1045","targetHints":{"allow":["GET"]}}],"collection":[{"href":"https:\/\/livinghome.vn\/thiet-bi\/wp-json\/wp\/v2\/product"}],"about":[{"href":"https:\/\/livinghome.vn\/thiet-bi\/wp-json\/wp\/v2\/types\/product"}],"replies":[{"embeddable":true,"href":"https:\/\/livinghome.vn\/thiet-bi\/wp-json\/wp\/v2\/comments?post=1045"}],"wp:featuredmedia":[{"embeddable":true,"href":"https:\/\/livinghome.vn\/thiet-bi\/wp-json\/wp\/v2\/media\/1090"}],"wp:attachment":[{"href":"https:\/\/livinghome.vn\/thiet-bi\/wp-json\/wp\/v2\/media?parent=1045"}],"wp:term":[{"taxonomy":"product_brand","embeddable":true,"href":"https:\/\/livinghome.vn\/thiet-bi\/wp-json\/wp\/v2\/product_brand?post=1045"},{"taxonomy":"product_cat","embeddable":true,"href":"https:\/\/livinghome.vn\/thiet-bi\/wp-json\/wp\/v2\/product_cat?post=1045"},{"taxonomy":"product_tag","embeddable":true,"href":"https:\/\/livinghome.vn\/thiet-bi\/wp-json\/wp\/v2\/product_tag?post=1045"}],"curies":[{"name":"wp","href":"https:\/\/api.w.org\/{rel}","templated":true}]}}