{"id":1044,"date":"2023-01-12T11:31:30","date_gmt":"2023-01-12T11:31:30","guid":{"rendered":"https:\/\/livinghome.vn\/thiet-bi\/?post_type=product&#038;p=1044"},"modified":"2024-11-29T14:20:48","modified_gmt":"2024-11-29T07:20:48","slug":"may-giat-say-kaff-kf-mfc120eu","status":"publish","type":"product","link":"https:\/\/livinghome.vn\/thiet-bi\/may-giat-say-kaff-kf-mfc120eu\/","title":{"rendered":"M\u00e1y Gi\u1eb7t S\u1ea5y Kaff KF-MFC120EU Gi\u1eb7t 12KG S\u1ea5y 10KG"},"content":{"rendered":"<h2>M\u00e1y gi\u1eb7t Kaff KF-MFC120EU k\u1ebft h\u1ee3p s\u1ea5y qu\u1ea7n \u00e1o c\u1eeda tr\u01b0\u1edbc hi\u1ec7n \u0111\u1ea1i v\u1edbi t\u1ed1c \u0111\u1ed9 gi\u1eb7t s\u00e2y c\u1ef1c nhanh<\/h2>\n<figure id=\"attachment_13320\" aria-describedby=\"caption-attachment-13320\" style=\"width: 800px\" class=\"wp-caption alignnone\"><img loading=\"lazy\" decoding=\"async\" class=\"size-full wp-image-13320\" src=\"https:\/\/livinghome.vn\/thiet-bi\/wp-content\/uploads\/nha-bep\/kaff\/may-giat\/may-giat-kaff-kf-mfc120eu\/may-giat-kaff-kf-mfc120eu.jpg\" alt=\"M\u00e1y Gi\u1eb7t S\u1ea5y Kaff KF-MFC120EU Gi\u1eb7t 12KG S\u1ea5y 10KG\" width=\"800\" height=\"800\" title=\"\" srcset=\"https:\/\/livinghome.vn\/thiet-bi\/wp-content\/uploads\/nha-bep\/kaff\/may-giat\/may-giat-kaff-kf-mfc120eu\/may-giat-kaff-kf-mfc120eu.jpg 800w, https:\/\/livinghome.vn\/thiet-bi\/wp-content\/uploads\/nha-bep\/kaff\/may-giat\/may-giat-kaff-kf-mfc120eu\/may-giat-kaff-kf-mfc120eu-300x300.jpg 300w, https:\/\/livinghome.vn\/thiet-bi\/wp-content\/uploads\/nha-bep\/kaff\/may-giat\/may-giat-kaff-kf-mfc120eu\/may-giat-kaff-kf-mfc120eu-100x100.jpg 100w, https:\/\/livinghome.vn\/thiet-bi\/wp-content\/uploads\/nha-bep\/kaff\/may-giat\/may-giat-kaff-kf-mfc120eu\/may-giat-kaff-kf-mfc120eu-600x600.jpg 600w, https:\/\/livinghome.vn\/thiet-bi\/wp-content\/uploads\/nha-bep\/kaff\/may-giat\/may-giat-kaff-kf-mfc120eu\/may-giat-kaff-kf-mfc120eu-400x400.jpg 400w, https:\/\/livinghome.vn\/thiet-bi\/wp-content\/uploads\/nha-bep\/kaff\/may-giat\/may-giat-kaff-kf-mfc120eu\/may-giat-kaff-kf-mfc120eu-280x280.jpg 280w, https:\/\/livinghome.vn\/thiet-bi\/wp-content\/uploads\/nha-bep\/kaff\/may-giat\/may-giat-kaff-kf-mfc120eu\/may-giat-kaff-kf-mfc120eu-768x768.jpg 768w\" sizes=\"auto, (max-width: 800px) 100vw, 800px\" \/><figcaption id=\"caption-attachment-13320\" class=\"wp-caption-text\">M\u00e1y Gi\u1eb7t S\u1ea5y Kaff KF-MFC120EU Gi\u1eb7t 12KG S\u1ea5y 10KG M\u1edbi<\/figcaption><\/figure>\n<h3>Th\u00f4ng S\u1ed1 K\u1ef9 Thu\u1eadt<\/h3>\n<p>\u2013 <a href=\"https:\/\/livinghome.vn\/thiet-bi\/may-giat\/\">M\u00e1y gi\u1eb7t s\u1ea5y c\u1eeda tr\u01b0\u1edbc l\u1ed3ng ngang<\/a><\/p>\n<p>\u2013 16 ch\u01b0\u01a1ng tr\u00ecnh gi\u1eb7t t\u1ef1 \u0111\u1ed9ng t\u00edch h\u1ee3p (Cotton ECO, Sport Wear, Quick, Delicate, Wool, Colors, Jeans, Spin Only, Rinse&amp;Spin, Dry Only, Mix, Baby Care, Synthetic, Cotton, 1 hour W\/D, My cycle)<\/p>\n<p>\u2013 Gi\u1eb7t 12Kg s\u1ea5y kh\u00f4 10Kg<\/p>\n<p>\u2013 N\u00fat b\u1ea5m ch\u1ecdn t\u00ednh n\u0103ng:<\/p>\n<p>+ Gi\u1eb7t ch\u1edd l\u00ean \u0111\u1ebfn 24h (Delay 24 hours)<\/p>\n<p>+ Ch\u1ee9c n\u0103ng s\u1ea5y (dry)<\/p>\n<p>+ \u0110i\u1ec1u ch\u1ec9nh nhi\u1ec7t \u0111\u1ed9 s\u1ea5y theo \u00fd mu\u1ed1n (Temp)<\/p>\n<p>+ Ch\u1ee9c n\u0103ng v\u1eaft kh\u00f4 (Spin)<\/p>\n<p>+ Ch\u1ee9c n\u0103ng (Function)<\/p>\n<p>+ Ch\u1ecdn (Select)<\/p>\n<figure id=\"attachment_13296\" aria-describedby=\"caption-attachment-13296\" style=\"width: 1020px\" class=\"wp-caption alignnone\"><img loading=\"lazy\" decoding=\"async\" class=\"size-large wp-image-13296\" src=\"https:\/\/livinghome.vn\/thiet-bi\/wp-content\/uploads\/nha-bep\/kaff\/may-giat\/may-giat-kaff-kf-mfc120eu\/may-giat-kaff-kf-mfc120eu-1-1067x800.jpg\" alt=\"M\u00e1y Gi\u1eb7t S\u1ea5y Kaff KF-MFC120EU Gi\u1eb7t 12KG S\u1ea5y 10KG\" width=\"1020\" height=\"765\" title=\"\" srcset=\"https:\/\/livinghome.vn\/thiet-bi\/wp-content\/uploads\/nha-bep\/kaff\/may-giat\/may-giat-kaff-kf-mfc120eu\/may-giat-kaff-kf-mfc120eu-1-1067x800.jpg 1067w, https:\/\/livinghome.vn\/thiet-bi\/wp-content\/uploads\/nha-bep\/kaff\/may-giat\/may-giat-kaff-kf-mfc120eu\/may-giat-kaff-kf-mfc120eu-1-600x450.jpg 600w, https:\/\/livinghome.vn\/thiet-bi\/wp-content\/uploads\/nha-bep\/kaff\/may-giat\/may-giat-kaff-kf-mfc120eu\/may-giat-kaff-kf-mfc120eu-1-533x400.jpg 533w, https:\/\/livinghome.vn\/thiet-bi\/wp-content\/uploads\/nha-bep\/kaff\/may-giat\/may-giat-kaff-kf-mfc120eu\/may-giat-kaff-kf-mfc120eu-1-768x576.jpg 768w, https:\/\/livinghome.vn\/thiet-bi\/wp-content\/uploads\/nha-bep\/kaff\/may-giat\/may-giat-kaff-kf-mfc120eu\/may-giat-kaff-kf-mfc120eu-1.jpg 1200w\" sizes=\"auto, (max-width: 1020px) 100vw, 1020px\" \/><figcaption id=\"caption-attachment-13296\" class=\"wp-caption-text\">M\u00e1y Gi\u1eb7t S\u1ea5y Kaff KF-MFC120EU Gi\u1eb7t 12KG S\u1ea5y 10KG V\u1edbi L\u00f2ng Gi\u1eb7t L\u1edbn<\/figcaption><\/figure>\n<p>\u2013 Ch\u1ee9c n\u0103ng:<\/p>\n<p>+ Gi\u1ea3m t\u1ea3i \u0111\u1ed9 \u1ed3n khi gi\u1eb7t (Mute Washing)<\/p>\n<p>+ Kh\u00f3a tr\u1ebb em (Child lock)<\/p>\n<p>+ Kh\u1edfi \u0111\u1ed9ng ch\u1edd 3S (Press 3 seconds)<\/p>\n<p>+ Th\u00eam t\u1ea3i (Reload)<\/p>\n<p>+ Gi\u1eb7t s\u01a1 b\u1ed9 (Prewash)<\/p>\n<p>+ Gi\u1eb7t chuy\u00ean s\u00e2u (Intensive)<\/p>\n<p>+ Gi\u1eb7t nhanh (Speed Wash)<\/p>\n<p>+ Gi\u1eb7t th\u00eam (Extra Rinse)<\/p>\n<p>+ Th\u1eb3ng \u0111\u1ed3 d\u1ec5 \u1ee7i (Easy iron)<\/p>\n<p>+ Ch\u1ecdn t\u1ed1c \u0111\u1ed9 v\u1eaft 0-600-800-1000-1200-1400 (Spin Speed Selection)<\/p>\n<p>+ Ch\u1ecdn nhi\u1ec7t \u0111\u1ed9 s\u1ea5y Cold-20\u2103-30\u2103-40\u2103-60\u2103-90\u2103 (Temperature Selection)<\/p>\n<p>\u2013 T\u1ed1c \u0111\u1ed9 v\u00f2ng quay Max 1400 V\u00f2ng\/Ph\u00fat<\/p>\n<p>\u2013 \u0110\u1ed9 \u1ed3n khi gi\u1eb7t: 52 dB<\/p>\n<p>\u2013 \u0110\u1ed9 \u1ed3n v\u1edbi khi v\u1eaft: 74 dB<\/p>\n<p>\u2013 \u0110\u1ed9 \u1ed3n v\u1edbi khi s\u1ea5y: 59 dB<\/p>\n<p>\u2013 \u0110i\u1ec7n \u00e1p 220V-240V\/50-60Hz<\/p>\n<p>\u2013 C\u00f4ng su\u1ea5t \u0111\u1ecbnh m\u1ee9c 2000Wx10A<\/p>\n<p>\u2013 \u00c1p su\u1ea5t n\u01b0\u1edbc ti\u00eau chu\u1ea9n 0.05-1 Mpa<\/p>\n<p>\u2013 M\u00e0n h\u00ecnh ki\u1ec3u Led hi\u1ec3n th\u1ecb m\u00e0u cam<\/p>\n<p>\u2013 C\u1eeda m\u00e1y ho\u1ea1t \u0111\u1ed9ng \u0111\u00f3ng m\u1edf b\u1eb1ng kh\u00f3a \u0111i\u1ec7n t\u1eeb<\/p>\n<p>\u2013 Motor ki\u1ec3u BLDC kh\u00f4ng s\u1eed d\u1ee5ng ch\u1ed5i than EcoSilence Drive gi\u00fap m\u00e1y gi\u1eb7t ho\u1ea1t \u0111\u1ed9ng hi\u1ec3u qu\u1ea3 t\u1ed1i \u0111a, kinh t\u1ebf, b\u1ec1n b\u1ec9 v\u00e0 \u00eam \u00e1i<\/p>\n<p>\u2013 D\u1eaft \u0111i\u1ec7n ki\u1ec3u c\u1eafm ti\u00eau chu\u1ea9n Euro Plug<\/p>\n<p>\u2013 D\u00e2y c\u00e1p ngu\u1ed3n\/\u1ed1ng n\u01b0\u1edbc c\u1ea5p\/\u1ed1ng x\u1ea3: 1.5m\/1.0m\/1.6m<\/p>\n<p>\u2013 Dung t\u00edch tang tr\u1ed1ng gi\u1eb7t 76 l\u00edt<\/p>\n<p>\u2013 \u0110\u01b0\u1eddng k\u00ednh tang tr\u1ed1ng gi\u1eb7t 510mm<\/p>\n<p>\u2013 \u0110\u01b0\u1eddng k\u00ednh c\u1eeda k\u00ednh 330mm<\/p>\n<p>\u2013 \u0110\u01b0\u1eddng k\u00ednh khung c\u1eeda ngo\u00e0i 480mm<\/p>\n<p>\u2013 K\u00edch th\u01b0\u1edbc s\u1ea3n ph\u1ea9m: 595 \u00d7 587 \u00d7 850<\/p>\n<p>\u2013 Kh\u1ed1i l\u01b0\u1ee3ng: 76kg<\/p>\n","protected":false},"excerpt":{"rendered":"<p>M\u00e1y gi\u1eb7t Kaff KF-MFC120EU k\u1ebft h\u1ee3p s\u1ea5y qu\u1ea7n \u00e1o c\u1eeda tr\u01b0\u1edbc hi\u1ec7n \u0111\u1ea1i v\u1edbi t\u1ed1c \u0111\u1ed9 gi\u1eb7t s\u00e2y c\u1ef1c nhanh Th\u00f4ng S\u1ed1 K\u1ef9 Thu\u1eadt \u2013 M\u00e1y gi\u1eb7t s\u1ea5y c\u1eeda tr\u01b0\u1edbc l\u1ed3ng ngang \u2013 16 ch\u01b0\u01a1ng tr\u00ecnh gi\u1eb7t t\u1ef1 \u0111\u1ed9ng t\u00edch h\u1ee3p (Cotton ECO, Sport Wear, Quick, Delicate, Wool, Colors, Jeans, Spin Only, Rinse&amp;Spin, Dry Only, [&#8230;]\n","protected":false},"featured_media":13320,"comment_status":"open","ping_status":"closed","template":"","meta":[],"product_brand":[],"product_cat":[208,164],"product_tag":[167,210,211],"class_list":{"0":"post-1044","1":"product","2":"type-product","3":"status-publish","4":"has-post-thumbnail","6":"product_cat-may-giat-say","7":"product_cat-thuong-hieu-kaff","8":"product_tag-kaff","9":"product_tag-may-giat-say","10":"product_tag-may-giat-say-kaff","12":"first","13":"instock","14":"sale","15":"shipping-taxable","16":"purchasable","17":"product-type-simple"},"_links":{"self":[{"href":"https:\/\/livinghome.vn\/thiet-bi\/wp-json\/wp\/v2\/product\/1044","targetHints":{"allow":["GET"]}}],"collection":[{"href":"https:\/\/livinghome.vn\/thiet-bi\/wp-json\/wp\/v2\/product"}],"about":[{"href":"https:\/\/livinghome.vn\/thiet-bi\/wp-json\/wp\/v2\/types\/product"}],"replies":[{"embeddable":true,"href":"https:\/\/livinghome.vn\/thiet-bi\/wp-json\/wp\/v2\/comments?post=1044"}],"wp:featuredmedia":[{"embeddable":true,"href":"https:\/\/livinghome.vn\/thiet-bi\/wp-json\/wp\/v2\/media\/13320"}],"wp:attachment":[{"href":"https:\/\/livinghome.vn\/thiet-bi\/wp-json\/wp\/v2\/media?parent=1044"}],"wp:term":[{"taxonomy":"product_brand","embeddable":true,"href":"https:\/\/livinghome.vn\/thiet-bi\/wp-json\/wp\/v2\/product_brand?post=1044"},{"taxonomy":"product_cat","embeddable":true,"href":"https:\/\/livinghome.vn\/thiet-bi\/wp-json\/wp\/v2\/product_cat?post=1044"},{"taxonomy":"product_tag","embeddable":true,"href":"https:\/\/livinghome.vn\/thiet-bi\/wp-json\/wp\/v2\/product_tag?post=1044"}],"curies":[{"name":"wp","href":"https:\/\/api.w.org\/{rel}","templated":true}]}}