{"id":1043,"date":"2023-01-12T11:31:30","date_gmt":"2023-01-12T11:31:30","guid":{"rendered":"https:\/\/livinghome.vn\/thiet-bi\/?post_type=product&#038;p=1043"},"modified":"2024-11-29T14:20:48","modified_gmt":"2024-11-29T07:20:48","slug":"may-giat-kaff-kf-wm09g05","status":"publish","type":"product","link":"https:\/\/livinghome.vn\/thiet-bi\/may-giat-kaff-kf-wm09g05\/","title":{"rendered":"M\u00e1y Gi\u1eb7t Kaff KF-WM09G05 Dung T\u00edch 56L M\u00e0u \u0110en"},"content":{"rendered":"<h2>M\u00e1y gi\u1eb7t Kaff KF-WM09G05 thi\u1ebft k\u1ebf m\u00e0u \u0111en c\u1eeda tr\u01b0\u1edbc hi\u1ec7n \u0111\u1ea1i l\u1ed3ng ngang v\u1edbi t\u1ed1c \u0111\u1ed9 s\u1ea5y si\u00eau kh\u00f4 c\u1ef1c nhanh<\/h2>\n<figure id=\"attachment_55853\" aria-describedby=\"caption-attachment-55853\" style=\"width: 800px\" class=\"wp-caption alignnone\"><img loading=\"lazy\" decoding=\"async\" class=\"size-large wp-image-55853\" src=\"https:\/\/livinghome.vn\/thiet-bi\/wp-content\/uploads\/nha-bep\/kaff\/may-giat\/may-giat-kaff-kf-wm09g05\/may-giat-kaff-kf-wm09g05.bk_-800x800.jpg\" alt=\"M\u00e1y gi\u1eb7t Kaff KF-WM09G05\u00a0\" width=\"800\" height=\"800\" title=\"\"><figcaption id=\"caption-attachment-55853\" class=\"wp-caption-text\">M\u00e1y gi\u1eb7t Kaff KF-WM09G05<\/figcaption><\/figure>\n<p>Th\u00f4ng S\u1ed1 K\u1ef9 Thu\u1eadt:<\/p>\n<p><a href=\"https:\/\/livinghome.vn\/thiet-bi\/gia-dung-khac\/may-giat\/\">M\u00e1y gi\u1eb7t c\u1eeda tr\u01b0\u1edbc hi\u1ec7n \u0111\u1ea1i l\u1ed3ng ngang<\/a><\/p>\n<p>16 ch\u01b0\u01a1ng tr\u00ecnh gi\u1eb7t s\u1ea5y t\u1ef1 \u0111\u1ed9ng t\u00edch h\u1ee3p (Intensive, Quick 15\u2032, Rapid 45\u2032, ECO 40-60, Wool, 60\u2032 Wash, Sterilization, Spin Only, Cotton, Synthetic, Mix, 20\u00b0C, Delicate, Sport Wear, My Cycle, Rinse &amp; Spin)<\/p>\n<p>Kh\u1ed1i l\u01b0\u1ee3ng gi\u1eb7t 9Kg<\/p>\n<p>Kh\u1ed1i l\u01b0\u1ee3ng v\u1eaft 9Kg<\/p>\n<p>C\u00f4ng su\u1ea5t gi\u1eb7t 70W<\/p>\n<p>\u0110i\u1ec7n \u00e1p: 220-240V\/50Hz\/10A<\/p>\n<p>C\u00f4ng su\u1ea5t quay 320W<\/p>\n<p>C\u00f4ng su\u1ea5t gi\u1eb7t 2000W<\/p>\n<p>Ti\u00eau chu\u1ea9n \u00e1p l\u1ef1c n\u01b0\u1edbc: 0.05\uff5e1 Mpa<\/p>\n<p>M\u00e0n h\u00ecnh hi\u1ec7n th\u1ecb d\u1ea1ng: Led<\/p>\n<p>Ki\u1ec3u kh\u00f3a c\u1eeda l\u1ed3ng gi\u1eb7t: PTC Lock<\/p>\n<p>T\u1ed1c \u0111\u1ed9 quay (RPM) 400-800-1000-1400<\/p>\n<p>Nhi\u1ec7t \u0111\u1ed9 \uff08\u2103\uff09 L\u1ea1nh -20\u2103-30\u2103-40\u2103-60\u2103-90\u2103<\/p>\n<p>N\u00fat b\u1ea5m ch\u1ecdn t\u00ednh n\u0103ng:<\/p>\n<p>+ T\u1eaft m\u1edf (On\/Off)<\/p>\n<p>+ Ch\u1ee9c n\u0103ng t\u1ea1m d\u1eebng (Start\/Pause)<\/p>\n<p>+ Ch\u1ee9c n\u0103ng h\u1eb9n gi\u1edd 0-24h (Delay)<\/p>\n<p>+ Ch\u1ee9c n\u0103ng ch\u1ed1ng nh\u0103n qu\u1ea7n \u00e1o (Anti-crease)<\/p>\n<p>+ \u0110i\u1ec1u ch\u1ec9nh t\u1ed1c \u0111\u1ed9 (Speed)<\/p>\n<p>+ T\u00edn hi\u1ec7u s\u1ea5y (Signal)<\/p>\n<p>+ Th\u1eddi gian s\u1ea5y (Time)<\/p>\n<p>+ Kh\u00f3a tr\u1ebb em (Child Lock)<\/p>\n<p>+ Ch\u1ee9c n\u0103ng s\u1ea5y th\u00eam (Extra Rinse)<\/p>\n<p>+ Ch\u1ee9c n\u0103ng gi\u1eb7t s\u01a1 (Prewash)<\/p>\n<p>+ Ch\u1ee9c n\u0103ng gi\u1eb7t y\u00ean t\u0129nh (Mute-washing(Press 3 seconds))<\/p>\n<p>+ Ch\u1ee9c n\u0103ng nh\u1edb ch\u01b0\u01a1ng tr\u00ecnh (Memory (Press 3 seconds))<\/p>\n<p>+ Ch\u1ee9c n\u0103ng th\u00eam t\u1ea3i (Reload (Press 3 seconds)<\/p>\n<p>+ Ch\u1ee9c n\u0103ng ch\u1ecdn t\u1ed1c \u0111\u1ed9 quay (Spin Speed Selection)<\/p>\n<p>+ Ch\u1ee9c n\u0103ng ch\u1ecdn nhi\u1ec7t \u0111\u1ed9 (Temperature Selection)<\/p>\n<p>+ \u0110\u00e8n c\u1ea3nh b\u00e1o(Lamp)<\/p>\n<p>Ti\u00eau chu\u1ea9n ti\u1ebft ki\u1ec7m n\u0103ng l\u01b0\u1ee3ng A+++ theo ti\u00eau chu\u1ea9n Ch\u00e2u \u00c2u<\/p>\n<p>\u0110\u1ed9 \u1ed3n ch\u1ec9 (65 \u2013 76)dB nh\u1edd c\u00f4ng ngh\u1ec7 ch\u1ed1ng rung AntiVibration hi\u1ec7n \u0111\u1ea1i<\/p>\n<p>T\u1ef7 l\u1ec7 \u0111\u1ed9 \u1ea9m qu\u1ea7n \u00e1o sau khi gi\u1eb7t 53%<\/p>\n<p>Ch\u1ec9 s\u1ed1 hi\u1ec7u qu\u1ea3 gi\u1eb7t: 1.031<\/p>\n<p>Ch\u1ec9 s\u1ed1 hi\u1ec7u qu\u1ea3 n\u0103ng l\u01b0\u1ee3ng: 59.9<\/p>\n<p>Chu\u00f4ng b\u00e1o khi qu\u00e1 tr\u00ecnh s\u1ea5y k\u1ebft th\u00fac, ki\u1ec3m so\u00e1t m\u1ecdi s\u1ef1 c\u1ed1 c\u00f3 th\u1ec3 g\u1eb7p cho h\u1ec7 th\u1ed1ng \u0111i\u1ec7n, n\u01b0\u1edbc v\u00e0 ng\u01b0ng m\u1ecdi ho\u1ea1t \u0111\u1ed9ng v\u00f4 c\u00f9ng an to\u00e0n<\/p>\n<p>Ngu\u1ed3n \u0111i\u1ec7n 220V-240V\/50Hz<\/p>\n<p>C\u00f4ng su\u1ea5t \u0111\u1ecbnh m\u1ee9c 650W-4.5A<\/p>\n<p>\u00c1p su\u1ea5t n\u01b0\u1edbc ti\u00eau chu\u1ea9n 0.05-1 Mpa<\/p>\n<p>M\u00e0n h\u00ecnh ki\u1ec3u Led hi\u1ec3n th\u1ecb \u0111en tr\u1eafng<\/p>\n<p>B\u00ecnh gi\u1eef nhi\u1ec7t an to\u00e0n<\/p>\n<p>C\u1eeda m\u00e1y ho\u1ea1t \u0111\u1ed9ng \u0111\u00f3ng m\u1edf b\u1eb1ng kh\u00f3a \u0111i\u1ec7n t\u1eeb \u0111\u1ed9 m\u1edf 180 \u0111\u1ed9<\/p>\n<p>\u0110\u1ed9ng c\u01a1 BLDC kh\u00f4ng s\u1eed d\u1ee5ng ch\u1ed5i than EcoSilence Drive gi\u00fap m\u00e1y gi\u1eb7t ho\u1ea1t \u0111\u1ed9ng hi\u1ec3u qu\u1ea3 t\u1ed1i \u0111a, kinh t\u1ebf, b\u1ec1n b\u1ec9 v\u00e0 \u00eam \u00e1i<\/p>\n<p>D\u1eaft \u0111i\u1ec7n ki\u1ec3u c\u1eafm ti\u00eau chu\u1ea9n Euro Plug<\/p>\n<p>D\u00e2y c\u00e1p ngu\u1ed3n\/\u1ed1ng n\u01b0\u1edbc c\u1ea5p\/\u1ed1ng x\u1ea3: 1.5m\/1.0m\/1.6m<\/p>\n<p>Dung t\u00edch tang tr\u1ed1ng gi\u1eb7t 56.2 l\u00edt<\/p>\n<p>\u0110\u01b0\u1eddng k\u00ednh c\u1eeda (b\u00ean trong) 472mm<\/p>\n<p>\u0110\u01b0\u1eddng k\u00ednh c\u1eeda (B\u00ean ngo\u00e0i) 480mm<\/p>\n<p>K\u00edch th\u01b0\u1edbc s\u1ea3n ph\u1ea9m (W\u00d7D\u00d7H): 595 \u00d7 565 \u00d7 850<\/p>\n<p>Tr\u1ecdng l\u01b0\u1ee3ng: 71kg<\/p>\n<h3><span id=\"Hinh_anh_lap_dat_thuc_te_cua_Bep_Dien_Tu_Kaff_KF-073IC_Malaysia_1_Dien_1_Tu\"><strong>H\u00ecnh \u1ea3nh l\u1eafp \u0111\u1eb7t th\u1ef1c t\u1ebf c\u1ee7a M\u00e1y Gi\u1eb7t Kaff KF-WM09G05<\/strong><\/span><\/h3>\n<figure id=\"attachment_11785\" aria-describedby=\"caption-attachment-11785\" style=\"width: 900px\" class=\"wp-caption alignnone\"><img loading=\"lazy\" decoding=\"async\" class=\"size-full wp-image-11785\" src=\"https:\/\/livinghome.vn\/thiet-bi\/wp-content\/uploads\/nha-bep\/kaff\/may-giat\/may-giat-kaff-kf-wm09g05\/may-giat-kaff-kf-wm09g05-hinh-anh-thuc-te-2.jpg\" alt=\"M\u00e1y gi\u1eb7t Kaff KF-WM09G05\" width=\"900\" height=\"900\" title=\"\" srcset=\"https:\/\/livinghome.vn\/thiet-bi\/wp-content\/uploads\/nha-bep\/kaff\/may-giat\/may-giat-kaff-kf-wm09g05\/may-giat-kaff-kf-wm09g05-hinh-anh-thuc-te-2.jpg 900w, https:\/\/livinghome.vn\/thiet-bi\/wp-content\/uploads\/nha-bep\/kaff\/may-giat\/may-giat-kaff-kf-wm09g05\/may-giat-kaff-kf-wm09g05-hinh-anh-thuc-te-2-300x300.jpg 300w, https:\/\/livinghome.vn\/thiet-bi\/wp-content\/uploads\/nha-bep\/kaff\/may-giat\/may-giat-kaff-kf-wm09g05\/may-giat-kaff-kf-wm09g05-hinh-anh-thuc-te-2-100x100.jpg 100w, https:\/\/livinghome.vn\/thiet-bi\/wp-content\/uploads\/nha-bep\/kaff\/may-giat\/may-giat-kaff-kf-wm09g05\/may-giat-kaff-kf-wm09g05-hinh-anh-thuc-te-2-600x600.jpg 600w, https:\/\/livinghome.vn\/thiet-bi\/wp-content\/uploads\/nha-bep\/kaff\/may-giat\/may-giat-kaff-kf-wm09g05\/may-giat-kaff-kf-wm09g05-hinh-anh-thuc-te-2-400x400.jpg 400w, https:\/\/livinghome.vn\/thiet-bi\/wp-content\/uploads\/nha-bep\/kaff\/may-giat\/may-giat-kaff-kf-wm09g05\/may-giat-kaff-kf-wm09g05-hinh-anh-thuc-te-2-800x800.jpg 800w, https:\/\/livinghome.vn\/thiet-bi\/wp-content\/uploads\/nha-bep\/kaff\/may-giat\/may-giat-kaff-kf-wm09g05\/may-giat-kaff-kf-wm09g05-hinh-anh-thuc-te-2-280x280.jpg 280w, https:\/\/livinghome.vn\/thiet-bi\/wp-content\/uploads\/nha-bep\/kaff\/may-giat\/may-giat-kaff-kf-wm09g05\/may-giat-kaff-kf-wm09g05-hinh-anh-thuc-te-2-768x768.jpg 768w\" sizes=\"auto, (max-width: 900px) 100vw, 900px\" \/><figcaption id=\"caption-attachment-11785\" class=\"wp-caption-text\">M\u00e1y gi\u1eb7t Kaff KF-WM09G05<\/figcaption><\/figure>\n","protected":false},"excerpt":{"rendered":"<p>16 ch\u01b0\u01a1ng tr\u00ecnh gi\u1eb7t s\u1ea5y t\u1ef1 \u0111\u1ed9ng t\u00edch h\u1ee3p (Intensive, Quick 15\u2032, Rapid 45\u2032, ECO 40-60, Wool, 60\u2032 Wash, Sterilization, Spin Only, Cotton, Synthetic, Mix, 20\u00b0C, Delicate, Sport Wear, My Cycle, Rinse &amp; Spin)<\/p>\n","protected":false},"featured_media":11784,"comment_status":"open","ping_status":"closed","template":"","meta":[],"product_brand":[],"product_cat":[213,164],"product_tag":[167,209,212,214],"class_list":{"0":"post-1043","1":"product","2":"type-product","3":"status-publish","4":"has-post-thumbnail","6":"product_cat-may-giat","7":"product_cat-thuong-hieu-kaff","8":"product_tag-kaff","9":"product_tag-may-giat","10":"product_tag-may-giat-cua-truoc","11":"product_tag-may-giat-kaff","13":"first","14":"instock","15":"sale","16":"shipping-taxable","17":"purchasable","18":"product-type-simple"},"_links":{"self":[{"href":"https:\/\/livinghome.vn\/thiet-bi\/wp-json\/wp\/v2\/product\/1043","targetHints":{"allow":["GET"]}}],"collection":[{"href":"https:\/\/livinghome.vn\/thiet-bi\/wp-json\/wp\/v2\/product"}],"about":[{"href":"https:\/\/livinghome.vn\/thiet-bi\/wp-json\/wp\/v2\/types\/product"}],"replies":[{"embeddable":true,"href":"https:\/\/livinghome.vn\/thiet-bi\/wp-json\/wp\/v2\/comments?post=1043"}],"wp:featuredmedia":[{"embeddable":true,"href":"https:\/\/livinghome.vn\/thiet-bi\/wp-json\/wp\/v2\/media\/11784"}],"wp:attachment":[{"href":"https:\/\/livinghome.vn\/thiet-bi\/wp-json\/wp\/v2\/media?parent=1043"}],"wp:term":[{"taxonomy":"product_brand","embeddable":true,"href":"https:\/\/livinghome.vn\/thiet-bi\/wp-json\/wp\/v2\/product_brand?post=1043"},{"taxonomy":"product_cat","embeddable":true,"href":"https:\/\/livinghome.vn\/thiet-bi\/wp-json\/wp\/v2\/product_cat?post=1043"},{"taxonomy":"product_tag","embeddable":true,"href":"https:\/\/livinghome.vn\/thiet-bi\/wp-json\/wp\/v2\/product_tag?post=1043"}],"curies":[{"name":"wp","href":"https:\/\/api.w.org\/{rel}","templated":true}]}}