{"id":1029,"date":"2023-01-12T11:31:07","date_gmt":"2023-01-12T11:31:07","guid":{"rendered":"https:\/\/livinghome.vn\/thiet-bi\/?post_type=product&#038;p=1029"},"modified":"2024-11-29T14:20:48","modified_gmt":"2024-11-29T07:20:48","slug":"bep-dien-tu-kaff-kf-890plus","status":"publish","type":"product","link":"https:\/\/livinghome.vn\/thiet-bi\/bep-dien-tu-kaff-kf-890plus\/","title":{"rendered":"B\u1ebfp \u0111i\u1ec7n t\u1eeb Kaff KF-890PLUS &#8211; Made in Malaysia"},"content":{"rendered":"<h2>B\u1ebfp \u0111i\u1ec7n t\u1eeb Kaff KF-890PLUS 02 l\u00f2 n\u1ea5u thi\u1ebft k\u1ebf m\u1eb7t k\u00ednh VITRO Ceramic si\u00eau b\u1ec1n cao c\u1ea5p<\/h2>\n<figure id=\"attachment_55849\" aria-describedby=\"caption-attachment-55849\" style=\"width: 800px\" class=\"wp-caption alignnone\"><img loading=\"lazy\" decoding=\"async\" class=\"size-large wp-image-55849\" src=\"https:\/\/livinghome.vn\/thiet-bi\/wp-content\/uploads\/nha-bep\/kaff\/bep-dien-tu\/bep-dien-tu-kaff-kf-890plus\/bep-dien-tu-kaff-kf-890plus-800x800.jpg\" alt=\"B\u1ebfp \u0111i\u1ec7n t\u1eeb Kaff KF-890PLUS\" width=\"800\" height=\"800\" title=\"\"><figcaption id=\"caption-attachment-55849\" class=\"wp-caption-text\">B\u1ebfp \u0111i\u1ec7n t\u1eeb Kaff KF-890PLUS<\/figcaption><\/figure>\n<p>TH\u00d4NG S\u1ed0 K\u1ef8 THU\u1eacT<\/p>\n<ul>\n<li><a href=\"https:\/\/livinghome.vn\/thiet-bi\/bep-dien-tu-ket-hop\/\">B\u1ebfp 02 t\u1eeb<\/a> \u2013 Xu\u1ea5t X\u1ee9: Malaysia<\/li>\n<li>M\u1eb7t k\u00ednh VITRO Ceramic si\u00eau b\u1ec1n, ch\u1ecbu l\u1ef1c ch\u1ecbu s\u1ed1c nhi\u1ec7t<\/li>\n<li>10 d\u1ea3i c\u00f4ng su\u1ea5t<\/li>\n<li>\u0110i\u1ec1u khi\u1ec3n c\u1ea3m \u1ee9ng \u0111\u1ed9c l\u1eadp d\u1ea1ng \u1ea9n tr\u1ef1c ti\u1ebfp tr\u00ean m\u1eb7t b\u1ebfp<\/li>\n<li>Bo m\u1ea1ch IGBT Siemen<\/li>\n<li>Ch\u1ebf \u0111\u1ed9 h\u1eb9n gi\u1edd, kh\u00f3a tr\u1ebb em th\u00f4ng minh, ti\u1ec7n d\u1ee5ng<\/li>\n<li>Ch\u1ee9c n\u0103ng t\u1ef1 nh\u1eadn di\u1ec7n v\u00f9ng n\u1ea5u<\/li>\n<li>Ch\u1ee9c n\u0103ng Inverter, chia c\u00f4ng su\u1ea5t ti\u1ebft ki\u1ec7m \u0111i\u1ec7n n\u0103ng, b\u1ea3o v\u1ec7 b\u1ebfp<\/li>\n<li>C\u1ea3m \u1ee9ng qu\u00e1 nhi\u1ec7t<\/li>\n<li>Ch\u1ee9c n\u0103ng h\u00e2m<\/li>\n<li>Ch\u1ee9c n\u0103ng t\u1ea1m d\u1eebng<\/li>\n<li>Ch\u1ee9c n\u0103ng ch\u1ed1ng tr\u00e0n<\/li>\n<li>Ch\u1ee9c n\u0103ng n\u1ea5u c\u01a1m<\/li>\n<li>Ch\u1ee9c n\u0103ng chi\u00ean x\u00e0o<\/li>\n<li>C\u00f4ng su\u1ea5t b\u1ebfp 1800W(Booster 3200W)x1800W(Booster 3200W)<\/li>\n<li>K\u00edch th\u01b0\u1edbc m\u1eb7t k\u00ednh: 730x430mm<\/li>\n<li>K\u00edch th\u01b0\u1edbc kho\u00e9t \u0111\u00e1: 690x390mm<\/li>\n<\/ul>\n","protected":false},"excerpt":{"rendered":"<p>B\u1ebfp \u0111i\u1ec7n t\u1eeb Kaff KF-890PLUS 02 l\u00f2 n\u1ea5u thi\u1ebft k\u1ebf m\u1eb7t k\u00ednh VITRO Ceramic si\u00eau b\u1ec1n cao c\u1ea5p TH\u00d4NG S\u1ed0 K\u1ef8 THU\u1eacT B\u1ebfp 02 t\u1eeb \u2013 Xu\u1ea5t X\u1ee9: Malaysia M\u1eb7t k\u00ednh VITRO Ceramic si\u00eau b\u1ec1n, ch\u1ecbu l\u1ef1c ch\u1ecbu s\u1ed1c nhi\u1ec7t 10 d\u1ea3i c\u00f4ng su\u1ea5t \u0110i\u1ec1u khi\u1ec3n c\u1ea3m \u1ee9ng \u0111\u1ed9c l\u1eadp d\u1ea1ng \u1ea9n tr\u1ef1c ti\u1ebfp tr\u00ean [&#8230;]\n","protected":false},"featured_media":1084,"comment_status":"open","ping_status":"closed","template":"","meta":[],"product_brand":[],"product_cat":[745,794,718,813,796,799,716,80,810,807,795,164],"product_tag":[81,113,166,167],"class_list":{"0":"post-1029","1":"product","2":"type-product","3":"status-publish","4":"has-post-thumbnail","6":"product_cat-bep-dien-tu","7":"product_cat-bep-2-tu","8":"product_cat-bep-dien-hong-ngoai-kaff","9":"product_cat-bep-dien-tu-chung-cu","10":"product_cat-bep-dien-tu-doi","11":"product_cat-bep-dien-tu-hinh-chu-nhat","12":"product_cat-bep-dien-tu-kaff","13":"product_cat-bep-dien-tu-ket-hop","14":"product_cat-bep-dien-tu-malaysia","15":"product_cat-bep-dien-tu-tiet-kiem-dien","16":"product_cat-bep-tu-doi","17":"product_cat-thuong-hieu-kaff","18":"product_tag-bep-dien-tu","19":"product_tag-bep-dien-tu-2-vung-nau","20":"product_tag-bep-dien-tu-kaff","21":"product_tag-kaff","23":"first","24":"instock","25":"sale","26":"shipping-taxable","27":"purchasable","28":"product-type-simple"},"_links":{"self":[{"href":"https:\/\/livinghome.vn\/thiet-bi\/wp-json\/wp\/v2\/product\/1029","targetHints":{"allow":["GET"]}}],"collection":[{"href":"https:\/\/livinghome.vn\/thiet-bi\/wp-json\/wp\/v2\/product"}],"about":[{"href":"https:\/\/livinghome.vn\/thiet-bi\/wp-json\/wp\/v2\/types\/product"}],"replies":[{"embeddable":true,"href":"https:\/\/livinghome.vn\/thiet-bi\/wp-json\/wp\/v2\/comments?post=1029"}],"wp:featuredmedia":[{"embeddable":true,"href":"https:\/\/livinghome.vn\/thiet-bi\/wp-json\/wp\/v2\/media\/1084"}],"wp:attachment":[{"href":"https:\/\/livinghome.vn\/thiet-bi\/wp-json\/wp\/v2\/media?parent=1029"}],"wp:term":[{"taxonomy":"product_brand","embeddable":true,"href":"https:\/\/livinghome.vn\/thiet-bi\/wp-json\/wp\/v2\/product_brand?post=1029"},{"taxonomy":"product_cat","embeddable":true,"href":"https:\/\/livinghome.vn\/thiet-bi\/wp-json\/wp\/v2\/product_cat?post=1029"},{"taxonomy":"product_tag","embeddable":true,"href":"https:\/\/livinghome.vn\/thiet-bi\/wp-json\/wp\/v2\/product_tag?post=1029"}],"curies":[{"name":"wp","href":"https:\/\/api.w.org\/{rel}","templated":true}]}}