{"id":1027,"date":"2023-01-12T11:31:07","date_gmt":"2023-01-12T11:31:07","guid":{"rendered":"https:\/\/livinghome.vn\/thiet-bi\/?post_type=product&#038;p=1027"},"modified":"2024-11-29T14:20:48","modified_gmt":"2024-11-29T07:20:48","slug":"bep-tu-kaff-kf-116ii","status":"publish","type":"product","link":"https:\/\/livinghome.vn\/thiet-bi\/bep-tu-kaff-kf-116ii\/","title":{"rendered":"B\u1ebfp t\u1eeb Kaff KF-116II 02 v\u00f9ng n\u1ea5u thi\u1ebft k\u1ebf m\u1eb7t k\u00ednh Crystal si\u00eau b\u1ec1n cao c\u1ea5p"},"content":{"rendered":"<h2>B\u1ebfp t\u1eeb Kaff KF-116II 10 d\u00e3i c\u00f4ng su\u1ea5t v\u1edbi m\u1ee9c ch\u1ecbu l\u1ef1c ch\u1ecbu s\u1ed1c nhi\u1ec7t c\u1ef1c t\u1ed1t<\/h2>\n<figure id=\"attachment_54449\" aria-describedby=\"caption-attachment-54449\" style=\"width: 800px\" class=\"wp-caption alignnone\"><img loading=\"lazy\" decoding=\"async\" class=\"size-large wp-image-54449\" src=\"https:\/\/livinghome.vn\/thiet-bi\/wp-content\/uploads\/nha-bep\/kaff\/bep-tu\/bep-tu-kaff-kf-116ii\/bep-tu-kaff-kf-116ii-800x800.jpg\" alt=\"B\u1ebfp t\u1eeb Kaff KF-116II\" width=\"800\" height=\"800\" title=\"\"><figcaption id=\"caption-attachment-54449\" class=\"wp-caption-text\">B\u1ebfp t\u1eeb Kaff KF-116II<\/figcaption><\/figure>\n<p>TH\u00d4NG S\u1ed0 K\u1ef8 THU\u1eacT<\/p>\n<ul>\n<li><a href=\"https:\/\/livinghome.vn\/thiet-bi\/bep-tu\/\">B\u1ebfp 02 t\u1eeb<\/a><\/li>\n<li>M\u1eb7t k\u00ednh crystal si\u00eau b\u1ec1n, ch\u1ecbu l\u1ef1c ch\u1ecbu s\u1ed1c nhi\u1ec7t<\/li>\n<li>10 d\u1ea3i c\u00f4ng su\u1ea5t<\/li>\n<li>\u0110i\u1ec1u khi\u1ec3n c\u1ea3m \u1ee9ng \u0111\u1ed9c l\u1eadp d\u1ea1ng \u1ea9n tr\u1ef1c ti\u1ebfp tr\u00ean m\u1eb7t b\u1ebfp<\/li>\n<li>Bo m\u1ea1ch IGBT Siemen<\/li>\n<li>Ch\u1ebf \u0111\u1ed9 h\u1eb9n gi\u1edd, kh\u00f3a tr\u1ebb em th\u00f4ng minh, ti\u1ec7n d\u1ee5ng<\/li>\n<li>Ch\u1ebf \u0111\u1ed9 t\u1ef1 nh\u1eadn di\u1ec7n v\u00f9ng n\u1ea5u nhi\u1ec7t ti\u1ec7n d\u1ee5ng v\u1edbi c\u00e1c lo\u1ea1i n\u1ed3i l\u1edbn nh\u1ecf<\/li>\n<li>Ch\u1ee9c n\u0103ng Inverter, chia c\u00f4ng su\u1ea5t ti\u1ebft ki\u1ec7m \u0111i\u1ec7n n\u0103ng, b\u1ea3o v\u1ec7 b\u1ebfp<\/li>\n<li>C\u1ea3m \u1ee9ng qu\u00e1 nhi\u1ec7t<\/li>\n<li>Ch\u1ee9c n\u0103ng chi\u00ean x\u00e0o<\/li>\n<li>Ch\u1ee9c n\u0103ng h\u00e2m<\/li>\n<li>Ch\u1ee9c n\u0103ng t\u1ea1m d\u1eebng<\/li>\n<li>Ch\u1ee9c n\u0103ng ch\u1ed1ng tr\u00e0n<\/li>\n<li>C\u00f4ng su\u1ea5t b\u1ebfp 2000Wx2000W<\/li>\n<li>K\u00edch th\u01b0\u1edbc m\u1eb7t k\u00ednh: 720x430mm<\/li>\n<li>K\u00edch th\u01b0\u1edbc kho\u00e9t \u0111\u00e1: 680x390mm<\/li>\n<\/ul>\n","protected":false},"excerpt":{"rendered":"<p>B\u1ebfp t\u1eeb Kaff KF-116II 10 d\u00e3i c\u00f4ng su\u1ea5t v\u1edbi m\u1ee9c ch\u1ecbu l\u1ef1c ch\u1ecbu s\u1ed1c nhi\u1ec7t c\u1ef1c t\u1ed1t TH\u00d4NG S\u1ed0 K\u1ef8 THU\u1eacT B\u1ebfp 02 t\u1eeb M\u1eb7t k\u00ednh crystal si\u00eau b\u1ec1n, ch\u1ecbu l\u1ef1c ch\u1ecbu s\u1ed1c nhi\u1ec7t 10 d\u1ea3i c\u00f4ng su\u1ea5t \u0110i\u1ec1u khi\u1ec3n c\u1ea3m \u1ee9ng \u0111\u1ed9c l\u1eadp d\u1ea1ng \u1ea9n tr\u1ef1c ti\u1ebfp tr\u00ean m\u1eb7t b\u1ebfp Bo m\u1ea1ch IGBT Siemen [&#8230;]\n","protected":false},"featured_media":1083,"comment_status":"open","ping_status":"closed","template":"","meta":[],"product_brand":[],"product_cat":[745,794,796,799,810,816,75,795,717,164],"product_tag":[76,168,170,167],"class_list":{"0":"post-1027","1":"product","2":"type-product","3":"status-publish","4":"has-post-thumbnail","6":"product_cat-bep-dien-tu","7":"product_cat-bep-2-tu","8":"product_cat-bep-dien-tu-doi","9":"product_cat-bep-dien-tu-hinh-chu-nhat","10":"product_cat-bep-dien-tu-malaysia","11":"product_cat-bep-dien-tu-thoi-trang","12":"product_cat-bep-tu","13":"product_cat-bep-tu-doi","14":"product_cat-bep-tu-kaff","15":"product_cat-thuong-hieu-kaff","16":"product_tag-bep-tu","17":"product_tag-bep-tu-am","18":"product_tag-bep-tu-kaff","19":"product_tag-kaff","21":"first","22":"instock","23":"sale","24":"shipping-taxable","25":"purchasable","26":"product-type-simple"},"_links":{"self":[{"href":"https:\/\/livinghome.vn\/thiet-bi\/wp-json\/wp\/v2\/product\/1027","targetHints":{"allow":["GET"]}}],"collection":[{"href":"https:\/\/livinghome.vn\/thiet-bi\/wp-json\/wp\/v2\/product"}],"about":[{"href":"https:\/\/livinghome.vn\/thiet-bi\/wp-json\/wp\/v2\/types\/product"}],"replies":[{"embeddable":true,"href":"https:\/\/livinghome.vn\/thiet-bi\/wp-json\/wp\/v2\/comments?post=1027"}],"wp:featuredmedia":[{"embeddable":true,"href":"https:\/\/livinghome.vn\/thiet-bi\/wp-json\/wp\/v2\/media\/1083"}],"wp:attachment":[{"href":"https:\/\/livinghome.vn\/thiet-bi\/wp-json\/wp\/v2\/media?parent=1027"}],"wp:term":[{"taxonomy":"product_brand","embeddable":true,"href":"https:\/\/livinghome.vn\/thiet-bi\/wp-json\/wp\/v2\/product_brand?post=1027"},{"taxonomy":"product_cat","embeddable":true,"href":"https:\/\/livinghome.vn\/thiet-bi\/wp-json\/wp\/v2\/product_cat?post=1027"},{"taxonomy":"product_tag","embeddable":true,"href":"https:\/\/livinghome.vn\/thiet-bi\/wp-json\/wp\/v2\/product_tag?post=1027"}],"curies":[{"name":"wp","href":"https:\/\/api.w.org\/{rel}","templated":true}]}}