{"id":1026,"date":"2023-01-12T11:31:06","date_gmt":"2023-01-12T11:31:06","guid":{"rendered":"https:\/\/livinghome.vn\/thiet-bi\/?post_type=product&#038;p=1026"},"modified":"2024-11-29T14:20:48","modified_gmt":"2024-11-29T07:20:48","slug":"bep-dien-tu-kaff-kf-737ih","status":"publish","type":"product","link":"https:\/\/livinghome.vn\/thiet-bi\/bep-dien-tu-kaff-kf-737ih\/","title":{"rendered":"B\u1ebfp \u0111i\u1ec7n t\u1eeb Kaff KF-737IH &#8211; Made in Malaysia"},"content":{"rendered":"<h2>B\u1ebfp \u0111i\u1ec7n t\u1eeb Kaff KF-737IH 02 v\u00f9ng n\u1ea5u v\u1edbi 10 d\u00e3i c\u00f4ng su\u1ea5t th\u00f4ng minh hi\u1ec7n \u0111\u1ea1i<\/h2>\n<figure id=\"attachment_54435\" aria-describedby=\"caption-attachment-54435\" style=\"width: 800px\" class=\"wp-caption alignnone\"><img loading=\"lazy\" decoding=\"async\" class=\"size-large wp-image-54435\" src=\"https:\/\/livinghome.vn\/thiet-bi\/wp-content\/uploads\/nha-bep\/kaff\/bep-dien-tu\/bep-dien-tu-kaff-kf-737ih\/bep-dien-tu-kaff-kf-737ih-800x800.jpg\" alt=\"B\u1ebfp \u0111i\u1ec7n t\u1eeb Kaff KF-737IH\" width=\"800\" height=\"800\" title=\"\"><figcaption id=\"caption-attachment-54435\" class=\"wp-caption-text\">B\u1ebfp \u0111i\u1ec7n t\u1eeb Kaff KF-737IH<\/figcaption><\/figure>\n<p>TH\u00d4NG S\u1ed0 K\u1ef8 THU\u1eacT<\/p>\n<ul>\n<li><a href=\"https:\/\/livinghome.vn\/thiet-bi\/bep-dien-tu-ket-hop\/\">B\u1ebfp \u0111i\u1ec7n t<\/a>\u1eeb k\u1ebft h\u1ee3p: 01 \u0111i\u1ec7n + 01 t\u1eeb \u2013 Xu\u1ea5t X\u1ee9: Malaysia<\/li>\n<li>M\u1eb7t k\u00ednh crystal si\u00eau b\u1ec1n, ch\u1ecbu l\u1ef1c ch\u1ecbu s\u1ed1c nhi\u1ec7t<\/li>\n<li>10 d\u00e3i c\u00f4ng su\u1ea5t<\/li>\n<li>\u0110i\u1ec1u khi\u1ec3n c\u1ea3m \u1ee9ng d\u1ea1ng \u1ea9n tr\u1ef1c ti\u1ebfp tr\u00ean m\u1eb7t b\u1ebfp<\/li>\n<li>Ch\u1ebf \u0111\u1ed9 h\u1eb9n gi\u1edd, kh\u00f3a tr\u1ebb em th\u00f4ng minh, ti\u1ec7n d\u1ee5ng<\/li>\n<li>Ch\u1ebf \u0111\u1ed9 02 v\u00f2ng nhi\u1ec7t ti\u1ec7n d\u1ee5ng v\u1edbi c\u00e1c lo\u1ea1i n\u1ed3i l\u1edbn nh\u1ecf<\/li>\n<li>Ch\u1ee9c n\u0103ng Inverter, chia c\u00f4ng su\u1ea5t ti\u1ebft ki\u1ec7m \u0111i\u1ec7n n\u0103ng, b\u1ea3o v\u1ec7 b\u1ebfp<\/li>\n<li>C\u1ea3m \u1ee9ng qu\u00e1 nhi\u1ec7t<\/li>\n<li>Ch\u1ee9c n\u0103ng n\u01b0\u1edbng v\u1edbi b\u1ebfp \u0111i\u1ec7n<\/li>\n<li>Ch\u1ee9c n\u0103ng h\u00e2m<\/li>\n<li>Ch\u1ee9c n\u0103ng t\u1ea1m d\u1eebng<\/li>\n<li>Ch\u1ee9c n\u0103ng ch\u1ed1ng tr\u00e0n<\/li>\n<li>C\u00f4ng su\u1ea5t b\u1ebfp 00W<\/li>\n<li>K\u00edch th\u01b0\u1edbc m\u1eb7t k\u00ednh: 730x430mm<\/li>\n<li>K\u00edch th\u01b0\u1edbc kho\u00e9t \u0111\u00e1: 690x390mm<\/li>\n<\/ul>\n","protected":false},"excerpt":{"rendered":"<p>B\u1ebfp \u0111i\u1ec7n t\u1eeb Kaff KF-737IH 02 v\u00f9ng n\u1ea5u v\u1edbi 10 d\u00e3i c\u00f4ng su\u1ea5t th\u00f4ng minh hi\u1ec7n \u0111\u1ea1i TH\u00d4NG S\u1ed0 K\u1ef8 THU\u1eacT B\u1ebfp \u0111i\u1ec7n t\u1eeb k\u1ebft h\u1ee3p: 01 \u0111i\u1ec7n + 01 t\u1eeb \u2013 Xu\u1ea5t X\u1ee9: Malaysia M\u1eb7t k\u00ednh crystal si\u00eau b\u1ec1n, ch\u1ecbu l\u1ef1c ch\u1ecbu s\u1ed1c nhi\u1ec7t 10 d\u00e3i c\u00f4ng su\u1ea5t \u0110i\u1ec1u khi\u1ec3n c\u1ea3m \u1ee9ng d\u1ea1ng \u1ea9n [&#8230;]\n","protected":false},"featured_media":1082,"comment_status":"open","ping_status":"closed","template":"","meta":[],"product_brand":[],"product_cat":[745,793,813,796,799,716,80,801,810,164],"product_tag":[118,120,172,81,115,166,742,167],"class_list":{"0":"post-1026","1":"product","2":"type-product","3":"status-publish","4":"has-post-thumbnail","6":"product_cat-bep-dien-tu","7":"product_cat-bep-1-dien-1-tu","8":"product_cat-bep-dien-tu-chung-cu","9":"product_cat-bep-dien-tu-doi","10":"product_cat-bep-dien-tu-hinh-chu-nhat","11":"product_cat-bep-dien-tu-kaff","12":"product_cat-bep-dien-tu-ket-hop","13":"product_cat-bep-dien-tu-khong-ken-noi","14":"product_cat-bep-dien-tu-malaysia","15":"product_cat-thuong-hieu-kaff","16":"product_tag-bep-dien","17":"product_tag-bep-dien-am","18":"product_tag-bep-dien-kaff","19":"product_tag-bep-dien-tu","20":"product_tag-bep-dien-tu-am","21":"product_tag-bep-dien-tu-kaff","22":"product_tag-bep-hong-ngoai-kaff","23":"product_tag-kaff","25":"first","26":"instock","27":"sale","28":"shipping-taxable","29":"purchasable","30":"product-type-simple"},"_links":{"self":[{"href":"https:\/\/livinghome.vn\/thiet-bi\/wp-json\/wp\/v2\/product\/1026","targetHints":{"allow":["GET"]}}],"collection":[{"href":"https:\/\/livinghome.vn\/thiet-bi\/wp-json\/wp\/v2\/product"}],"about":[{"href":"https:\/\/livinghome.vn\/thiet-bi\/wp-json\/wp\/v2\/types\/product"}],"replies":[{"embeddable":true,"href":"https:\/\/livinghome.vn\/thiet-bi\/wp-json\/wp\/v2\/comments?post=1026"}],"wp:featuredmedia":[{"embeddable":true,"href":"https:\/\/livinghome.vn\/thiet-bi\/wp-json\/wp\/v2\/media\/1082"}],"wp:attachment":[{"href":"https:\/\/livinghome.vn\/thiet-bi\/wp-json\/wp\/v2\/media?parent=1026"}],"wp:term":[{"taxonomy":"product_brand","embeddable":true,"href":"https:\/\/livinghome.vn\/thiet-bi\/wp-json\/wp\/v2\/product_brand?post=1026"},{"taxonomy":"product_cat","embeddable":true,"href":"https:\/\/livinghome.vn\/thiet-bi\/wp-json\/wp\/v2\/product_cat?post=1026"},{"taxonomy":"product_tag","embeddable":true,"href":"https:\/\/livinghome.vn\/thiet-bi\/wp-json\/wp\/v2\/product_tag?post=1026"}],"curies":[{"name":"wp","href":"https:\/\/api.w.org\/{rel}","templated":true}]}}