{"id":1009,"date":"2023-01-12T11:30:42","date_gmt":"2023-01-12T11:30:42","guid":{"rendered":"https:\/\/livinghome.vn\/thiet-bi\/?post_type=product&#038;p=1009"},"modified":"2024-11-29T14:20:48","modified_gmt":"2024-11-29T07:20:48","slug":"may-hut-mui-kaff-kf-lux-at70h-wh","status":"publish","type":"product","link":"https:\/\/livinghome.vn\/thiet-bi\/may-hut-mui-kaff-kf-lux-at70h-wh\/","title":{"rendered":"M\u00e1y h\u00fat m\u00f9i Kaff KF-LUX-AT70H-WH thi\u1ebft k\u1ebf m\u1eb7t k\u00ednh v\u00e1t cong d\u1ea1ng ph\u1eb3ng Tivi cao c\u1ea5p"},"content":{"rendered":"<h2>M\u00e1y h\u00fat m\u00f9i Kaff KF-LUX-AT70H-WH thi\u1ebft k\u1ebf m\u1eb7t k\u00ednh c\u01b0\u1eddng l\u1ef1c m\u00e0u tr\u1eafng sang tr\u1ecdng si\u00eau b\u1ec1n<\/h2>\n<figure id=\"attachment_54164\" aria-describedby=\"caption-attachment-54164\" style=\"width: 800px\" class=\"wp-caption alignnone\"><img loading=\"lazy\" decoding=\"async\" class=\"size-large wp-image-54164\" src=\"https:\/\/livinghome.vn\/thiet-bi\/wp-content\/uploads\/nha-bep\/kaff\/may-hut-mui\/may-hut-mui-ap-tuong\/may-hut-mui-ap-tuong-kaff-kf-lux-at70h-wh\/may-hut-mui-ap-tuong-kaff-kf-lux-at70h-wh-800x800.jpg\" alt=\"M\u00e1y h\u00fat m\u00f9i Kaff KF-LUX-AT70H-WH\" width=\"800\" height=\"800\" title=\"\"><figcaption id=\"caption-attachment-54164\" class=\"wp-caption-text\">M\u00e1y h\u00fat m\u00f9i Kaff KF-LUX-AT70H-WH<\/figcaption><\/figure>\n<p><a href=\"https:\/\/livinghome.vn\/thiet-bi\/may-hut-mui\/\">M\u00e1y h\u00fat m\u00f9i t\u1ef1 \u0111\u1ed9ng<\/a> k\u00ednh v\u00e1t cong d\u1ea1ng Tivi KF- LUX AT70H\/AT90H<br \/>\nTh\u00f4ng s\u1ed1 k\u1ef9 thu\u1eadt:<\/p>\n<ul>\n<li>Th\u00e2n b\u1eb1ng s\u01a1n t\u0129nh \u0111i\u1ec7n<\/li>\n<li>K\u00ednh c\u01b0\u1eddng l\u1ef1c m\u00e0u tr\u1eafng sang tr\u1ecdng d\u00e0y 6mm tr\u00e1ng men b\u00f3ng cao c\u1ea5p \u2013 K\u00ednh v\u00e1t cong<\/li>\n<li>Ch\u1ee9c n\u0103ng \u0111\u00f3ng m\u1edf Auto k\u00ednh tr\u01b0\u1edbc<\/li>\n<li>\u0110i\u1ec1u khi\u1ec3n c\u1ea3m \u1ee9ng 3 t\u1ed1c \u0111\u1ed9 + \u0111i\u1ec1u khi\u1ec3n t\u1eeb xa<\/li>\n<li>Ch\u1ee9c n\u0103ng c\u1ea3m \u1ee9ng kh\u00f3i, nhi\u1ec7t hi\u1ec7n \u0111\u1ea1i<\/li>\n<li>L\u01b0\u1edbi l\u1ecdc nh\u00f4m 5 l\u1edbp + than ho\u1ea1t t\u00ednh<\/li>\n<li>\u0110\u00e8n led d\u1ea1ng vu\u00f4ng 2x2W<\/li>\n<li>Motor 1x170W<\/li>\n<li>C\u00f4ng su\u1ea5t h\u00fat t\u1ed1i \u0111a 1000m3\/h<\/li>\n<li>\u0110\u1ed9 \u1ed3n maximum 48dB<\/li>\n<li>\u1ed0ng tho\u00e1t D150 + 2m \u1ed1ng m\u1ec1m k\u00e8m theo<\/li>\n<li>\u1ed0p \u1ed1ng kh\u00f3i inox 1x450x300<\/li>\n<li>K\u00edch th\u01b0\u1edbc: 530x440x700\/900mm<\/li>\n<\/ul>\n","protected":false},"excerpt":{"rendered":"<p>M\u00e1y h\u00fat m\u00f9i Kaff KF-LUX-AT70H-WH thi\u1ebft k\u1ebf m\u1eb7t k\u00ednh c\u01b0\u1eddng l\u1ef1c m\u00e0u tr\u1eafng sang tr\u1ecdng si\u00eau b\u1ec1n M\u00e1y h\u00fat m\u00f9i t\u1ef1 \u0111\u1ed9ng k\u00ednh v\u00e1t cong d\u1ea1ng Tivi KF- LUX AT70H\/AT90H Th\u00f4ng s\u1ed1 k\u1ef9 thu\u1eadt: Th\u00e2n b\u1eb1ng s\u01a1n t\u0129nh \u0111i\u1ec7n K\u00ednh c\u01b0\u1eddng l\u1ef1c m\u00e0u tr\u1eafng sang tr\u1ecdng d\u00e0y 6mm tr\u00e1ng men b\u00f3ng cao c\u1ea5p \u2013 K\u00ednh [&#8230;]\n","protected":false},"featured_media":1076,"comment_status":"open","ping_status":"closed","template":"","meta":[],"product_brand":[],"product_cat":[600,84,89,164],"product_tag":[167,86,91,178],"class_list":{"0":"post-1009","1":"product","2":"type-product","3":"status-publish","4":"has-post-thumbnail","6":"product_cat-may-hut-mui-kaff","7":"product_cat-may-hut-mui","8":"product_cat-may-hut-mui-gan-tuong","9":"product_cat-thuong-hieu-kaff","10":"product_tag-kaff","11":"product_tag-may-hut-mui","12":"product_tag-may-hut-mui-ap-tuong","13":"product_tag-may-hut-mui-kaff","15":"first","16":"instock","17":"sale","18":"shipping-taxable","19":"purchasable","20":"product-type-simple"},"_links":{"self":[{"href":"https:\/\/livinghome.vn\/thiet-bi\/wp-json\/wp\/v2\/product\/1009","targetHints":{"allow":["GET"]}}],"collection":[{"href":"https:\/\/livinghome.vn\/thiet-bi\/wp-json\/wp\/v2\/product"}],"about":[{"href":"https:\/\/livinghome.vn\/thiet-bi\/wp-json\/wp\/v2\/types\/product"}],"replies":[{"embeddable":true,"href":"https:\/\/livinghome.vn\/thiet-bi\/wp-json\/wp\/v2\/comments?post=1009"}],"wp:featuredmedia":[{"embeddable":true,"href":"https:\/\/livinghome.vn\/thiet-bi\/wp-json\/wp\/v2\/media\/1076"}],"wp:attachment":[{"href":"https:\/\/livinghome.vn\/thiet-bi\/wp-json\/wp\/v2\/media?parent=1009"}],"wp:term":[{"taxonomy":"product_brand","embeddable":true,"href":"https:\/\/livinghome.vn\/thiet-bi\/wp-json\/wp\/v2\/product_brand?post=1009"},{"taxonomy":"product_cat","embeddable":true,"href":"https:\/\/livinghome.vn\/thiet-bi\/wp-json\/wp\/v2\/product_cat?post=1009"},{"taxonomy":"product_tag","embeddable":true,"href":"https:\/\/livinghome.vn\/thiet-bi\/wp-json\/wp\/v2\/product_tag?post=1009"}],"curies":[{"name":"wp","href":"https:\/\/api.w.org\/{rel}","templated":true}]}}